{"id":2310,"date":"2025-06-25T17:32:52","date_gmt":"2025-06-25T17:32:52","guid":{"rendered":"https:\/\/www.gainmode.to\/product\/melanotan-ii-prime-10-mg\/"},"modified":"2025-06-25T17:32:52","modified_gmt":"2025-06-25T17:32:52","slug":"melanotan-ii-prime-10-mg","status":"publish","type":"product","link":"https:\/\/www.gainmode.to\/fr\/produit\/melanotan-ii-prime-10-mg\/","title":{"rendered":"Melanotan II prime 10 mg"},"content":{"rendered":"<h2 data-start=\"72\" data-end=\"106\"><strong data-start=\"75\" data-end=\"104\">Melanotan II prime pharma<\/strong><\/h2>\n<p data-start=\"107\" data-end=\"133\"><strong data-start=\"107\" data-end=\"133\">1 x 10 mg (hors eau)<\/strong><\/p>\n<hr data-start=\"135\" data-end=\"138\">\n<h3 data-start=\"140\" data-end=\"192\"><strong data-start=\"144\" data-end=\"192\">Comment fonctionne le melanotan II prime pharmaceuticals<\/strong><\/h3>\n<p data-start=\"194\" data-end=\"531\">Melanotan Prime Pharma est un peptide synth\u00e9tique utilis\u00e9 pour stimuler la production de <strong data-start=\"276\" data-end=\"287\">m\u00e9lanine<\/strong> dans le corps. La m\u00e9lanine est le pigment responsable de la couleur de la peau, des yeux et des cheveux. Melanotan II est particuli\u00e8rement connu pour sa capacit\u00e9 \u00e0 modifier le teint de la peau et \u00e0 favoriser le bronzage en affectant l&rsquo;hydratation et la graisse que votre corps retient.  <\/p>\n<hr data-start=\"533\" data-end=\"536\">\n<h3 data-start=\"538\" data-end=\"596\"><strong data-start=\"542\" data-end=\"596\">Effets secondaires du melanotan II prime pharmaceuticals<\/strong><\/h3>\n<ul data-start=\"598\" data-end=\"672\">\n<li data-start=\"598\" data-end=\"621\">\n<p data-start=\"600\" data-end=\"621\">Naus\u00e9es et vomissements<\/p>\n<\/li>\n<li data-start=\"622\" data-end=\"647\">\n<p data-start=\"624\" data-end=\"647\">Vertiges et fatigue<\/p>\n<\/li>\n<li data-start=\"648\" data-end=\"672\">\n<p data-start=\"650\" data-end=\"672\">Taches sombres sur la peau<\/p>\n<\/li>\n<\/ul>\n<hr data-start=\"674\" data-end=\"677\">\n<h3 data-start=\"679\" data-end=\"731\"><strong data-start=\"683\" data-end=\"731\">Posologie du melanotan II prime pharmaceuticals<\/strong><\/h3>\n<p data-start=\"733\" data-end=\"893\">La posologie de Melanotan Prime Pharma varie en fonction du poids corporel de l&rsquo;utilisateur. La dose recommand\u00e9e varie de <strong data-start=\"847\" data-end=\"892\">100 \u00e0 500 mcg par jour ou tous les deux jours<\/strong>. <\/p>\n","protected":false},"excerpt":{"rendered":"<p>Melanotan II prime pharma 1 x 10 mg (hors eau) Comment fonctionne le melanotan II prime pharmaceuticals Melanotan Prime Pharma est un peptide synth\u00e9tique utilis\u00e9 pour stimuler la production de m\u00e9lanine dans le corps. La m\u00e9lanine est le pigment responsable de la couleur de la peau, des yeux et des cheveux. Melanotan II est particuli\u00e8rement &#8230; <a title=\"Melanotan II prime 10 mg\" class=\"read-more\" href=\"https:\/\/www.gainmode.to\/fr\/produit\/melanotan-ii-prime-10-mg\/\" aria-label=\"En savoir plus sur Melanotan II prime 10 mg\">Lire la suite<\/a><\/p>\n","protected":false},"featured_media":427,"comment_status":"open","ping_status":"closed","template":"","meta":[],"product_brand":[80],"product_cat":[2533,1251],"product_tag":[2542,2546,2538,2536,2611,1262,2540,991,2547,2394,2609],"class_list":{"0":"post-2310","1":"product","2":"type-product","3":"status-publish","4":"has-post-thumbnail","6":"product_brand-prime-pharma","7":"product_cat-melanotan-ll-fr","8":"product_cat-peptides-fr","9":"product_tag-assombrissement-de-la-peau","10":"product_tag-bronzage-sans-soleil","11":"product_tag-melanotan-10-mg","12":"product_tag-melanotan-ii-fr","13":"product_tag-melanotan-ii-prime-fr","14":"product_tag-peptide-fr","15":"product_tag-peptide-de-bronzage","16":"product_tag-peptide-injectable","17":"product_tag-pigmentation-de-la-peau","18":"product_tag-prime-labs-fr","19":"product_tag-synthese-de-melanine","21":"first","22":"instock","23":"shipping-taxable","24":"purchasable","25":"product-type-simple"},"_links":{"self":[{"href":"https:\/\/www.gainmode.to\/fr\/wp-json\/wp\/v2\/product\/2310","targetHints":{"allow":["GET"]}}],"collection":[{"href":"https:\/\/www.gainmode.to\/fr\/wp-json\/wp\/v2\/product"}],"about":[{"href":"https:\/\/www.gainmode.to\/fr\/wp-json\/wp\/v2\/types\/product"}],"replies":[{"embeddable":true,"href":"https:\/\/www.gainmode.to\/fr\/wp-json\/wp\/v2\/comments?post=2310"}],"wp:featuredmedia":[{"embeddable":true,"href":"https:\/\/www.gainmode.to\/fr\/wp-json\/wp\/v2\/media\/427"}],"wp:attachment":[{"href":"https:\/\/www.gainmode.to\/fr\/wp-json\/wp\/v2\/media?parent=2310"}],"wp:term":[{"taxonomy":"product_brand","embeddable":true,"href":"https:\/\/www.gainmode.to\/fr\/wp-json\/wp\/v2\/product_brand?post=2310"},{"taxonomy":"product_cat","embeddable":true,"href":"https:\/\/www.gainmode.to\/fr\/wp-json\/wp\/v2\/product_cat?post=2310"},{"taxonomy":"product_tag","embeddable":true,"href":"https:\/\/www.gainmode.to\/fr\/wp-json\/wp\/v2\/product_tag?post=2310"}],"curies":[{"name":"wp","href":"https:\/\/api.w.org\/{rel}","templated":true}]}}