{"id":2320,"date":"2025-06-25T15:36:48","date_gmt":"2025-06-25T15:36:48","guid":{"rendered":"https:\/\/www.gainmode.to\/product\/dapoxetine-100-x-60-mg\/"},"modified":"2025-06-25T15:36:48","modified_gmt":"2025-06-25T15:36:48","slug":"dapoxetine-100-x-60-mg","status":"publish","type":"product","link":"https:\/\/www.gainmode.to\/fr\/produit\/dapoxetine-100-x-60-mg\/","title":{"rendered":"Dapox\u00e9tine 100 x 60 mg"},"content":{"rendered":"<h3 data-start=\"73\" data-end=\"107\">Dapox\u00e9tine 100 comprim\u00e9s de 60 mg<\/h3>\n<p data-start=\"109\" data-end=\"557\">La dapox\u00e9tine 60 est un traitement efficace contre l&rsquo;\u00e9jaculation pr\u00e9coce, adapt\u00e9 aux hommes de 18 ans et plus. Gr\u00e2ce \u00e0 l&rsquo;ingr\u00e9dient actif dapox\u00e9tine, les patients ont un meilleur contr\u00f4le sur la dur\u00e9e des rapports sexuels. Fabriqu\u00e9s par Zenit Pharmaceutical Industries Pvt. Ltd. dans des conditions cliniques, les m\u00e9dicaments g\u00e9n\u00e9riques \u00e0 base de dapox\u00e9tine sont produits selon des normes de qualit\u00e9 \u00e9lev\u00e9es afin de garantir leur s\u00e9curit\u00e9 et leur efficacit\u00e9, conform\u00e9ment \u00e0 toutes les r\u00e9glementations europ\u00e9ennes et de la FDA.   <\/p>\n<p data-start=\"559\" data-end=\"1066\">La dapox\u00e9tine appartient \u00e0 la classe des inhibiteurs s\u00e9lectifs de la recapture de la s\u00e9rotonine (ISRS). C&rsquo;est le seul m\u00e9dicament officiellement approuv\u00e9 pour le traitement de l&rsquo;\u00e9jaculation pr\u00e9coce. On pense que son m\u00e9canisme d&rsquo;action implique l&rsquo;inhibition de la recapture neuronale de la s\u00e9rotonine, am\u00e9liorant ainsi l&rsquo;activit\u00e9 des neurotransmetteurs. La dapox\u00e9tine g\u00e9n\u00e9rique supprime le r\u00e9flexe \u00e9jaculatoire en agissant au niveau supraspinal dans le noyau paragigantocellulaire lat\u00e9ral (LPGi). Ce m\u00e9dicament peut prolonger le d\u00e9lai entre l&rsquo;excitation sexuelle et l&rsquo;orgasme.    <\/p>\n<p data-start=\"1068\" data-end=\"1159\">Pour des informations plus d\u00e9taill\u00e9es sur le fonctionnement du m\u00e9dicament, veuillez consulter la section \u00ab Comment \u00e7a marche \u00bb.<\/p>\n<hr data-start=\"1161\" data-end=\"1164\">\n<h3 data-start=\"1166\" data-end=\"1178\">Avantages<\/h3>\n<p data-start=\"1180\" data-end=\"1468\">Le principal avantage des comprim\u00e9s de Dapox\u00e9tine 60 mg est la prolongation des rapports sexuels sans \u00e9jaculation pr\u00e9coce. Les essais cliniques ont montr\u00e9 que les rapports sexuels et le temps n\u00e9cessaire pour atteindre l&rsquo;orgasme ont tripl\u00e9 lorsque les patients utilisaient le m\u00e9dicament. Parall\u00e8lement, l&rsquo;\u00e9jaculation \u00e9tait mieux contr\u00f4l\u00e9e.  <\/p>\n<p data-start=\"1470\" data-end=\"1512\">Les avantages suppl\u00e9mentaires de la dapox\u00e9tine comprennent :<\/p>\n<ul data-start=\"1514\" data-end=\"1688\">\n<li data-start=\"1514\" data-end=\"1544\">\n<p data-start=\"1516\" data-end=\"1544\">Rapports sexuels prolong\u00e9s<\/p>\n<\/li>\n<li data-start=\"1545\" data-end=\"1584\">\n<p data-start=\"1547\" data-end=\"1584\">D\u00e9lai d&rsquo;action rapide (30 \u00e0 60 minutes)<\/p>\n<\/li>\n<li data-start=\"1585\" data-end=\"1635\">\n<p data-start=\"1587\" data-end=\"1635\">Longue fen\u00eatre de traitement efficace (jusqu&rsquo;\u00e0 12 heures)<\/p>\n<\/li>\n<li data-start=\"1636\" data-end=\"1688\">\n<p data-start=\"1638\" data-end=\"1688\">Prix inf\u00e9rieur \u00e0 celui de la marque originale Priligy<\/p>\n<\/li>\n<\/ul>\n<p data-start=\"1690\" data-end=\"1850\">Choisissez votre emballage pr\u00e9f\u00e9r\u00e9 et achetez des comprim\u00e9s g\u00e9n\u00e9riques de Dapox\u00e9tine 60 en ligne \u00e0 bas prix au meilleur prix aux Pays-Bas avec une r\u00e9duction, sans ordonnance.<\/p>\n<hr data-start=\"1852\" data-end=\"1855\">\n<h3 data-start=\"1857\" data-end=\"1873\">Effets secondaires<\/h3>\n<p data-start=\"1875\" data-end=\"2033\">Parall\u00e8lement aux effets souhait\u00e9s, la Dapox\u00e9tine 60 mg peut provoquer des effets secondaires ind\u00e9sirables. Tous les effets secondaires ne se produisent pas, mais certains peuvent n\u00e9cessiter des soins m\u00e9dicaux. <\/p>\n<p data-start=\"2035\" data-end=\"2074\">Les effets secondaires les plus fr\u00e9quemment signal\u00e9s sont les suivants :<\/p>\n<ul data-start=\"2076\" data-end=\"2167\">\n<li data-start=\"2076\" data-end=\"2086\">\n<p data-start=\"2078\" data-end=\"2086\">Maux de t\u00eate<\/p>\n<\/li>\n<li data-start=\"2087\" data-end=\"2097\">\n<p data-start=\"2089\" data-end=\"2097\">Rougeurs<\/p>\n<\/li>\n<li data-start=\"2098\" data-end=\"2106\">\n<p data-start=\"2100\" data-end=\"2106\">Naus\u00e9es<\/p>\n<\/li>\n<li data-start=\"2107\" data-end=\"2118\">\n<p data-start=\"2109\" data-end=\"2118\">Vertiges<\/p>\n<\/li>\n<li data-start=\"2119\" data-end=\"2129\">\n<p data-start=\"2121\" data-end=\"2129\">Diarrh\u00e9e<\/p>\n<\/li>\n<li data-start=\"2130\" data-end=\"2140\">\n<p data-start=\"2132\" data-end=\"2140\">Vomissements<\/p>\n<\/li>\n<li data-start=\"2141\" data-end=\"2167\">\n<p data-start=\"2143\" data-end=\"2167\">Augmentation de la pression art\u00e9rielle<\/p>\n<\/li>\n<\/ul>\n<p data-start=\"2169\" data-end=\"2249\">Pour une liste compl\u00e8te des effets secondaires, veuillez consulter la section \u00ab Effets secondaires \u00bb.<\/p>\n<hr data-start=\"2251\" data-end=\"2254\">\n<h3 data-start=\"2256\" data-end=\"2286\">Comment prendre le m\u00e9dicament<\/h3>\n<p data-start=\"2288\" data-end=\"2609\">Faites attention \u00e0 la dose quotidienne maximale de l&rsquo;ingr\u00e9dient actif : un comprim\u00e9 par jour. Il est recommand\u00e9 de prendre les comprim\u00e9s avec au moins un grand verre d&rsquo;eau. Prenez le m\u00e9dicament environ une demi-heure avant l&rsquo;activit\u00e9 sexuelle. Comme il ne s&rsquo;agit pas d&rsquo;un aphrodisiaque, une stimulation sexuelle est n\u00e9cessaire pour que les effets se produisent.   <\/p>\n<p data-start=\"2611\" data-end=\"2677\">Veuillez lire attentivement pour obtenir les meilleurs r\u00e9sultats de votre traitement :<\/p>\n<ul data-start=\"2679\" data-end=\"2865\">\n<li data-start=\"2679\" data-end=\"2720\">\n<p data-start=\"2681\" data-end=\"2720\">La dose initiale recommand\u00e9e est de 30 mg.<\/p>\n<\/li>\n<li data-start=\"2721\" data-end=\"2786\">\n<p data-start=\"2723\" data-end=\"2786\">Vous devez prendre le comprim\u00e9 1 \u00e0 3 heures avant l&rsquo;activit\u00e9 sexuelle.<\/p>\n<\/li>\n<li data-start=\"2787\" data-end=\"2865\">\n<p data-start=\"2789\" data-end=\"2865\">La dose recommand\u00e9e et s\u00fbre de Dapox\u00e9tine dans les 24 heures est de 60 mg (1 comprim\u00e9).<\/p>\n<\/li>\n<\/ul>\n<p data-start=\"2867\" data-end=\"3131\">La combinaison d&rsquo;alcool et de dapox\u00e9tine peut augmenter les effets secondaires neurocognitifs et peut aggraver les effets ind\u00e9sirables comme les \u00e9vanouissements (syncope). Par cons\u00e9quent, il est conseill\u00e9 aux patients d&rsquo;\u00e9viter l&rsquo;alcool pendant l&rsquo;utilisation de Dapox\u00e9tine 60 mg. Il existe un risque de surdosage ou d&rsquo;augmentation des effets secondaires.  <\/p>\n","protected":false},"excerpt":{"rendered":"<p>Dapox\u00e9tine 100 comprim\u00e9s de 60 mg La dapox\u00e9tine 60 est un traitement efficace contre l&rsquo;\u00e9jaculation pr\u00e9coce, adapt\u00e9 aux hommes de 18 ans et plus. Gr\u00e2ce \u00e0 l&rsquo;ingr\u00e9dient actif dapox\u00e9tine, les patients ont un meilleur contr\u00f4le sur la dur\u00e9e des rapports sexuels. Fabriqu\u00e9s par Zenit Pharmaceutical Industries Pvt. Ltd. dans des conditions cliniques, les m\u00e9dicaments g\u00e9n\u00e9riques &#8230; <a title=\"Dapox\u00e9tine 100 x 60 mg\" class=\"read-more\" href=\"https:\/\/www.gainmode.to\/fr\/produit\/dapoxetine-100-x-60-mg\/\" aria-label=\"En savoir plus sur Dapox\u00e9tine 100 x 60 mg\">Lire la suite<\/a><\/p>\n","protected":false},"featured_media":415,"comment_status":"open","ping_status":"closed","template":"","meta":[],"product_brand":[92],"product_cat":[1700,2148],"product_tag":[2622,1702,2690,2688,2682,2686,2695,2693,2694,2684,2619,2692],"class_list":{"0":"post-2320","1":"product","2":"type-product","3":"status-publish","4":"has-post-thumbnail","6":"product_brand-careclub","7":"product_cat-libido-fr","8":"product_cat-pharmacie","9":"product_tag-ajanta-pharma-fr","10":"product_tag-amelioration-masculine","11":"product_tag-bien-etre-sexuel","12":"product_tag-comprimes-de-dapoxetine","13":"product_tag-dapoxetine-fr","14":"product_tag-dapoxetine-60mg-fr","15":"product_tag-dapoxetine-generique","16":"product_tag-dapoxetine-pack-de-100","17":"product_tag-dapoxetine-pour-hommes","18":"product_tag-ejaculation-precoce","19":"product_tag-medicament-contre-la-dysfonction-erectile","20":"product_tag-traitement-a-la-demande","22":"first","23":"instock","24":"shipping-taxable","25":"purchasable","26":"product-type-simple"},"_links":{"self":[{"href":"https:\/\/www.gainmode.to\/fr\/wp-json\/wp\/v2\/product\/2320","targetHints":{"allow":["GET"]}}],"collection":[{"href":"https:\/\/www.gainmode.to\/fr\/wp-json\/wp\/v2\/product"}],"about":[{"href":"https:\/\/www.gainmode.to\/fr\/wp-json\/wp\/v2\/types\/product"}],"replies":[{"embeddable":true,"href":"https:\/\/www.gainmode.to\/fr\/wp-json\/wp\/v2\/comments?post=2320"}],"wp:featuredmedia":[{"embeddable":true,"href":"https:\/\/www.gainmode.to\/fr\/wp-json\/wp\/v2\/media\/415"}],"wp:attachment":[{"href":"https:\/\/www.gainmode.to\/fr\/wp-json\/wp\/v2\/media?parent=2320"}],"wp:term":[{"taxonomy":"product_brand","embeddable":true,"href":"https:\/\/www.gainmode.to\/fr\/wp-json\/wp\/v2\/product_brand?post=2320"},{"taxonomy":"product_cat","embeddable":true,"href":"https:\/\/www.gainmode.to\/fr\/wp-json\/wp\/v2\/product_cat?post=2320"},{"taxonomy":"product_tag","embeddable":true,"href":"https:\/\/www.gainmode.to\/fr\/wp-json\/wp\/v2\/product_tag?post=2320"}],"curies":[{"name":"wp","href":"https:\/\/api.w.org\/{rel}","templated":true}]}}