{"id":2321,"date":"2025-06-25T17:21:47","date_gmt":"2025-06-25T17:21:47","guid":{"rendered":"https:\/\/www.gainmode.to\/product\/kamagra-40-x-100-mg\/"},"modified":"2025-06-25T17:21:47","modified_gmt":"2025-06-25T17:21:47","slug":"kamagra-40-x-100-mg","status":"publish","type":"product","link":"https:\/\/www.gainmode.to\/fr\/produit\/kamagra-40-x-100-mg\/","title":{"rendered":"Kamagra 40 x 100 mg"},"content":{"rendered":"<h3 data-start=\"67\" data-end=\"109\">Kamagra 100 mg \u2013 10 plaquettes (40 comprim\u00e9s)<\/h3>\n<p data-start=\"111\" data-end=\"367\"><strong data-start=\"111\" data-end=\"122\">Kamagra<\/strong> est un m\u00e9dicament utilis\u00e9 pour traiter la dysfonction \u00e9rectile. L&rsquo;ingr\u00e9dient actif est le <strong data-start=\"200\" data-end=\"222\">citrate de sild\u00e9nafil<\/strong>, le m\u00eame que dans le Viagra. Le sild\u00e9nafil aide \u00e0 \u00e9largir les vaisseaux sanguins du p\u00e9nis, am\u00e9liorant ainsi le flux sanguin et facilitant l&rsquo;obtention d&rsquo;une \u00e9rection.  <\/p>\n<hr data-start=\"369\" data-end=\"372\">\n<h3 data-start=\"374\" data-end=\"400\">Comment fonctionne le kamagra ?<\/h3>\n<ul data-start=\"402\" data-end=\"652\">\n<li data-start=\"402\" data-end=\"474\">\n<p data-start=\"404\" data-end=\"474\"><strong data-start=\"404\" data-end=\"434\">Am\u00e9liore la circulation sanguine<\/strong> vers le p\u00e9nis en dilatant les vaisseaux sanguins.<\/p>\n<\/li>\n<li data-start=\"475\" data-end=\"560\">\n<p data-start=\"477\" data-end=\"560\">Fonctionne uniquement en combinaison avec une <strong data-start=\"508\" data-end=\"530\">stimulation sexuelle<\/strong> ; l&rsquo;excitation sexuelle est n\u00e9cessaire.<\/p>\n<\/li>\n<li data-start=\"561\" data-end=\"652\">\n<p data-start=\"563\" data-end=\"652\">Inhibe une enzyme (PDE5) qui r\u00e9duit les \u00e9rections, permettant une \u00e9rection plus durable.<\/p>\n<\/li>\n<\/ul>\n<hr data-start=\"654\" data-end=\"657\">\n<h3 data-start=\"659\" data-end=\"681\">Dur\u00e9e et utilisation<\/h3>\n<ul data-start=\"683\" data-end=\"912\">\n<li data-start=\"683\" data-end=\"735\">\n<p data-start=\"685\" data-end=\"735\">Commence \u00e0 agir dans les <strong data-start=\"707\" data-end=\"721\">30 minutes<\/strong> suivant la prise.<\/p>\n<\/li>\n<li data-start=\"736\" data-end=\"769\">\n<p data-start=\"738\" data-end=\"769\">Effet maximal autour de <strong data-start=\"757\" data-end=\"768\">2 heures<\/strong>.<\/p>\n<\/li>\n<li data-start=\"770\" data-end=\"854\">\n<p data-start=\"772\" data-end=\"854\">L&rsquo;effet dure en moyenne <strong data-start=\"796\" data-end=\"807\">4 heures<\/strong>, mais cela ne signifie pas une \u00e9rection continue.<\/p>\n<\/li>\n<li data-start=\"855\" data-end=\"912\">\n<p data-start=\"857\" data-end=\"912\">Prenez Kamagra environ une demi-heure avant l&rsquo;activit\u00e9 sexuelle.<\/p>\n<\/li>\n<\/ul>\n<hr data-start=\"914\" data-end=\"917\">\n<h3 data-start=\"919\" data-end=\"935\">Effets secondaires<\/h3>\n<p data-start=\"937\" data-end=\"988\">Les effets secondaires sont similaires \u00e0 ceux du Viagra et peuvent inclure :<\/p>\n<ul data-start=\"990\" data-end=\"1348\">\n<li data-start=\"990\" data-end=\"1014\">\n<p data-start=\"992\" data-end=\"1014\">Maux de t\u00eate (le plus fr\u00e9quent)<\/p>\n<\/li>\n<li data-start=\"1015\" data-end=\"1026\">\n<p data-start=\"1017\" data-end=\"1026\">Vertiges<\/p>\n<\/li>\n<li data-start=\"1027\" data-end=\"1055\">\n<p data-start=\"1029\" data-end=\"1055\">Naus\u00e9es, vomissements, diarrh\u00e9e<\/p>\n<\/li>\n<li data-start=\"1056\" data-end=\"1069\">\n<p data-start=\"1058\" data-end=\"1069\">Douleurs musculaires<\/p>\n<\/li>\n<li data-start=\"1070\" data-end=\"1082\">\n<p data-start=\"1072\" data-end=\"1082\">Saignements de nez<\/p>\n<\/li>\n<li data-start=\"1083\" data-end=\"1159\">\n<p data-start=\"1085\" data-end=\"1159\">Alt\u00e9ration de la vision des couleurs (voir diff\u00e9rentes couleurs ou perte de la perception des couleurs)<\/p>\n<\/li>\n<li data-start=\"1160\" data-end=\"1211\">\n<p data-start=\"1162\" data-end=\"1211\">Priapisme (\u00e9rection douloureuse durant plusieurs heures)<\/p>\n<\/li>\n<li data-start=\"1212\" data-end=\"1238\">\n<p data-start=\"1214\" data-end=\"1238\">Perte d&rsquo;audition ou surdit\u00e9<\/p>\n<\/li>\n<li data-start=\"1239\" data-end=\"1283\">\n<p data-start=\"1241\" data-end=\"1283\">Fertilit\u00e9 r\u00e9duite ou infertilit\u00e9 permanente<\/p>\n<\/li>\n<li data-start=\"1284\" data-end=\"1308\">\n<p data-start=\"1286\" data-end=\"1308\">Troubles du rythme cardiaque<\/p>\n<\/li>\n<li data-start=\"1309\" data-end=\"1348\">\n<p data-start=\"1311\" data-end=\"1348\">Risque accru de cancer grave de la peau<\/p>\n<\/li>\n<\/ul>\n<p data-start=\"1350\" data-end=\"1465\"><strong data-start=\"1350\" data-end=\"1358\">Conseils<\/strong> : Mangez quelque chose environ une heure avant de prendre le m\u00e9dicament et buvez suffisamment d&rsquo;eau pour aider \u00e0 r\u00e9duire les maux de t\u00eate.<\/p>\n<hr data-start=\"1467\" data-end=\"1470\">\n<h3 data-start=\"1472\" data-end=\"1494\">Kamagra vs. Viagra<\/h3>\n<ul data-start=\"1496\" data-end=\"1862\">\n<li data-start=\"1496\" data-end=\"1564\">\n<p data-start=\"1498\" data-end=\"1564\">Les deux contiennent du <strong data-start=\"1511\" data-end=\"1525\">sild\u00e9nafil<\/strong> et sont utilis\u00e9s pour la dysfonction \u00e9rectile.<\/p>\n<\/li>\n<li data-start=\"1565\" data-end=\"1677\">\n<p data-start=\"1567\" data-end=\"1677\">Le Viagra a g\u00e9n\u00e9ralement moins d&rsquo;effets secondaires et ils sont moins graves, et il est g\u00e9n\u00e9ralement le premier choix prescrit par les m\u00e9decins.<\/p>\n<\/li>\n<li data-start=\"1678\" data-end=\"1754\">\n<p data-start=\"1680\" data-end=\"1754\">Le Kamagra est moins cher, mais peut \u00eatre plus risqu\u00e9 et est rarement prescrit par les m\u00e9decins.<\/p>\n<\/li>\n<li data-start=\"1755\" data-end=\"1862\">\n<p data-start=\"1757\" data-end=\"1862\">N&rsquo;utilisez pas Kamagra sans avis m\u00e9dical et \u00e9vitez de le combiner avec d&rsquo;autres m\u00e9dicaments sans approbation.<\/p>\n<\/li>\n<\/ul>\n<hr data-start=\"1864\" data-end=\"1867\">\n<h3 data-start=\"1869\" data-end=\"1882\">Important<\/h3>\n<p data-start=\"1884\" data-end=\"2069\">Kamagra est destin\u00e9 uniquement aux hommes souffrant de dysfonction \u00e9rectile et n&rsquo;est pas disponible sans ordonnance. Utilisez de mani\u00e8re responsable et consultez un m\u00e9decin en cas de doute ou lors de l&rsquo;utilisation d&rsquo;autres m\u00e9dicaments. <\/p>\n","protected":false},"excerpt":{"rendered":"<p>Kamagra 100 mg \u2013 10 plaquettes (40 comprim\u00e9s) Kamagra est un m\u00e9dicament utilis\u00e9 pour traiter la dysfonction \u00e9rectile. L&rsquo;ingr\u00e9dient actif est le citrate de sild\u00e9nafil, le m\u00eame que dans le Viagra. Le sild\u00e9nafil aide \u00e0 \u00e9largir les vaisseaux sanguins du p\u00e9nis, am\u00e9liorant ainsi le flux sanguin et facilitant l&rsquo;obtention d&rsquo;une \u00e9rection. Comment fonctionne le kamagra &#8230; <a title=\"Kamagra 40 x 100 mg\" class=\"read-more\" href=\"https:\/\/www.gainmode.to\/fr\/produit\/kamagra-40-x-100-mg\/\" aria-label=\"En savoir plus sur Kamagra 40 x 100 mg\">Lire la suite<\/a><\/p>\n","protected":false},"featured_media":419,"comment_status":"open","ping_status":"closed","template":"","meta":[],"product_brand":[81],"product_cat":[1700],"product_tag":[2622,1702,1701,2689,1704,1703,2683,2620,2685,2691,2687,1705],"class_list":{"0":"post-2321","1":"product","2":"type-product","3":"status-publish","4":"has-post-thumbnail","6":"product_brand-ananta-pharma","7":"product_cat-libido-fr","8":"product_tag-ajanta-pharma-fr","9":"product_tag-amelioration-masculine","10":"product_tag-citrate-de-sildenafil","11":"product_tag-comprimes-de-kamagra","12":"product_tag-comprimes-ed","13":"product_tag-dysfonction-erectile","14":"product_tag-kamagra-fr","15":"product_tag-kamagra-100-mg","16":"product_tag-kamagra-pack-de-40","17":"product_tag-kamagra-pour-hommes","18":"product_tag-kamagra-sildenafil-fr","19":"product_tag-traitement-ed","21":"first","22":"instock","23":"shipping-taxable","24":"purchasable","25":"product-type-simple"},"_links":{"self":[{"href":"https:\/\/www.gainmode.to\/fr\/wp-json\/wp\/v2\/product\/2321","targetHints":{"allow":["GET"]}}],"collection":[{"href":"https:\/\/www.gainmode.to\/fr\/wp-json\/wp\/v2\/product"}],"about":[{"href":"https:\/\/www.gainmode.to\/fr\/wp-json\/wp\/v2\/types\/product"}],"replies":[{"embeddable":true,"href":"https:\/\/www.gainmode.to\/fr\/wp-json\/wp\/v2\/comments?post=2321"}],"wp:featuredmedia":[{"embeddable":true,"href":"https:\/\/www.gainmode.to\/fr\/wp-json\/wp\/v2\/media\/419"}],"wp:attachment":[{"href":"https:\/\/www.gainmode.to\/fr\/wp-json\/wp\/v2\/media?parent=2321"}],"wp:term":[{"taxonomy":"product_brand","embeddable":true,"href":"https:\/\/www.gainmode.to\/fr\/wp-json\/wp\/v2\/product_brand?post=2321"},{"taxonomy":"product_cat","embeddable":true,"href":"https:\/\/www.gainmode.to\/fr\/wp-json\/wp\/v2\/product_cat?post=2321"},{"taxonomy":"product_tag","embeddable":true,"href":"https:\/\/www.gainmode.to\/fr\/wp-json\/wp\/v2\/product_tag?post=2321"}],"curies":[{"name":"wp","href":"https:\/\/api.w.org\/{rel}","templated":true}]}}