{"id":2331,"date":"2025-06-25T15:12:47","date_gmt":"2025-06-25T15:12:47","guid":{"rendered":"https:\/\/www.gainmode.to\/product\/clomiphene-citrate-anfarm-hellas-24x50mg\/"},"modified":"2025-08-17T13:04:10","modified_gmt":"2025-08-17T13:04:10","slug":"clomiphene-citrate-anfarm-hellas-24x50mg","status":"publish","type":"product","link":"https:\/\/www.gainmode.to\/fr\/produit\/clomiphene-citrate-anfarm-hellas-24x50mg\/","title":{"rendered":"Clomiph\u00e8ne citrate anfarm hellas 24x50mg"},"content":{"rendered":"<h3 data-start=\"103\" data-end=\"148\">CLOMID (CLOMIPH\u00c8NE CITRATE) ANFARM HELLAS<\/h3>\n<p data-start=\"150\" data-end=\"166\"><strong data-start=\"150\" data-end=\"166\">Description :<\/strong><\/p>\n<p data-start=\"168\" data-end=\"588\">Le Clomid, ou citrate de clomiph\u00e8ne, est un st\u00e9ro\u00efde synth\u00e9tique connu pour son utilisation dans la th\u00e9rapie post-cycle (PCT) en musculation. Le Clomid est consid\u00e9r\u00e9 comme le meilleur st\u00e9ro\u00efde pour la th\u00e9rapie post-cycle. Aucun autre m\u00e9dicament n&rsquo;\u00e9gale son efficacit\u00e9. Il est sp\u00e9cifiquement destin\u00e9 au traitement de l&rsquo;infertilit\u00e9 chez les femmes. Il stimule \u00e9galement la force du corps. Le Clomid peut pleinement satisfaire son utilisateur. Un m\u00e9dicament pour la PCT est n\u00e9cessaire, et le Clomid est le meilleur d&rsquo;entre eux.      <\/p>\n<hr data-start=\"590\" data-end=\"593\">\n<h3 data-start=\"595\" data-end=\"606\">Dosage :<\/h3>\n<p data-start=\"608\" data-end=\"845\">La concentration du dosage est un facteur tr\u00e8s important pour le succ\u00e8s du traitement et la maximisation des gains. La plage de dosage appropri\u00e9e varie d&rsquo;un individu \u00e0 l&rsquo;autre. Le citrate de clomiph\u00e8ne est pris \u00e0 des doses allant de 50 mg \u00e0 150 mg par jour.  <\/p>\n<p data-start=\"847\" data-end=\"1076\">La dose la plus faible est destin\u00e9e \u00e0 ceux qui ne peuvent pas tol\u00e9rer un dosage intense et qui se contentent d&rsquo;une faible dose. Certains bodybuilders ont une tol\u00e9rance \u00e9lev\u00e9e aux m\u00e9dicaments et veulent profiter des gains dans une p\u00e9riode plus courte. Il est recommand\u00e9 de prendre la pilule tous les jours.  <\/p>\n<p data-start=\"1078\" data-end=\"1274\">Le dosage de la concentration d\u00e9pend du nombre de comprim\u00e9s par jour. Une dose de 150 mg correspond \u00e0 la prise de 3 comprim\u00e9s, 100 mg correspond \u00e0 2 comprim\u00e9s, et la dose la plus faible correspond \u00e0 un comprim\u00e9. <\/p>\n<hr data-start=\"1276\" data-end=\"1279\">\n<h3 data-start=\"1281\" data-end=\"1294\">Avantages :<\/h3>\n<ul data-start=\"1296\" data-end=\"2609\">\n<li data-start=\"1296\" data-end=\"1392\">\n<p data-start=\"1298\" data-end=\"1392\">Le Clomid est consid\u00e9r\u00e9 comme le m\u00e9dicament miracle pour la th\u00e9rapie post-cycle utilis\u00e9 par les athl\u00e8tes et les bodybuilders.<\/p>\n<\/li>\n<li data-start=\"1393\" data-end=\"1510\">\n<p data-start=\"1395\" data-end=\"1510\">Le Clomid est \u00e9galement utilis\u00e9 dans les cas graves d&rsquo;infertilit\u00e9 f\u00e9minine, en particulier lorsque les couples n&rsquo;ont pas les moyens de s&rsquo;offrir des traitements co\u00fbteux.<\/p>\n<\/li>\n<li data-start=\"1511\" data-end=\"1667\">\n<p data-start=\"1513\" data-end=\"1667\">Parfois, les femmes souffrent de conditions o\u00f9 leurs ovaires ne r\u00e9pondent pas correctement et ont besoin d&rsquo;un traitement l\u00e9ger. Le Clomid est le st\u00e9ro\u00efde appropri\u00e9 pour de tels cas. <\/p>\n<\/li>\n<li data-start=\"1668\" data-end=\"1837\">\n<p data-start=\"1670\" data-end=\"1837\">Le Clomid est souvent utilis\u00e9 pour les probl\u00e8mes d&rsquo;ovulation, permettant aux femmes de concevoir facilement sans traitements douloureux. La cause de ces probl\u00e8mes est l&rsquo;absence ou l&rsquo;irr\u00e9gularit\u00e9 de l&rsquo;ovulation. <\/p>\n<\/li>\n<li data-start=\"1838\" data-end=\"1964\">\n<p data-start=\"1840\" data-end=\"1964\">Il est recommand\u00e9 aux femmes souffrant du syndrome des ovaires polykystiques (SOPK) de prendre du citrate de clomiph\u00e8ne pour augmenter la production d&rsquo;ovules.<\/p>\n<\/li>\n<li data-start=\"1965\" data-end=\"2025\">\n<p data-start=\"1967\" data-end=\"2025\">Environ 80 % des femmes ovulent apr\u00e8s avoir utilis\u00e9 du citrate de clomiph\u00e8ne.<\/p>\n<\/li>\n<li data-start=\"2026\" data-end=\"2158\">\n<p data-start=\"2028\" data-end=\"2158\">Chez les hommes, les probl\u00e8mes tels que le faible nombre de spermatozo\u00efdes, qui peuvent entra\u00eener d&rsquo;autres complications, sont trait\u00e9s et am\u00e9lior\u00e9s avec le citrate de clomiph\u00e8ne.<\/p>\n<\/li>\n<li data-start=\"2159\" data-end=\"2224\">\n<p data-start=\"2161\" data-end=\"2224\">Pour les bodybuilders et les athl\u00e8tes, il augmente la production d&rsquo;hormones.<\/p>\n<\/li>\n<li data-start=\"2225\" data-end=\"2298\">\n<p data-start=\"2227\" data-end=\"2298\">Le citrate de clomiph\u00e8ne am\u00e9liore la libido chez les hommes et am\u00e9liore le plaisir sexuel.<\/p>\n<\/li>\n<li data-start=\"2299\" data-end=\"2390\">\n<p data-start=\"2301\" data-end=\"2390\">Le clomiph\u00e8ne doit \u00eatre pris sur avis m\u00e9dical ou sous la direction d&rsquo;un expert pour \u00e9viter les effets ind\u00e9sirables.<\/p>\n<\/li>\n<li data-start=\"2391\" data-end=\"2498\">\n<p data-start=\"2393\" data-end=\"2498\">Le Clomid aide le corps \u00e0 se remettre des traumatismes apr\u00e8s des entra\u00eenements intenses et aide \u00e0 la pr\u00e9paration des comp\u00e9titions.<\/p>\n<\/li>\n<li data-start=\"2499\" data-end=\"2569\">\n<p data-start=\"2501\" data-end=\"2569\">Le Clomid donne aux hommes la confiance n\u00e9cessaire pour profiter de l&rsquo;activit\u00e9 sexuelle sans probl\u00e8mes.<\/p>\n<\/li>\n<li data-start=\"2570\" data-end=\"2609\">\n<p data-start=\"2572\" data-end=\"2609\">Le traitement ne doit pas d\u00e9passer 6 cycles.<\/p>\n<\/li>\n<\/ul>\n<hr data-start=\"2611\" data-end=\"2614\">\n<h3 data-start=\"2616\" data-end=\"2635\">Note importante :<\/h3>\n<p data-start=\"2637\" data-end=\"2876\">Les st\u00e9ro\u00efdes ont \u00e0 la fois des avantages et des effets secondaires. Cela d\u00e9pend de la fa\u00e7on dont vous g\u00e9rez soigneusement le dosage. Certains effets secondaires courants incluent des \u00e9tourdissements, des maux de t\u00eate, un inconfort \u00e0 l&rsquo;estomac et des douleurs abdominales. Il peut \u00e9galement provoquer un reflux alimentaire de l&rsquo;estomac.   <\/p>\n","protected":false},"excerpt":{"rendered":"<p>CLOMID (CLOMIPH\u00c8NE CITRATE) ANFARM HELLAS Description : Le Clomid, ou citrate de clomiph\u00e8ne, est un st\u00e9ro\u00efde synth\u00e9tique connu pour son utilisation dans la th\u00e9rapie post-cycle (PCT) en musculation. Le Clomid est consid\u00e9r\u00e9 comme le meilleur st\u00e9ro\u00efde pour la th\u00e9rapie post-cycle. Aucun autre m\u00e9dicament n&rsquo;\u00e9gale son efficacit\u00e9. Il est sp\u00e9cifiquement destin\u00e9 au traitement de l&rsquo;infertilit\u00e9 chez &#8230; <a title=\"Clomiph\u00e8ne citrate anfarm hellas 24x50mg\" class=\"read-more\" href=\"https:\/\/www.gainmode.to\/fr\/produit\/clomiphene-citrate-anfarm-hellas-24x50mg\/\" aria-label=\"En savoir plus sur Clomiph\u00e8ne citrate anfarm hellas 24x50mg\">Lire la suite<\/a><\/p>\n","protected":false},"featured_media":1433,"comment_status":"open","ping_status":"closed","template":"","meta":[],"product_brand":[90],"product_cat":[2761,874,2148],"product_tag":[2775,2767,2764,2763,2772,2774,2768,2771,2103,2766,2770,2092,2769],"class_list":{"0":"post-2331","1":"product","2":"type-product","3":"status-publish","4":"has-post-thumbnail","6":"product_brand-anfarm-hellas","7":"product_cat-clomid-fr","8":"product_cat-non-categorise","9":"product_cat-pharmacie","10":"product_tag-anfarm-clomid-fr","11":"product_tag-anfarm-hellas-fr","12":"product_tag-citrate-de-clomiphene","13":"product_tag-clomid-fr","14":"product_tag-clomiphene-50mg-fr","15":"product_tag-comprimes-de-clomid-50mg","16":"product_tag-induction-de-lovulation","17":"product_tag-medicament-pct","18":"product_tag-modulateur-selectif-des-recepteurs-oestrogeniques","19":"product_tag-serm-fr","20":"product_tag-soutien-hormonal-masculin","21":"product_tag-therapie-post-cycle","22":"product_tag-traitement-de-la-fertilite","24":"first","25":"outofstock","26":"shipping-taxable","27":"purchasable","28":"product-type-simple"},"_links":{"self":[{"href":"https:\/\/www.gainmode.to\/fr\/wp-json\/wp\/v2\/product\/2331","targetHints":{"allow":["GET"]}}],"collection":[{"href":"https:\/\/www.gainmode.to\/fr\/wp-json\/wp\/v2\/product"}],"about":[{"href":"https:\/\/www.gainmode.to\/fr\/wp-json\/wp\/v2\/types\/product"}],"replies":[{"embeddable":true,"href":"https:\/\/www.gainmode.to\/fr\/wp-json\/wp\/v2\/comments?post=2331"}],"wp:featuredmedia":[{"embeddable":true,"href":"https:\/\/www.gainmode.to\/fr\/wp-json\/wp\/v2\/media\/1433"}],"wp:attachment":[{"href":"https:\/\/www.gainmode.to\/fr\/wp-json\/wp\/v2\/media?parent=2331"}],"wp:term":[{"taxonomy":"product_brand","embeddable":true,"href":"https:\/\/www.gainmode.to\/fr\/wp-json\/wp\/v2\/product_brand?post=2331"},{"taxonomy":"product_cat","embeddable":true,"href":"https:\/\/www.gainmode.to\/fr\/wp-json\/wp\/v2\/product_cat?post=2331"},{"taxonomy":"product_tag","embeddable":true,"href":"https:\/\/www.gainmode.to\/fr\/wp-json\/wp\/v2\/product_tag?post=2331"}],"curies":[{"name":"wp","href":"https:\/\/api.w.org\/{rel}","templated":true}]}}