{"id":2341,"date":"2025-06-25T14:54:03","date_gmt":"2025-06-25T14:54:03","guid":{"rendered":"https:\/\/www.gainmode.to\/product\/cialis-vidalista-100-x-20mg\/"},"modified":"2025-06-25T14:54:03","modified_gmt":"2025-06-25T14:54:03","slug":"cialis-vidalista-100-x-20mg","status":"publish","type":"product","link":"https:\/\/www.gainmode.to\/fr\/produit\/cialis-vidalista-100-x-20mg\/","title":{"rendered":"Cialis vidalista 100 x 20mg"},"content":{"rendered":"<h3 data-start=\"71\" data-end=\"92\">QU&rsquo;EST-CE QUE VIDALISTA<\/h3>\n<p data-start=\"94\" data-end=\"454\">Vidalista est un m\u00e9dicament qui contient l&rsquo;ingr\u00e9dient actif <strong data-start=\"156\" data-end=\"169\">Tadalafil<\/strong>. Le tadalafil provoque la relaxation des vaisseaux sanguins du p\u00e9nis, permettant \u00e0 plus de sang de circuler dans le p\u00e9nis. Il en r\u00e9sulte une \u00e9rection ferme qui dure suffisamment longtemps pour profiter de l&rsquo;activit\u00e9 sexuelle. Vidalista agit jusqu&rsquo;\u00e0 <strong data-start=\"380\" data-end=\"392\">36 heures<\/strong>, vous n&rsquo;avez donc pas \u00e0 planifier exactement quand vous voulez avoir des relations sexuelles.   <\/p>\n<hr data-start=\"456\" data-end=\"459\">\n<h3 data-start=\"461\" data-end=\"505\">PR\u00c9VENEZ LES PROBL\u00c8MES D&rsquo;\u00c9RECTION AVEC VIDALISTA<\/h3>\n<p data-start=\"507\" data-end=\"767\">Les probl\u00e8mes d&rsquo;\u00e9rection peuvent arriver \u00e0 n&rsquo;importe qui, quel que soit son \u00e2ge ou son style de vie. Cela peut entra\u00eener un manque de confiance et des probl\u00e8mes relationnels. Heureusement, Vidalista est un m\u00e9dicament s\u00fbr et efficace pour traiter ces probl\u00e8mes et ramener le plaisir de l&rsquo;activit\u00e9 sexuelle.  <\/p>\n<hr data-start=\"769\" data-end=\"772\">\n<h3 data-start=\"774\" data-end=\"798\">COMMENT UTILISER VIDALISTA<\/h3>\n<p data-start=\"800\" data-end=\"1054\">Vidalista est facile \u00e0 utiliser. Prenez <strong data-start=\"831\" data-end=\"874\">un comprim\u00e9 par voie orale avec un verre d&rsquo;eau<\/strong>, environ 30 minutes avant de pr\u00e9voir une activit\u00e9 sexuelle. Pour un effet plus rapide, il peut \u00eatre pris l&rsquo;estomac vide. Il est important de <strong data-start=\"1009\" data-end=\"1053\">ne pas prendre plus d&rsquo;un comprim\u00e9 par jour<\/strong>.   <\/p>\n<hr data-start=\"1056\" data-end=\"1059\">\n<h3 data-start=\"1061\" data-end=\"1086\">POURQUOI CHOISIR VIDALISTA ?<\/h3>\n<p data-start=\"1088\" data-end=\"1394\"><strong data-start=\"1088\" data-end=\"1124\">Alternative abordable au Cialis<\/strong><br data-start=\"1124\" data-end=\"1127\">Vidalista est une version g\u00e9n\u00e9rique du Cialis, un m\u00e9dicament populaire contre la dysfonction \u00e9rectile. Le grand avantage de Vidalista est qu&rsquo;il est nettement moins cher que le Cialis sans compromettre la qualit\u00e9. De cette fa\u00e7on, vous pouvez \u00e9conomiser beaucoup sur le co\u00fbt du traitement des probl\u00e8mes d&rsquo;\u00e9rection.  <\/p>\n<p data-start=\"1396\" data-end=\"1671\"><strong data-start=\"1396\" data-end=\"1430\">Disponible en diff\u00e9rents dosages<\/strong><br data-start=\"1430\" data-end=\"1433\">Un autre avantage est que Vidalista est disponible en diff\u00e9rents dosages tels que 20 mg, 40 mg, 60 mg et m\u00eame 80 mg, en fonction de vos besoins personnels et des recommandations de votre m\u00e9decin. Cela fait de Vidalista une solution flexible qui fonctionne pour de nombreux hommes. <\/p>\n<p data-start=\"1673\" data-end=\"1977\"><strong data-start=\"1673\" data-end=\"1702\">Agit rapidement et dure longtemps<\/strong><br data-start=\"1702\" data-end=\"1705\">L&rsquo;ingr\u00e9dient actif de Vidalista, le tadalafil, est un inhibiteur de la PDE5. Cela signifie qu&rsquo;il stimule le flux sanguin vers le p\u00e9nis, permettant une \u00e9rection. L&rsquo;avantage du tadalafil est qu&rsquo;il agit rapidement et dure longtemps. Vous pouvez b\u00e9n\u00e9ficier de l&rsquo;effet de Vidalista jusqu&rsquo;\u00e0 36 heures.   <\/p>\n<p data-start=\"1979\" data-end=\"2170\"><strong data-start=\"1979\" data-end=\"1995\">Facile \u00e0 prendre<\/strong><br data-start=\"1995\" data-end=\"1998\">Vidalista est facile \u00e0 prendre. Il se pr\u00e9sente sous forme de comprim\u00e9 et peut \u00eatre pris avec ou sans nourriture. Avalez simplement le comprim\u00e9 avec de l&rsquo;eau environ 30 minutes avant l&rsquo;activit\u00e9 sexuelle.  <\/p>\n<p data-start=\"1979\" data-end=\"2170\">\n","protected":false},"excerpt":{"rendered":"<p>QU&rsquo;EST-CE QUE VIDALISTA Vidalista est un m\u00e9dicament qui contient l&rsquo;ingr\u00e9dient actif Tadalafil. Le tadalafil provoque la relaxation des vaisseaux sanguins du p\u00e9nis, permettant \u00e0 plus de sang de circuler dans le p\u00e9nis. Il en r\u00e9sulte une \u00e9rection ferme qui dure suffisamment longtemps pour profiter de l&rsquo;activit\u00e9 sexuelle. Vidalista agit jusqu&rsquo;\u00e0 36 heures, vous n&rsquo;avez donc &#8230; <a title=\"Cialis vidalista 100 x 20mg\" class=\"read-more\" href=\"https:\/\/www.gainmode.to\/fr\/produit\/cialis-vidalista-100-x-20mg\/\" aria-label=\"En savoir plus sur Cialis vidalista 100 x 20mg\">Lire la suite<\/a><\/p>\n","protected":false},"featured_media":395,"comment_status":"open","ping_status":"closed","template":"","meta":[],"product_brand":[89],"product_cat":[1700],"product_tag":[2849,1702,1704,1703,2857,2859,1706,2851,2855,2847,2853,2845,2861],"class_list":{"0":"post-2341","1":"product","2":"type-product","3":"status-publish","4":"has-post-thumbnail","6":"product_brand-centurion-laboratories","7":"product_cat-libido-fr","8":"product_tag-alternative-au-cialis","9":"product_tag-amelioration-masculine","10":"product_tag-comprimes-ed","11":"product_tag-dysfonction-erectile","12":"product_tag-hyperplasie-benigne-de-la-prostate","13":"product_tag-hypertension-arterielle-pulmonaire","14":"product_tag-laboratoires-centurion","15":"product_tag-medicament-contre-la-dysfonction-erectile-a-longue-duree-daction","16":"product_tag-pilule-du-week-end","17":"product_tag-tadalafil-fr","18":"product_tag-tadalafil-20mg-fr","19":"product_tag-vidalista-20mg-fr","20":"product_tag-vidalista-pack-de-100","22":"first","23":"instock","24":"shipping-taxable","25":"purchasable","26":"product-type-simple"},"_links":{"self":[{"href":"https:\/\/www.gainmode.to\/fr\/wp-json\/wp\/v2\/product\/2341","targetHints":{"allow":["GET"]}}],"collection":[{"href":"https:\/\/www.gainmode.to\/fr\/wp-json\/wp\/v2\/product"}],"about":[{"href":"https:\/\/www.gainmode.to\/fr\/wp-json\/wp\/v2\/types\/product"}],"replies":[{"embeddable":true,"href":"https:\/\/www.gainmode.to\/fr\/wp-json\/wp\/v2\/comments?post=2341"}],"wp:featuredmedia":[{"embeddable":true,"href":"https:\/\/www.gainmode.to\/fr\/wp-json\/wp\/v2\/media\/395"}],"wp:attachment":[{"href":"https:\/\/www.gainmode.to\/fr\/wp-json\/wp\/v2\/media?parent=2341"}],"wp:term":[{"taxonomy":"product_brand","embeddable":true,"href":"https:\/\/www.gainmode.to\/fr\/wp-json\/wp\/v2\/product_brand?post=2341"},{"taxonomy":"product_cat","embeddable":true,"href":"https:\/\/www.gainmode.to\/fr\/wp-json\/wp\/v2\/product_cat?post=2341"},{"taxonomy":"product_tag","embeddable":true,"href":"https:\/\/www.gainmode.to\/fr\/wp-json\/wp\/v2\/product_tag?post=2341"}],"curies":[{"name":"wp","href":"https:\/\/api.w.org\/{rel}","templated":true}]}}