{"id":2371,"date":"2025-06-27T15:39:19","date_gmt":"2025-06-27T15:39:19","guid":{"rendered":"https:\/\/www.gainmode.to\/product\/turinabol-prime-100x10mg\/"},"modified":"2025-06-27T15:39:19","modified_gmt":"2025-06-27T15:39:19","slug":"turinabol-prime-100x10mg","status":"publish","type":"product","link":"https:\/\/www.gainmode.to\/fr\/produit\/turinabol-prime-100x10mg\/","title":{"rendered":"Turinabol prime 100x10mg"},"content":{"rendered":"<h2><b>Qu&rsquo;est-ce que le turinabol&nbsp;?<\/b><\/h2>\n<p>Le turinabol, \u00e9galement connu sous le nom de Tbol, est un st\u00e9ro\u00efde anabolisant oral doux, appr\u00e9ci\u00e9 pour sa capacit\u00e9 \u00e0 d\u00e9velopper la masse musculaire s\u00e8che et la force sans r\u00e9tention d&rsquo;eau excessive. Il est souvent utilis\u00e9 dans les cycles de s\u00e8che et de prise de masse s\u00e8che. Cela fait de <strong>l&rsquo;achat de Turinabol<\/strong> un choix id\u00e9al pour les athl\u00e8tes qui recherchent des r\u00e9sultats constants et durables.  <\/p>\n<h2><b>Comment le turinabol prime pharma fonctionne-t-il&nbsp;?<\/b><\/h2>\n<p>Les <strong>anabolisants Turinabol<\/strong> augmentent la synth\u00e8se des prot\u00e9ines et am\u00e9liorent la r\u00e9tention d&rsquo;azote dans les muscles. Cela favorise la croissance musculaire, augmente la force et aide \u00e0 maintenir la masse musculaire pendant un r\u00e9gime hypocalorique. De plus, le Turinabol offre un effet doux, ce qui le rend adapt\u00e9 aux d\u00e9butants comme aux utilisateurs avanc\u00e9s.  <\/p>\n<h2><b>Effets secondaires d&rsquo;un cycle de turinabol<\/b><\/h2>\n<p>Bien que <strong>l&rsquo;utilisation de Turinabol pendant un cycle<\/strong> soit g\u00e9n\u00e9ralement bien tol\u00e9r\u00e9e, des effets secondaires peuvent survenir en cas d&rsquo;utilisation excessive, tels que&nbsp;: <\/p>\n<ul>\n<li>L\u00e9ger stress h\u00e9patique.<\/li>\n<li>Suppression de la production naturelle de testost\u00e9rone.<\/li>\n<li>Fatigue en cas d&rsquo;utilisation prolong\u00e9e.<\/li>\n<\/ul>\n<p>Le respect de la posologie correcte et l&rsquo;utilisation d&rsquo;une th\u00e9rapie post-cycle minimisent ces risques.<\/p>\n<h2><b>Posologie du turinabol<\/b><\/h2>\n<p>La posologie recommand\u00e9e de <strong>Turinabol Prime Pharma<\/strong> est comprise entre 20 et 50&nbsp;mg par jour, en fonction de votre exp\u00e9rience et de vos objectifs. Utilisez le produit pendant 6 \u00e0 8&nbsp;semaines pour des r\u00e9sultats optimaux. Il est pris par voie orale, ce qui en fait une option conviviale.  <\/p>\n<h2><b>Pourquoi acheter du turinabol&nbsp;?<\/b><\/h2>\n<p><strong>Turinabol Prime Pharma<\/strong> est un excellent choix pour ceux qui cherchent \u00e0 d\u00e9velopper la masse musculaire s\u00e8che sans r\u00e9tention d&rsquo;eau excessive. Commandez d\u00e8s aujourd&rsquo;hui <\/p>\n","protected":false},"excerpt":{"rendered":"<p>Qu&rsquo;est-ce que le turinabol&nbsp;? Le turinabol, \u00e9galement connu sous le nom de Tbol, est un st\u00e9ro\u00efde anabolisant oral doux, appr\u00e9ci\u00e9 pour sa capacit\u00e9 \u00e0 d\u00e9velopper la masse musculaire s\u00e8che et la force sans r\u00e9tention d&rsquo;eau excessive. Il est souvent utilis\u00e9 dans les cycles de s\u00e8che et de prise de masse s\u00e8che. Cela fait de l&rsquo;achat &#8230; <a title=\"Turinabol prime 100x10mg\" class=\"read-more\" href=\"https:\/\/www.gainmode.to\/fr\/produit\/turinabol-prime-100x10mg\/\" aria-label=\"En savoir plus sur Turinabol prime 100x10mg\">Lire la suite<\/a><\/p>\n","protected":false},"featured_media":652,"comment_status":"open","ping_status":"closed","template":"","meta":[],"product_brand":[80],"product_cat":[874,3195],"product_tag":[3200,3204,3212,3206,3203,3196,3198,3218,3209,3207,3217,3210,3215,3214,3201],"class_list":{"0":"post-2371","1":"product","2":"type-product","3":"status-publish","4":"has-post-thumbnail","6":"product_brand-prime-pharma","7":"product_cat-non-categorise","8":"product_cat-turinabol-fr","9":"product_tag-acheter-turinabol-prime-en-ligne","10":"product_tag-cycle-de-seche-turinabol-prime","11":"product_tag-meilleur-prix-turinabol-prime","12":"product_tag-prime-labs-turinabol-2025-fr","13":"product_tag-turinabol-pour-la-masse-musculaire-seche","14":"product_tag-turinabol-prime-10-mg","15":"product_tag-turinabol-prime-100-comprimes","16":"product_tag-turinabol-prime-complement","17":"product_tag-turinabol-prime-expedition-rapide","18":"product_tag-turinabol-prime-legal","19":"product_tag-turinabol-prime-oral-10-mg","20":"product_tag-turinabol-prime-pour-les-culturistes","21":"product_tag-turinabol-prime-resultats","22":"product_tag-turinabol-prime-steroide-anabolisant","23":"product_tag-turinabol-prime-steroide-oral","25":"first","26":"instock","27":"shipping-taxable","28":"purchasable","29":"product-type-simple"},"_links":{"self":[{"href":"https:\/\/www.gainmode.to\/fr\/wp-json\/wp\/v2\/product\/2371","targetHints":{"allow":["GET"]}}],"collection":[{"href":"https:\/\/www.gainmode.to\/fr\/wp-json\/wp\/v2\/product"}],"about":[{"href":"https:\/\/www.gainmode.to\/fr\/wp-json\/wp\/v2\/types\/product"}],"replies":[{"embeddable":true,"href":"https:\/\/www.gainmode.to\/fr\/wp-json\/wp\/v2\/comments?post=2371"}],"wp:featuredmedia":[{"embeddable":true,"href":"https:\/\/www.gainmode.to\/fr\/wp-json\/wp\/v2\/media\/652"}],"wp:attachment":[{"href":"https:\/\/www.gainmode.to\/fr\/wp-json\/wp\/v2\/media?parent=2371"}],"wp:term":[{"taxonomy":"product_brand","embeddable":true,"href":"https:\/\/www.gainmode.to\/fr\/wp-json\/wp\/v2\/product_brand?post=2371"},{"taxonomy":"product_cat","embeddable":true,"href":"https:\/\/www.gainmode.to\/fr\/wp-json\/wp\/v2\/product_cat?post=2371"},{"taxonomy":"product_tag","embeddable":true,"href":"https:\/\/www.gainmode.to\/fr\/wp-json\/wp\/v2\/product_tag?post=2371"}],"curies":[{"name":"wp","href":"https:\/\/api.w.org\/{rel}","templated":true}]}}