{"id":2399,"date":"2025-06-27T14:59:49","date_gmt":"2025-06-27T14:59:49","guid":{"rendered":"https:\/\/www.gainmode.to\/product\/ghrp-2-5-mg\/"},"modified":"2025-06-27T14:59:49","modified_gmt":"2025-06-27T14:59:49","slug":"ghrp-2-5-mg","status":"publish","type":"product","link":"https:\/\/www.gainmode.to\/fr\/produit\/ghrp-2-5-mg\/","title":{"rendered":"GHRP-2 5 mg"},"content":{"rendered":"<h2><strong>Qu&rsquo;est-ce que le GHRP-2 ?<\/strong><\/h2>\n<p>Le GHRP-2 (Growth Hormone Releasing Peptide 2) est un peptide synth\u00e9tique con\u00e7u pour stimuler la production d&rsquo;hormone de croissance (GH) dans le corps. Il est couramment utilis\u00e9 par les athl\u00e8tes et les culturistes pour am\u00e9liorer la croissance musculaire, la perte de graisse et la r\u00e9cup\u00e9ration. <\/p>\n<h2><strong>Comment fonctionne le GHRP-2 ?<\/strong><\/h2>\n<p>Le GHRP-2 agit en stimulant l&rsquo;hypophyse pour lib\u00e9rer plus d&rsquo;hormone de croissance. Cela conduit \u00e0 une synth\u00e8se accrue des prot\u00e9ines, \u00e0 une meilleure combustion des graisses et \u00e0 des temps de r\u00e9cup\u00e9ration plus rapides. De plus, le GHRP-2 augmente l&rsquo;app\u00e9tit, ce qui en fait un outil pr\u00e9cieux pendant les phases de prise de masse.  <\/p>\n<h2><strong>Effets secondaires du GHRP-2<\/strong><\/h2>\n<p>Bien que le GHRP-2 soit g\u00e9n\u00e9ralement bien tol\u00e9r\u00e9, les effets secondaires peuvent inclure&nbsp;:<\/p>\n<ul>\n<li>Augmentation de l&rsquo;app\u00e9tit.<\/li>\n<li>Fatigue apr\u00e8s l&rsquo;injection.<\/li>\n<li>R\u00e9tention d&rsquo;eau.<\/li>\n<li>Picotements dans les mains et les pieds.<\/li>\n<\/ul>\n<p>Il est important de suivre la posologie recommand\u00e9e pour minimiser les effets secondaires.<\/p>\n<h2><strong>Posologie du GHRP-2<\/strong><\/h2>\n<p>La posologie recommand\u00e9e de GHRP-2 est de 100 \u00e0 300 mcg par injection, une \u00e0 trois fois par jour. Il est inject\u00e9 par voie sous-cutan\u00e9e (sous la peau) et est pr\u00e9f\u00e9rable de l&rsquo;utiliser \u00e0 jeun pour des r\u00e9sultats optimaux. <\/p>\n<h2><strong>Pourquoi acheter du GHRP-2&nbsp;?<\/strong><\/h2>\n<p>Le GHRP-2 est un excellent choix pour ceux qui cherchent \u00e0 am\u00e9liorer la croissance musculaire, la perte de graisse et la r\u00e9cup\u00e9ration. Commandez d\u00e8s aujourd&rsquo;hui <\/p>\n","protected":false},"excerpt":{"rendered":"<p>Qu&rsquo;est-ce que le GHRP-2 ? Le GHRP-2 (Growth Hormone Releasing Peptide 2) est un peptide synth\u00e9tique con\u00e7u pour stimuler la production d&rsquo;hormone de croissance (GH) dans le corps. Il est couramment utilis\u00e9 par les athl\u00e8tes et les culturistes pour am\u00e9liorer la croissance musculaire, la perte de graisse et la r\u00e9cup\u00e9ration. Comment fonctionne le GHRP-2 ? &#8230; <a title=\"GHRP-2 5 mg\" class=\"read-more\" href=\"https:\/\/www.gainmode.to\/fr\/produit\/ghrp-2-5-mg\/\" aria-label=\"En savoir plus sur GHRP-2 5 mg\">Lire la suite<\/a><\/p>\n","protected":false},"featured_media":622,"comment_status":"open","ping_status":"closed","template":"","meta":[],"product_brand":[80],"product_cat":[3612,1251],"product_tag":[3615,3626,3613,3624,3622,3618,3625,3621,3617,3620,3623,3619],"class_list":{"0":"post-2399","1":"product","2":"type-product","3":"status-publish","4":"has-post-thumbnail","6":"product_brand-prime-pharma","7":"product_cat-ghrp-2-fr","8":"product_cat-peptides-fr","9":"product_tag-acheter-ghrp-2-en-ligne","10":"product_tag-amelioration-des-performances-ghrp-2","11":"product_tag-ghrp-2-5-mg","12":"product_tag-ghrp-2-legal","13":"product_tag-ghrp-2-perte-de-graisse","14":"product_tag-ghrp-2-pour-la-croissance-musculaire","15":"product_tag-hormone-peptidique-ghrp-2","16":"product_tag-peptide-anti-age-ghrp-2","17":"product_tag-peptide-ghrp-2-5-mg","18":"product_tag-posologie-dinjection-de-ghrp-2","19":"product_tag-resultats-ghrp-2-2025","20":"product_tag-supplement-de-musculation-ghrp-2","22":"first","23":"instock","24":"shipping-taxable","25":"purchasable","26":"product-type-simple"},"_links":{"self":[{"href":"https:\/\/www.gainmode.to\/fr\/wp-json\/wp\/v2\/product\/2399","targetHints":{"allow":["GET"]}}],"collection":[{"href":"https:\/\/www.gainmode.to\/fr\/wp-json\/wp\/v2\/product"}],"about":[{"href":"https:\/\/www.gainmode.to\/fr\/wp-json\/wp\/v2\/types\/product"}],"replies":[{"embeddable":true,"href":"https:\/\/www.gainmode.to\/fr\/wp-json\/wp\/v2\/comments?post=2399"}],"wp:featuredmedia":[{"embeddable":true,"href":"https:\/\/www.gainmode.to\/fr\/wp-json\/wp\/v2\/media\/622"}],"wp:attachment":[{"href":"https:\/\/www.gainmode.to\/fr\/wp-json\/wp\/v2\/media?parent=2399"}],"wp:term":[{"taxonomy":"product_brand","embeddable":true,"href":"https:\/\/www.gainmode.to\/fr\/wp-json\/wp\/v2\/product_brand?post=2399"},{"taxonomy":"product_cat","embeddable":true,"href":"https:\/\/www.gainmode.to\/fr\/wp-json\/wp\/v2\/product_cat?post=2399"},{"taxonomy":"product_tag","embeddable":true,"href":"https:\/\/www.gainmode.to\/fr\/wp-json\/wp\/v2\/product_tag?post=2399"}],"curies":[{"name":"wp","href":"https:\/\/api.w.org\/{rel}","templated":true}]}}