{"id":2409,"date":"2025-06-27T14:23:31","date_gmt":"2025-06-27T14:23:31","guid":{"rendered":"https:\/\/www.gainmode.to\/product\/t5-zion-labs-sub-zero-bruleur-de-graisse-60-capsules\/"},"modified":"2025-06-27T14:23:31","modified_gmt":"2025-06-27T14:23:31","slug":"t5-zion-labs-sub-zero-bruleur-de-graisse-60-capsules","status":"publish","type":"product","link":"https:\/\/www.gainmode.to\/fr\/produit\/t5-zion-labs-sub-zero-bruleur-de-graisse-60-capsules\/","title":{"rendered":"T5 Zion labs sub zero br\u00fbleur de graisse 60 capsules"},"content":{"rendered":"<div class=\"woocommerce-tabs wc-tabs-wrapper\">\n<div id=\"tab-description\" class=\"woocommerce-Tabs-panel woocommerce-Tabs-panel--description panel entry-content wc-tab\" role=\"tabpanel\" aria-labelledby=\"tab-title-description\">\n<p data-start=\"95\" data-end=\"168\"><strong data-start=\"95\" data-end=\"128\">Zion labs \u2013 T5 ECA br\u00fbleur de graisse<\/strong><br data-start=\"128\" data-end=\"131\"><strong data-start=\"131\" data-end=\"168\">avantages du br\u00fbleur de graisse T5 ECA<\/strong><\/p>\n<p data-start=\"170\" data-end=\"435\">L&rsquo;utilisation de suppl\u00e9ments br\u00fbleurs de graisse est populaire chez les personnes qui cherchent \u00e0 perdre du poids et \u00e0 am\u00e9liorer leur composition corporelle. L&rsquo;un des suppl\u00e9ments les plus efficaces sur le march\u00e9 contient une combinaison d&rsquo;\u00e9ph\u00e9drine, de caf\u00e9ine et d&rsquo;aspirine, \u00e9galement connue sous le nom de <strong data-start=\"421\" data-end=\"434\">stack ECA<\/strong>. <\/p>\n<p data-start=\"437\" data-end=\"569\"><strong data-start=\"437\" data-end=\"450\">L&rsquo;\u00e9ph\u00e9drine<\/strong> est un stimulant qui augmente le m\u00e9tabolisme et supprime l&rsquo;app\u00e9tit. Il aide \u00e9galement \u00e0 br\u00fbler les graisses tout en pr\u00e9servant la masse musculaire. <\/p>\n<p data-start=\"571\" data-end=\"760\"><strong data-start=\"571\" data-end=\"583\">La caf\u00e9ine<\/strong> est un stimulant naturel qui peut \u00e9galement stimuler le m\u00e9tabolisme et am\u00e9liorer la combustion des graisses. Il peut am\u00e9liorer les niveaux d&rsquo;\u00e9nergie et l&rsquo;endurance, ce qui est b\u00e9n\u00e9fique pour ceux qui s&rsquo;entra\u00eenent r\u00e9guli\u00e8rement. <\/p>\n<p data-start=\"762\" data-end=\"900\"><strong data-start=\"762\" data-end=\"773\">L&rsquo;aspirine<\/strong> aide \u00e0 r\u00e9duire l&rsquo;inflammation et \u00e0 am\u00e9liorer la circulation sanguine, ce qui peut aider \u00e0 diminuer les douleurs musculaires et \u00e0 favoriser la r\u00e9cup\u00e9ration apr\u00e8s l&rsquo;exercice.<\/p>\n<p data-start=\"902\" data-end=\"1404\">Le suppl\u00e9ment ECA est con\u00e7u pour stimuler le m\u00e9tabolisme et augmenter la combustion des graisses. Il peut \u00e9galement aider \u00e0 supprimer l&rsquo;app\u00e9tit et \u00e0 augmenter les niveaux d&rsquo;\u00e9nergie, ce qui le rend utile pour les personnes qui suivent un r\u00e9gime hypocalorique ou celles qui font de l&rsquo;exercice fr\u00e9quemment. Cependant, il est important de noter que ces suppl\u00e9ments ne conviennent pas \u00e0 tout le monde et peuvent avoir des effets secondaires tels qu&rsquo;une augmentation du rythme cardiaque, de l&rsquo;anxi\u00e9t\u00e9 et de l&rsquo;insomnie. Consultez toujours votre m\u00e9decin avant d&rsquo;utiliser un suppl\u00e9ment et suivez attentivement les instructions sur l&rsquo;\u00e9tiquette.   <\/p>\n<p data-start=\"1406\" data-end=\"1768\">\u26a0\ufe0f <strong data-start=\"1409\" data-end=\"1421\">AVERTISSEMENT :<\/strong><br data-start=\"1421\" data-end=\"1424\">Ce br\u00fbleur ECA ne doit PAS \u00eatre utilis\u00e9 si vous avez une pression art\u00e9rielle \u00e9lev\u00e9e, une thyro\u00efde hyperactive, des troubles du rythme cardiaque, d&rsquo;autres affections cardiaques ou de l&rsquo;\u00e9pilepsie. Il n&rsquo;est pas non plus recommand\u00e9 aux personnes de moins de 18 ans. Si vous avez d&rsquo;autres questions concernant l&rsquo;utilisation de ce produit, n&rsquo;h\u00e9sitez pas \u00e0 nous contacter via le formulaire de contact.  <\/p>\n<\/div>\n<\/div>\n","protected":false},"excerpt":{"rendered":"<p>Zion labs \u2013 T5 ECA br\u00fbleur de graisseavantages du br\u00fbleur de graisse T5 ECA L&rsquo;utilisation de suppl\u00e9ments br\u00fbleurs de graisse est populaire chez les personnes qui cherchent \u00e0 perdre du poids et \u00e0 am\u00e9liorer leur composition corporelle. L&rsquo;un des suppl\u00e9ments les plus efficaces sur le march\u00e9 contient une combinaison d&rsquo;\u00e9ph\u00e9drine, de caf\u00e9ine et d&rsquo;aspirine, \u00e9galement &#8230; <a title=\"T5 Zion labs sub zero br\u00fbleur de graisse 60 capsules\" class=\"read-more\" href=\"https:\/\/www.gainmode.to\/fr\/produit\/t5-zion-labs-sub-zero-bruleur-de-graisse-60-capsules\/\" aria-label=\"En savoir plus sur T5 Zion labs sub zero br\u00fbleur de graisse 60 capsules\">Lire la suite<\/a><\/p>\n","protected":false},"featured_media":614,"comment_status":"open","ping_status":"closed","template":"","meta":[],"product_brand":[101],"product_cat":[874,982,3741],"product_tag":[3747,3758,3742,3748,3756,3743,3745,3746,3750,3752,3754,3744],"class_list":{"0":"post-2409","1":"product","2":"type-product","3":"status-publish","4":"has-post-thumbnail","6":"product_brand-zion-labs","7":"product_cat-non-categorise","8":"product_cat-perte-de-poids","9":"product_cat-t5-fr","10":"product_tag-acheter-t5-sub-zero-en-ligne","11":"product_tag-booster-de-metabolisme-t5-sub-zero","12":"product_tag-bruleur-de-graisse-t5-zion-labs","13":"product_tag-bruleur-de-graisse-thermogenique","14":"product_tag-capsules-de-perte-de-graisse-zion-labs","15":"product_tag-capsules-sub-zero-fat-burner","16":"product_tag-complement-de-perte-de-poids-zion-labs","17":"product_tag-meilleur-bruleur-de-graisse-2025","18":"product_tag-pilules-bruleur-de-graisse-extreme","19":"product_tag-pilules-de-regime-t5-uk","20":"product_tag-resultats-t5-zion-labs-sub-zero","21":"product_tag-t5-fat-burner-60-capsules-fr","23":"first","24":"instock","25":"shipping-taxable","26":"purchasable","27":"product-type-simple"},"_links":{"self":[{"href":"https:\/\/www.gainmode.to\/fr\/wp-json\/wp\/v2\/product\/2409","targetHints":{"allow":["GET"]}}],"collection":[{"href":"https:\/\/www.gainmode.to\/fr\/wp-json\/wp\/v2\/product"}],"about":[{"href":"https:\/\/www.gainmode.to\/fr\/wp-json\/wp\/v2\/types\/product"}],"replies":[{"embeddable":true,"href":"https:\/\/www.gainmode.to\/fr\/wp-json\/wp\/v2\/comments?post=2409"}],"wp:featuredmedia":[{"embeddable":true,"href":"https:\/\/www.gainmode.to\/fr\/wp-json\/wp\/v2\/media\/614"}],"wp:attachment":[{"href":"https:\/\/www.gainmode.to\/fr\/wp-json\/wp\/v2\/media?parent=2409"}],"wp:term":[{"taxonomy":"product_brand","embeddable":true,"href":"https:\/\/www.gainmode.to\/fr\/wp-json\/wp\/v2\/product_brand?post=2409"},{"taxonomy":"product_cat","embeddable":true,"href":"https:\/\/www.gainmode.to\/fr\/wp-json\/wp\/v2\/product_cat?post=2409"},{"taxonomy":"product_tag","embeddable":true,"href":"https:\/\/www.gainmode.to\/fr\/wp-json\/wp\/v2\/product_tag?post=2409"}],"curies":[{"name":"wp","href":"https:\/\/api.w.org\/{rel}","templated":true}]}}