{"id":2419,"date":"2025-06-27T13:59:47","date_gmt":"2025-06-27T13:59:47","guid":{"rendered":"https:\/\/www.gainmode.to\/product\/t4-unique-100-x-40-mcg\/"},"modified":"2025-06-27T13:59:47","modified_gmt":"2025-06-27T13:59:47","slug":"t4-unique-100-x-40-mcg","status":"publish","type":"product","link":"https:\/\/www.gainmode.to\/fr\/produit\/t4-unique-100-x-40-mcg\/","title":{"rendered":"T4 Unique 100 x 40 mcg"},"content":{"rendered":"<h2><b>Qu&rsquo;est-ce que la T4 ?<\/b><\/h2>\n<p>La T4, \u00e9galement connue sous le nom de l\u00e9vothyroxine, est une hormone thyro\u00efdienne synth\u00e9tique souvent utilis\u00e9e pour favoriser la perte de graisse. Elle est convertie en hormone active T3 dans le corps, ce qui augmente le m\u00e9tabolisme et br\u00fble les calories plus rapidement. Cela fait de <strong>l&rsquo;achat de T4<\/strong> un choix populaire pour les athl\u00e8tes visant la perte de poids et l&rsquo;\u00e9quilibre \u00e9nerg\u00e9tique.  <\/p>\n<h2><b>Comment fonctionne T4 Unique pharma&nbsp;?<\/b><\/h2>\n<p>Les <strong>anabolisants T4<\/strong> augmentent l&rsquo;activit\u00e9 thyro\u00efdienne, ce qui entra\u00eene un m\u00e9tabolisme plus \u00e9lev\u00e9. Cela acc\u00e9l\u00e8re la combustion des graisses, augmente les niveaux d&rsquo;\u00e9nergie et soutient la masse musculaire maigre. Il est id\u00e9al pour une utilisation pendant un cycle de coupe ou en combinaison avec d&rsquo;autres anabolisants.  <\/p>\n<h2><b>Effets secondaires d&rsquo;un cycle de T4<\/b><\/h2>\n<p>Bien que <strong>l&rsquo;utilisation de T4 pour la perte de poids<\/strong> puisse \u00eatre efficace, des effets secondaires peuvent survenir en cas d&rsquo;utilisation inappropri\u00e9e, tels que : <\/p>\n<ul>\n<li>Augmentation de la fr\u00e9quence cardiaque.<\/li>\n<li>Agitation et insomnie.<\/li>\n<li>Suppression de la thyro\u00efde en cas d&rsquo;utilisation prolong\u00e9e.<\/li>\n<\/ul>\n<p>Il est important de suivre la posologie recommand\u00e9e et de diminuer progressivement pour minimiser les effets secondaires.<\/p>\n<h2><b>Posologie de T4<\/b><\/h2>\n<p>La dose recommand\u00e9e de <strong>T4 Unique Pharma<\/strong> se situe entre 50 et 100&nbsp;mcg par jour, en fonction de votre exp\u00e9rience et de vos objectifs. Commencez par une faible dose et augmentez-la progressivement pour \u00e9viter les probl\u00e8mes d\u2019adaptation. <\/p>\n<h2><b>Pourquoi acheter T4 ?<\/b><\/h2>\n<p><strong>T4 Unique Pharma<\/strong> est un excellent choix pour les athl\u00e8tes qui cherchent \u00e0 perdre de la graisse et \u00e0 maintenir leur niveau d\u2019\u00e9nergie pendant un cycle. Commandez d\u00e8s aujourd\u2019hui <\/p>\n","protected":false},"excerpt":{"rendered":"<p>Qu&rsquo;est-ce que la T4 ? La T4, \u00e9galement connue sous le nom de l\u00e9vothyroxine, est une hormone thyro\u00efdienne synth\u00e9tique souvent utilis\u00e9e pour favoriser la perte de graisse. Elle est convertie en hormone active T3 dans le corps, ce qui augmente le m\u00e9tabolisme et br\u00fble les calories plus rapidement. Cela fait de l&rsquo;achat de T4 un &#8230; <a title=\"T4 Unique 100 x 40 mcg\" class=\"read-more\" href=\"https:\/\/www.gainmode.to\/fr\/produit\/t4-unique-100-x-40-mcg\/\" aria-label=\"En savoir plus sur T4 Unique 100 x 40 mcg\">Lire la suite<\/a><\/p>\n","protected":false},"featured_media":604,"comment_status":"closed","ping_status":"closed","template":"","meta":[],"product_brand":[79],"product_cat":[874,982,3857],"product_tag":[3862,3872,3864,3861,3860,3868,3870,1446,3858,3859,3866,1077],"class_list":{"0":"post-2419","1":"product","2":"type-product","3":"status-publish","4":"has-post-thumbnail","6":"product_brand-unique","7":"product_cat-non-categorise","8":"product_cat-perte-de-poids","9":"product_cat-t4-fr","10":"product_tag-40-mcg-de-t4","11":"product_tag-booster-de-metabolisme","12":"product_tag-comprimes-de-thyroxine","13":"product_tag-hormone-thyroidienne","14":"product_tag-levothyroxine-fr","15":"product_tag-soutien-a-la-perte-de-poids","16":"product_tag-soutien-thyroidien","17":"product_tag-supplements-de-musculation","18":"product_tag-t4-fr","19":"product_tag-t4-unique-fr","20":"product_tag-traitement-de-lhypothyroidie","21":"product_tag-unique-pharma-fr","23":"first","24":"instock","25":"shipping-taxable","26":"purchasable","27":"product-type-simple"},"_links":{"self":[{"href":"https:\/\/www.gainmode.to\/fr\/wp-json\/wp\/v2\/product\/2419","targetHints":{"allow":["GET"]}}],"collection":[{"href":"https:\/\/www.gainmode.to\/fr\/wp-json\/wp\/v2\/product"}],"about":[{"href":"https:\/\/www.gainmode.to\/fr\/wp-json\/wp\/v2\/types\/product"}],"replies":[{"embeddable":true,"href":"https:\/\/www.gainmode.to\/fr\/wp-json\/wp\/v2\/comments?post=2419"}],"wp:featuredmedia":[{"embeddable":true,"href":"https:\/\/www.gainmode.to\/fr\/wp-json\/wp\/v2\/media\/604"}],"wp:attachment":[{"href":"https:\/\/www.gainmode.to\/fr\/wp-json\/wp\/v2\/media?parent=2419"}],"wp:term":[{"taxonomy":"product_brand","embeddable":true,"href":"https:\/\/www.gainmode.to\/fr\/wp-json\/wp\/v2\/product_brand?post=2419"},{"taxonomy":"product_cat","embeddable":true,"href":"https:\/\/www.gainmode.to\/fr\/wp-json\/wp\/v2\/product_cat?post=2419"},{"taxonomy":"product_tag","embeddable":true,"href":"https:\/\/www.gainmode.to\/fr\/wp-json\/wp\/v2\/product_tag?post=2419"}],"curies":[{"name":"wp","href":"https:\/\/api.w.org\/{rel}","templated":true}]}}