{"id":2436,"date":"2025-06-27T13:36:05","date_gmt":"2025-06-27T13:36:05","guid":{"rendered":"https:\/\/www.gainmode.to\/product\/t3-prime-100x25mcg\/"},"modified":"2025-06-27T13:36:05","modified_gmt":"2025-06-27T13:36:05","slug":"t3-prime-100x25mcg","status":"publish","type":"product","link":"https:\/\/www.gainmode.to\/fr\/produit\/t3-prime-100x25mcg\/","title":{"rendered":"T3 prime 100x25mcg"},"content":{"rendered":"<h2><b>Qu&rsquo;est-ce que la T3 ?<\/b><\/h2>\n<p>La T3, \u00e9galement connue sous le nom de liothyronine, est une hormone thyro\u00efdienne synth\u00e9tique souvent utilis\u00e9e pour favoriser la perte de graisse. Elle augmente le m\u00e9tabolisme, aidant \u00e0 br\u00fbler les calories plus rapidement. Cela fait de l&rsquo;<strong>achat de T3<\/strong> un choix id\u00e9al pour les athl\u00e8tes qui cherchent \u00e0 perdre de la graisse sans perdre de masse musculaire.  <\/p>\n<h2><b>Comment fonctionne T3 prime pharma ?<\/b><\/h2>\n<p>Les <strong>anabolisants T3<\/strong> stimulent la thyro\u00efde pour augmenter le m\u00e9tabolisme. Cela acc\u00e9l\u00e8re la perte de graisse et augmente les niveaux d&rsquo;\u00e9nergie, ce qui le rend id\u00e9al pour une utilisation pendant un cycle de coupe. Il soutient \u00e9galement la masse musculaire maigre, ce qui est essentiel pendant un r\u00e9gime hypocalorique.  <\/p>\n<h2><b>Effets secondaires d&rsquo;un cycle de T3<\/b><\/h2>\n<p>Bien que l&rsquo;<strong>utilisation de la T3 pour la perte de poids<\/strong> soit une strat\u00e9gie efficace, des effets secondaires peuvent survenir en cas d&rsquo;utilisation inappropri\u00e9e, tels que : <\/p>\n<ul>\n<li>Palpitations cardiaques.<\/li>\n<li>Transpiration excessive.<\/li>\n<li>Suppression de la thyro\u00efde en cas d&rsquo;utilisation prolong\u00e9e.<\/li>\n<\/ul>\n<p>Un dosage appropri\u00e9 et une diminution progressive minimisent le risque d&rsquo;effets secondaires.<\/p>\n<h2><b>Dosage de T3<\/b><\/h2>\n<p>La dose recommand\u00e9e de <strong>T3 Prime Pharma<\/strong> est comprise entre 25 et 50 mcg par jour, en fonction de votre exp\u00e9rience et de vos objectifs. Commencez par une faible dose et augmentez-la progressivement pour \u00e9viter les probl\u00e8mes d&rsquo;adaptation. <\/p>\n<h2><b>Pourquoi acheter T3 ?<\/b><\/h2>\n<p><strong>T3 Prime Pharma<\/strong> est un excellent choix pour ceux qui cherchent \u00e0 perdre de la graisse rapidement et \u00e0 maintenir leur \u00e9nergie pendant un cycle. Commandez d\u00e8s aujourd&rsquo;hui <\/p>\n","protected":false},"excerpt":{"rendered":"<p>Qu&rsquo;est-ce que la T3 ? La T3, \u00e9galement connue sous le nom de liothyronine, est une hormone thyro\u00efdienne synth\u00e9tique souvent utilis\u00e9e pour favoriser la perte de graisse. Elle augmente le m\u00e9tabolisme, aidant \u00e0 br\u00fbler les calories plus rapidement. Cela fait de l&rsquo;achat de T3 un choix id\u00e9al pour les athl\u00e8tes qui cherchent \u00e0 perdre de &#8230; <a title=\"T3 prime 100x25mcg\" class=\"read-more\" href=\"https:\/\/www.gainmode.to\/fr\/produit\/t3-prime-100x25mcg\/\" aria-label=\"En savoir plus sur T3 prime 100x25mcg\">Lire la suite<\/a><\/p>\n","protected":false},"featured_media":594,"comment_status":"open","ping_status":"closed","template":"","meta":[],"product_brand":[80],"product_cat":[874,982,3937],"product_tag":[3872,3861,3943,3951,3948,3870,3938,3980,3947,3981],"class_list":{"0":"post-2436","1":"product","2":"type-product","3":"status-publish","4":"has-post-thumbnail","6":"product_brand-prime-pharma","7":"product_cat-non-categorise","8":"product_cat-perte-de-poids","9":"product_cat-t3-fr","10":"product_tag-booster-de-metabolisme","11":"product_tag-hormone-thyroidienne","12":"product_tag-liothyronine-fr","13":"product_tag-medicament-contre-lhypothyroidie","14":"product_tag-prime-fr","15":"product_tag-soutien-thyroidien","16":"product_tag-t3-fr","17":"product_tag-t3-prime-fr","18":"product_tag-t3-synthetique","19":"product_tag-therapie-t3","21":"first","22":"instock","23":"shipping-taxable","24":"purchasable","25":"product-type-simple"},"_links":{"self":[{"href":"https:\/\/www.gainmode.to\/fr\/wp-json\/wp\/v2\/product\/2436","targetHints":{"allow":["GET"]}}],"collection":[{"href":"https:\/\/www.gainmode.to\/fr\/wp-json\/wp\/v2\/product"}],"about":[{"href":"https:\/\/www.gainmode.to\/fr\/wp-json\/wp\/v2\/types\/product"}],"replies":[{"embeddable":true,"href":"https:\/\/www.gainmode.to\/fr\/wp-json\/wp\/v2\/comments?post=2436"}],"wp:featuredmedia":[{"embeddable":true,"href":"https:\/\/www.gainmode.to\/fr\/wp-json\/wp\/v2\/media\/594"}],"wp:attachment":[{"href":"https:\/\/www.gainmode.to\/fr\/wp-json\/wp\/v2\/media?parent=2436"}],"wp:term":[{"taxonomy":"product_brand","embeddable":true,"href":"https:\/\/www.gainmode.to\/fr\/wp-json\/wp\/v2\/product_brand?post=2436"},{"taxonomy":"product_cat","embeddable":true,"href":"https:\/\/www.gainmode.to\/fr\/wp-json\/wp\/v2\/product_cat?post=2436"},{"taxonomy":"product_tag","embeddable":true,"href":"https:\/\/www.gainmode.to\/fr\/wp-json\/wp\/v2\/product_tag?post=2436"}],"curies":[{"name":"wp","href":"https:\/\/api.w.org\/{rel}","templated":true}]}}