{"id":2447,"date":"2025-06-27T13:15:21","date_gmt":"2025-06-27T13:15:21","guid":{"rendered":"https:\/\/www.gainmode.to\/product\/r-hcg-prime-5000iu\/"},"modified":"2025-11-08T11:02:16","modified_gmt":"2025-11-08T11:02:16","slug":"r-hcg-prime-5000iu","status":"publish","type":"product","link":"https:\/\/www.gainmode.to\/fr\/produit\/r-hcg-prime-5000iu\/","title":{"rendered":"r-HCG prime 5000iu"},"content":{"rendered":"<h2><b>Qu&rsquo;est-ce que le r-HCG ?<\/b><\/h2>\n<p>Le r-HCG, ou gonadotrophine chorionique humaine, est une hormone peptidique largement utilis\u00e9e en combinaison avec un cycle anabolisant. Il soutient la production naturelle de testost\u00e9rone et pr\u00e9vient l&rsquo;atrophie testiculaire. Cela fait de l&rsquo;<strong>achat de HCG<\/strong> un choix essentiel pour les athl\u00e8tes qui cherchent \u00e0 prot\u00e9ger leur \u00e9quilibre hormonal.  <\/p>\n<h2><b>Comment fonctionne r-HCG prime pharma ?<\/b><\/h2>\n<p>L&rsquo;<strong>HCG pendant un cycle<\/strong> stimule la production de l&rsquo;hormone lut\u00e9inisante (LH), ce qui favorise la production naturelle de testost\u00e9rone dans les testicules. Il aide \u00e9galement \u00e0 r\u00e9tablir l&rsquo;\u00e9quilibre hormonal pendant une <strong>th\u00e9rapie post-cycle HCG<\/strong>, ce qui est crucial apr\u00e8s un cycle anabolisant intensif. <\/p>\n<h2><b>Effets secondaires de l&rsquo;HCG<\/b><\/h2>\n<p>Bien que l&rsquo;<strong>achat de HCG<\/strong> soit consid\u00e9r\u00e9 comme s\u00fbr, des effets secondaires peuvent survenir en cas d&rsquo;utilisation inappropri\u00e9e, tels que : <\/p>\n<ul>\n<li>Maux de t\u00eate.<\/li>\n<li>L\u00e9g\u00e8re irritation au site d&rsquo;injection.<\/li>\n<li>Fluctuations hormonales en cas de surdosage.<\/li>\n<\/ul>\n<p>Le respect de la posologie recommand\u00e9e minimise ces risques.<\/p>\n<h2><b>Posologie du r-HCG<\/b><\/h2>\n<p>La posologie recommand\u00e9e de <strong>HCG Prime Pharma<\/strong> varie entre 500 et 1000 UI par semaine, en fonction de vos objectifs et de vos besoins. Il est administr\u00e9 par voie intramusculaire ou sous-cutan\u00e9e, souvent divis\u00e9 en deux injections par semaine. <\/p>\n<h2><b>Pourquoi acheter de l&rsquo;HCG ?<\/b><\/h2>\n<p><strong>HCG Prime Pharma<\/strong> est un choix fiable pour les athl\u00e8tes qui cherchent \u00e0 soutenir leur production naturelle de testost\u00e9rone et \u00e0 \u00e9viter les effets secondaires. Commandez d\u00e8s aujourd&rsquo;hui <\/p>\n","protected":false},"excerpt":{"rendered":"<p>Qu&rsquo;est-ce que le r-HCG ? Le r-HCG, ou gonadotrophine chorionique humaine, est une hormone peptidique largement utilis\u00e9e en combinaison avec un cycle anabolisant. Il soutient la production naturelle de testost\u00e9rone et pr\u00e9vient l&rsquo;atrophie testiculaire. Cela fait de l&rsquo;achat de HCG un choix essentiel pour les athl\u00e8tes qui cherchent \u00e0 prot\u00e9ger leur \u00e9quilibre hormonal. Comment fonctionne &#8230; <a title=\"r-HCG prime 5000iu\" class=\"read-more\" href=\"https:\/\/www.gainmode.to\/fr\/produit\/r-hcg-prime-5000iu\/\" aria-label=\"En savoir plus sur r-HCG prime 5000iu\">Lire la suite<\/a><\/p>\n","protected":false},"featured_media":1763,"comment_status":"open","ping_status":"closed","template":"","meta":[],"product_brand":[80],"product_cat":[3998,1251],"product_tag":[4006,4002,4001,4004,4005,4003,3948,3999,4052,4007],"class_list":{"0":"post-2447","1":"product","2":"type-product","3":"status-publish","4":"has-post-thumbnail","6":"product_brand-prime-pharma","7":"product_cat-hcg-fr","8":"product_cat-peptides-fr","9":"product_tag-declencheur-dovulation","10":"product_tag-gonadotrophine-chorionique-humaine","11":"product_tag-hcg-5000-ui","12":"product_tag-hypogonadisme-masculin","13":"product_tag-infertilite-feminine","14":"product_tag-injection-de-fertilite","15":"product_tag-prime-fr","16":"product_tag-rhcg-fr","17":"product_tag-rhcg-prime-fr","18":"product_tag-soutien-de-la-testosterone","20":"first","21":"outofstock","22":"shipping-taxable","23":"purchasable","24":"product-type-simple"},"_links":{"self":[{"href":"https:\/\/www.gainmode.to\/fr\/wp-json\/wp\/v2\/product\/2447","targetHints":{"allow":["GET"]}}],"collection":[{"href":"https:\/\/www.gainmode.to\/fr\/wp-json\/wp\/v2\/product"}],"about":[{"href":"https:\/\/www.gainmode.to\/fr\/wp-json\/wp\/v2\/types\/product"}],"replies":[{"embeddable":true,"href":"https:\/\/www.gainmode.to\/fr\/wp-json\/wp\/v2\/comments?post=2447"}],"wp:featuredmedia":[{"embeddable":true,"href":"https:\/\/www.gainmode.to\/fr\/wp-json\/wp\/v2\/media\/1763"}],"wp:attachment":[{"href":"https:\/\/www.gainmode.to\/fr\/wp-json\/wp\/v2\/media?parent=2447"}],"wp:term":[{"taxonomy":"product_brand","embeddable":true,"href":"https:\/\/www.gainmode.to\/fr\/wp-json\/wp\/v2\/product_brand?post=2447"},{"taxonomy":"product_cat","embeddable":true,"href":"https:\/\/www.gainmode.to\/fr\/wp-json\/wp\/v2\/product_cat?post=2447"},{"taxonomy":"product_tag","embeddable":true,"href":"https:\/\/www.gainmode.to\/fr\/wp-json\/wp\/v2\/product_tag?post=2447"}],"curies":[{"name":"wp","href":"https:\/\/api.w.org\/{rel}","templated":true}]}}