{"id":2449,"date":"2025-06-27T13:11:48","date_gmt":"2025-06-27T13:11:48","guid":{"rendered":"https:\/\/www.gainmode.to\/product\/proviron-unique-100x25mg\/"},"modified":"2025-06-27T13:11:48","modified_gmt":"2025-06-27T13:11:48","slug":"proviron-unique-100x25mg","status":"publish","type":"product","link":"https:\/\/www.gainmode.to\/fr\/produit\/proviron-unique-100x25mg\/","title":{"rendered":"Proviron Unique 100x25mg"},"content":{"rendered":"<h2><b>Qu&rsquo;est-ce que le proviron ?<\/b><\/h2>\n<p>Le Proviron, \u00e9galement connu sous le nom de Mesterolone, est un anabolisant oral unique souvent utilis\u00e9 pendant ou apr\u00e8s un cycle. Il est populaire pour sa capacit\u00e9 \u00e0 r\u00e9duire les effets secondaires li\u00e9s aux \u0153strog\u00e8nes et \u00e0 soutenir la libido. Cela fait de l&rsquo;<strong>achat de Proviron<\/strong> un excellent choix pour les athl\u00e8tes qui cherchent \u00e0 optimiser leurs r\u00e9sultats.  <\/p>\n<h2><b>Comment fonctionne Proviron Unique Pharma ?<\/b><\/h2>\n<p>Les <strong>anabolisants Proviron<\/strong> se lient aux r\u00e9cepteurs d&rsquo;\u0153strog\u00e8nes, aidant \u00e0 pr\u00e9venir la r\u00e9tention d&rsquo;eau et la gyn\u00e9comastie. De plus, Proviron augmente les niveaux de testost\u00e9rone libre dans le corps, ce qui entra\u00eene plus de force, d&rsquo;\u00e9nergie et de duret\u00e9 musculaire. <\/p>\n<h2><b>Effets secondaires du proviron<\/b><\/h2>\n<p>Bien que l&rsquo;<strong>achat de Proviron<\/strong> soit consid\u00e9r\u00e9 comme s\u00fbr, des effets secondaires peuvent survenir avec une utilisation prolong\u00e9e ou des dosages \u00e9lev\u00e9s, tels que : <\/p>\n<ul>\n<li>Acn\u00e9 l\u00e9g\u00e8re ou peau grasse.<\/li>\n<li>Augmentation de l&rsquo;agressivit\u00e9.<\/li>\n<li>Suppression de la production naturelle de testost\u00e9rone en cas d&rsquo;utilisation excessive.<\/li>\n<\/ul>\n<p>Un dosage appropri\u00e9 minimise le risque d&rsquo;effets secondaires.<\/p>\n<h2><b>Dosage du proviron<\/b><\/h2>\n<p>La dose recommand\u00e9e de <strong>Proviron Unique Pharma<\/strong> varie entre 25 et 75 mg par jour, selon vos objectifs. Il est pris par voie orale, ce qui en fait un choix pratique pour un soutien quotidien pendant un cycle. <\/p>\n<h2><b>Pourquoi acheter du proviron ?<\/b><\/h2>\n<p><strong>Proviron Unique Pharma<\/strong> est le choix id\u00e9al pour les athl\u00e8tes qui cherchent \u00e0 minimiser les effets secondaires li\u00e9s aux \u0153strog\u00e8nes tout en augmentant la duret\u00e9 et la force musculaires. Commandez d\u00e8s aujourd&rsquo;hui <\/p>\n","protected":false},"excerpt":{"rendered":"<p>Qu&rsquo;est-ce que le proviron ? Le Proviron, \u00e9galement connu sous le nom de Mesterolone, est un anabolisant oral unique souvent utilis\u00e9 pendant ou apr\u00e8s un cycle. Il est populaire pour sa capacit\u00e9 \u00e0 r\u00e9duire les effets secondaires li\u00e9s aux \u0153strog\u00e8nes et \u00e0 soutenir la libido. Cela fait de l&rsquo;achat de Proviron un excellent choix pour &#8230; <a title=\"Proviron Unique 100x25mg\" class=\"read-more\" href=\"https:\/\/www.gainmode.to\/fr\/produit\/proviron-unique-100x25mg\/\" aria-label=\"En savoir plus sur Proviron Unique 100x25mg\">Lire la suite<\/a><\/p>\n","protected":false},"featured_media":579,"comment_status":"open","ping_status":"closed","template":"","meta":[],"product_brand":[80,79],"product_cat":[874,4056],"product_tag":[4061,4060,4063,4065,2090,4059,4066,4057,4058,4064,4062,1077],"class_list":{"0":"post-2449","1":"product","2":"type-product","3":"status-publish","4":"has-post-thumbnail","6":"product_brand-prime-pharma","7":"product_brand-unique","8":"product_cat-non-categorise","9":"product_cat-proviron-fr","10":"product_tag-100-comprimes","11":"product_tag-25-mg-fr","12":"product_tag-ameliorateur-de-libido","13":"product_tag-durete-musculaire","14":"product_tag-fertilite-masculine","15":"product_tag-mesterolone-fr","16":"product_tag-modulateur-doestrogenes","17":"product_tag-proviron-fr","18":"product_tag-proviron-unique-fr","19":"product_tag-reducteur-de-shbg","20":"product_tag-soutien-androgene","21":"product_tag-unique-pharma-fr","23":"first","24":"instock","25":"shipping-taxable","26":"product-type-simple"},"_links":{"self":[{"href":"https:\/\/www.gainmode.to\/fr\/wp-json\/wp\/v2\/product\/2449","targetHints":{"allow":["GET"]}}],"collection":[{"href":"https:\/\/www.gainmode.to\/fr\/wp-json\/wp\/v2\/product"}],"about":[{"href":"https:\/\/www.gainmode.to\/fr\/wp-json\/wp\/v2\/types\/product"}],"replies":[{"embeddable":true,"href":"https:\/\/www.gainmode.to\/fr\/wp-json\/wp\/v2\/comments?post=2449"}],"wp:featuredmedia":[{"embeddable":true,"href":"https:\/\/www.gainmode.to\/fr\/wp-json\/wp\/v2\/media\/579"}],"wp:attachment":[{"href":"https:\/\/www.gainmode.to\/fr\/wp-json\/wp\/v2\/media?parent=2449"}],"wp:term":[{"taxonomy":"product_brand","embeddable":true,"href":"https:\/\/www.gainmode.to\/fr\/wp-json\/wp\/v2\/product_brand?post=2449"},{"taxonomy":"product_cat","embeddable":true,"href":"https:\/\/www.gainmode.to\/fr\/wp-json\/wp\/v2\/product_cat?post=2449"},{"taxonomy":"product_tag","embeddable":true,"href":"https:\/\/www.gainmode.to\/fr\/wp-json\/wp\/v2\/product_tag?post=2449"}],"curies":[{"name":"wp","href":"https:\/\/api.w.org\/{rel}","templated":true}]}}