{"id":2466,"date":"2025-06-27T12:45:24","date_gmt":"2025-06-27T12:45:24","guid":{"rendered":"https:\/\/www.gainmode.to\/product\/methyltren-tabs-prime-50x1mg\/"},"modified":"2025-06-27T12:45:24","modified_gmt":"2025-06-27T12:45:24","slug":"methyltren-tabs-prime-50x1mg","status":"publish","type":"product","link":"https:\/\/www.gainmode.to\/fr\/produit\/methyltren-tabs-prime-50x1mg\/","title":{"rendered":"Methyltren tabs prime 50x1mg"},"content":{"rendered":"<h2><strong>Qu&rsquo;est-ce que le m\u00e9thyltrenbolone oral&nbsp;?<\/strong><\/h2>\n<p>Methyltren Oral, dos\u00e9 \u00e0 1&nbsp;mg par comprim\u00e9, est l\u2019un des st\u00e9ro\u00efdes anabolisants oraux les plus puissants sur le march\u00e9. C\u2019est une variante synth\u00e9tique du trenbolone et il est connu pour ses effets exceptionnellement forts, m\u00eame \u00e0 tr\u00e8s faibles doses. Methyltren est couramment utilis\u00e9 par les culturistes exp\u00e9riment\u00e9s qui recherchent des augmentations extr\u00eames de la force et de la masse musculaire.  <\/p>\n<h2><strong>Comment le m\u00e9thyltrenbolone oral agit-il&nbsp;?<\/strong><\/h2>\n<p>Gr\u00e2ce \u00e0 sa forte activit\u00e9 anabolisante et androg\u00e8ne, Methyltren favorise une croissance musculaire rapide et des gains de force importants. Il se lie fortement aux r\u00e9cepteurs androg\u00e8nes, ce qui entra\u00eene une synth\u00e8se des prot\u00e9ines plus efficace et une meilleure r\u00e9cup\u00e9ration musculaire. De plus, il aide \u00e0 pr\u00e9server la masse musculaire pendant les d\u00e9ficits caloriques.  <\/p>\n<h2><strong>Effets secondaires du m\u00e9thyltrenbolone oral<\/strong><\/h2>\n<p>Bien que Methyltren soit extr\u00eamement efficace, des effets secondaires peuvent survenir en raison de sa forte puissance&nbsp;:<\/p>\n<ul>\n<li>Toxicit\u00e9 h\u00e9patique en cas d\u2019utilisation prolong\u00e9e ou irresponsable.<\/li>\n<li>Augmentation de l&rsquo;agressivit\u00e9.<\/li>\n<li>Acn\u00e9 et perte de cheveux.<\/li>\n<li>Suppression de la production naturelle de testost\u00e9rone.<\/li>\n<\/ul>\n<p>Il est essentiel d\u2019utiliser Methyltren de mani\u00e8re responsable et de respecter strictement la posologie et la dur\u00e9e d\u2019utilisation recommand\u00e9es.<\/p>\n<h2><strong>Posologie du m\u00e9thyltrenbolone oral<\/strong><\/h2>\n<p>En raison de sa forte puissance, la posologie recommand\u00e9e est extr\u00eamement faible&nbsp;: 0,5&nbsp;mg \u00e0 un maximum de 1&nbsp;mg par jour. Il est conseill\u00e9 aux utilisateurs de limiter l\u2019utilisation de Methyltren \u00e0 2 \u00e0 4&nbsp;semaines afin de minimiser la pression sur le foie. <\/p>\n<h2><strong>Pourquoi choisir le m\u00e9thyltrenbolone oral&nbsp;?<\/strong><\/h2>\n<p>Methyltren Oral est parfait pour les utilisateurs avanc\u00e9s qui recherchent des r\u00e9sultats maximums en peu de temps. Il offre des augmentations in\u00e9gal\u00e9es de la force et de la masse musculaire, m\u00eame \u00e0 tr\u00e8s faibles doses. <\/p>\n<h2><strong>Commandez d\u00e8s aujourd\u2019hui&nbsp;!<\/strong><\/h2>\n<p>Atteignez vos objectifs gr\u00e2ce \u00e0 la puissance ultime de Methyltren Oral. Commandez maintenant et profitez de&nbsp;: <\/p>\n","protected":false},"excerpt":{"rendered":"<p>Qu&rsquo;est-ce que le m\u00e9thyltrenbolone oral&nbsp;? Methyltren Oral, dos\u00e9 \u00e0 1&nbsp;mg par comprim\u00e9, est l\u2019un des st\u00e9ro\u00efdes anabolisants oraux les plus puissants sur le march\u00e9. C\u2019est une variante synth\u00e9tique du trenbolone et il est connu pour ses effets exceptionnellement forts, m\u00eame \u00e0 tr\u00e8s faibles doses. Methyltren est couramment utilis\u00e9 par les culturistes exp\u00e9riment\u00e9s qui recherchent des &#8230; <a title=\"Methyltren tabs prime 50x1mg\" class=\"read-more\" href=\"https:\/\/www.gainmode.to\/fr\/produit\/methyltren-tabs-prime-50x1mg\/\" aria-label=\"En savoir plus sur Methyltren tabs prime 50x1mg\">Lire la suite<\/a><\/p>\n","protected":false},"featured_media":563,"comment_status":"open","ping_status":"closed","template":"","meta":[],"product_brand":[80],"product_cat":[874,4189],"product_tag":[4204,4196,4194,4193,4065,4190,4202,4192,1764,3948,4198,4200,4206],"class_list":{"0":"post-2466","1":"product","2":"type-product","3":"status-publish","4":"has-post-thumbnail","6":"product_brand-prime-pharma","7":"product_cat-non-categorise","8":"product_cat-methyltren-fr","9":"product_tag-50-comprimes","10":"product_tag-ameliorateur-de-force","11":"product_tag-anabolisant-oral","12":"product_tag-comprimes-de-1-mg","13":"product_tag-durete-musculaire","14":"product_tag-methyltren-fr","15":"product_tag-methyltren-tabs-prime-fr","16":"product_tag-methyltrienolone-fr","17":"product_tag-musculation","18":"product_tag-prime-fr","19":"product_tag-pro-hormone-fr","20":"product_tag-soutien-au-cycle-de-coupe","21":"product_tag-ultra-puissant","23":"first","24":"instock","25":"shipping-taxable","26":"purchasable","27":"product-type-simple"},"_links":{"self":[{"href":"https:\/\/www.gainmode.to\/fr\/wp-json\/wp\/v2\/product\/2466","targetHints":{"allow":["GET"]}}],"collection":[{"href":"https:\/\/www.gainmode.to\/fr\/wp-json\/wp\/v2\/product"}],"about":[{"href":"https:\/\/www.gainmode.to\/fr\/wp-json\/wp\/v2\/types\/product"}],"replies":[{"embeddable":true,"href":"https:\/\/www.gainmode.to\/fr\/wp-json\/wp\/v2\/comments?post=2466"}],"wp:featuredmedia":[{"embeddable":true,"href":"https:\/\/www.gainmode.to\/fr\/wp-json\/wp\/v2\/media\/563"}],"wp:attachment":[{"href":"https:\/\/www.gainmode.to\/fr\/wp-json\/wp\/v2\/media?parent=2466"}],"wp:term":[{"taxonomy":"product_brand","embeddable":true,"href":"https:\/\/www.gainmode.to\/fr\/wp-json\/wp\/v2\/product_brand?post=2466"},{"taxonomy":"product_cat","embeddable":true,"href":"https:\/\/www.gainmode.to\/fr\/wp-json\/wp\/v2\/product_cat?post=2466"},{"taxonomy":"product_tag","embeddable":true,"href":"https:\/\/www.gainmode.to\/fr\/wp-json\/wp\/v2\/product_tag?post=2466"}],"curies":[{"name":"wp","href":"https:\/\/api.w.org\/{rel}","templated":true}]}}