{"id":2496,"date":"2025-06-26T21:35:35","date_gmt":"2025-06-26T21:35:35","guid":{"rendered":"https:\/\/www.gainmode.to\/product\/bpc-157-novo-5-mg\/"},"modified":"2025-06-26T21:35:35","modified_gmt":"2025-06-26T21:35:35","slug":"bpc-157-novo-5-mg","status":"publish","type":"product","link":"https:\/\/www.gainmode.to\/fr\/produit\/bpc-157-novo-5-mg\/","title":{"rendered":"BPC-157 novo 5 mg"},"content":{"rendered":"<p>1 flacon de 5 mg de BPC-157 de la marque NOVO.<\/p>\n<p>Le BPC-157 est une substance propre au corps qui est utilis\u00e9e pour acc\u00e9l\u00e9rer la capacit\u00e9 de r\u00e9cup\u00e9ration. Il acc\u00e9l\u00e8re le processus de gu\u00e9rison des blessures sportives. Son utilisation avec le TB-500 permet d&rsquo;obtenir les meilleurs r\u00e9sultats pour r\u00e9parer les d\u00e9chirures musculaires jusqu&rsquo;\u00e0 2 \u00e0 3 fois plus vite.  <\/p>\n","protected":false},"excerpt":{"rendered":"<p>1 flacon de 5 mg de BPC-157 de la marque NOVO. Le BPC-157 est une substance propre au corps qui est utilis\u00e9e pour acc\u00e9l\u00e9rer la capacit\u00e9 de r\u00e9cup\u00e9ration. Il acc\u00e9l\u00e8re le processus de gu\u00e9rison des blessures sportives. Son utilisation avec le TB-500 permet d&rsquo;obtenir les meilleurs r\u00e9sultats pour r\u00e9parer les d\u00e9chirures musculaires jusqu&rsquo;\u00e0 2 \u00e0 &#8230; <a title=\"BPC-157 novo 5 mg\" class=\"read-more\" href=\"https:\/\/www.gainmode.to\/fr\/produit\/bpc-157-novo-5-mg\/\" aria-label=\"En savoir plus sur BPC-157 novo 5 mg\">Lire la suite<\/a><\/p>\n","protected":false},"featured_media":545,"comment_status":"open","ping_status":"closed","template":"","meta":[],"product_brand":[83],"product_cat":[4363,1251],"product_tag":[4369,4365,4367,2534,4373,4135,4371,4375,4377,4378,1260],"class_list":{"0":"post-2496","1":"product","2":"type-product","3":"status-publish","4":"has-post-thumbnail","6":"product_brand-novo","7":"product_cat-bpc-157-fr","8":"product_cat-peptides-fr","9":"product_tag-5-mg-fr","10":"product_tag-bpc157-fr","11":"product_tag-bpc157-novo-fr","12":"product_tag-novo-fr","13":"product_tag-peptide-de-guerison","14":"product_tag-recuperation-musculaire","15":"product_tag-reparation-tissulaire","16":"product_tag-retablissement-apres-une-blessure","17":"product_tag-soutien-anti-inflammatoire","18":"product_tag-soutien-gastro-intestinal","19":"product_tag-therapie-peptidique","21":"first","22":"instock","23":"shipping-taxable","24":"purchasable","25":"product-type-simple"},"_links":{"self":[{"href":"https:\/\/www.gainmode.to\/fr\/wp-json\/wp\/v2\/product\/2496","targetHints":{"allow":["GET"]}}],"collection":[{"href":"https:\/\/www.gainmode.to\/fr\/wp-json\/wp\/v2\/product"}],"about":[{"href":"https:\/\/www.gainmode.to\/fr\/wp-json\/wp\/v2\/types\/product"}],"replies":[{"embeddable":true,"href":"https:\/\/www.gainmode.to\/fr\/wp-json\/wp\/v2\/comments?post=2496"}],"wp:featuredmedia":[{"embeddable":true,"href":"https:\/\/www.gainmode.to\/fr\/wp-json\/wp\/v2\/media\/545"}],"wp:attachment":[{"href":"https:\/\/www.gainmode.to\/fr\/wp-json\/wp\/v2\/media?parent=2496"}],"wp:term":[{"taxonomy":"product_brand","embeddable":true,"href":"https:\/\/www.gainmode.to\/fr\/wp-json\/wp\/v2\/product_brand?post=2496"},{"taxonomy":"product_cat","embeddable":true,"href":"https:\/\/www.gainmode.to\/fr\/wp-json\/wp\/v2\/product_cat?post=2496"},{"taxonomy":"product_tag","embeddable":true,"href":"https:\/\/www.gainmode.to\/fr\/wp-json\/wp\/v2\/product_tag?post=2496"}],"curies":[{"name":"wp","href":"https:\/\/api.w.org\/{rel}","templated":true}]}}