{"id":2513,"date":"2025-06-26T21:14:16","date_gmt":"2025-06-26T21:14:16","guid":{"rendered":"https:\/\/www.gainmode.to\/product\/arimidex-prime-50x1mg\/"},"modified":"2025-06-26T21:14:16","modified_gmt":"2025-06-26T21:14:16","slug":"arimidex-prime-50x1mg","status":"publish","type":"product","link":"https:\/\/www.gainmode.to\/fr\/produit\/arimidex-prime-50x1mg\/","title":{"rendered":"Arimidex prime 50x1mg"},"content":{"rendered":"<h2><b>Qu&rsquo;est-ce que l&rsquo;arimidex ?<\/b><\/h2>\n<p>L&rsquo;arimidex (Anastrozole) est un puissant inhibiteur de l&rsquo;aromatase couramment utilis\u00e9 avec les st\u00e9ro\u00efdes anabolisants pour r\u00e9duire la conversion de la testost\u00e9rone en \u0153strog\u00e8nes. Cela aide \u00e0 pr\u00e9venir les effets secondaires li\u00e9s aux \u0153strog\u00e8nes tels que la r\u00e9tention d&rsquo;eau, la gyn\u00e9comastie et l&rsquo;augmentation de la graisse corporelle. <\/p>\n<h2><b>Comment fonctionne l&rsquo;arimidex ?<\/b><\/h2>\n<p>L&rsquo;arimidex agit en bloquant l&rsquo;enzyme aromatase, qui est responsable de la conversion de la testost\u00e9rone en \u0153strog\u00e8nes. En inhibant ce processus, l&rsquo;arimidex aide \u00e0 r\u00e9duire les niveaux d&rsquo;\u0153strog\u00e8nes dans le corps, ce qui permet d&rsquo;obtenir un physique plus sec et plus mince sans les effets secondaires d&rsquo;un exc\u00e8s d&rsquo;\u0153strog\u00e8nes. <\/p>\n<h2><b>Effets secondaires de l&rsquo;arimidex<\/b><\/h2>\n<p>Bien que l&rsquo;arimidex soit efficace pour r\u00e9duire les \u0153strog\u00e8nes, une utilisation excessive peut entra\u00eener des effets secondaires tels que :<\/p>\n<ul>\n<li>Diminution de la densit\u00e9 osseuse.<\/li>\n<li>Douleurs articulaires.<\/li>\n<li>Fatigue et sautes d&rsquo;humeur.<\/li>\n<\/ul>\n<p>Il est important d&rsquo;utiliser l&rsquo;arimidex conform\u00e9ment \u00e0 la posologie recommand\u00e9e afin de minimiser les effets secondaires.<\/p>\n<h2><b>Posologie de l&rsquo;arimidex<\/b><\/h2>\n<p>La posologie recommand\u00e9e d&rsquo;arimidex est de 0,5 \u00e0 1 mg par jour, en fonction de la gravit\u00e9 des sympt\u00f4mes ou de la posologie des st\u00e9ro\u00efdes utilis\u00e9s. L&rsquo;arimidex est pris par voie orale et reste actif dans le corps pendant environ 24 heures. <\/p>\n<h2><b>Pourquoi acheter de l&rsquo;arimidex ?<\/b><\/h2>\n<p>L&rsquo;arimidex est un ajout essentiel \u00e0 tout cycle impliquant des st\u00e9ro\u00efdes aromatisants. Il aide \u00e0 pr\u00e9venir les effets secondaires ind\u00e9sirables et contribue \u00e0 un physique plus mince et plus sain. Commandez d\u00e8s aujourd&rsquo;hui et profitez de :  <\/p>\n","protected":false},"excerpt":{"rendered":"<p>Qu&rsquo;est-ce que l&rsquo;arimidex ? L&rsquo;arimidex (Anastrozole) est un puissant inhibiteur de l&rsquo;aromatase couramment utilis\u00e9 avec les st\u00e9ro\u00efdes anabolisants pour r\u00e9duire la conversion de la testost\u00e9rone en \u0153strog\u00e8nes. Cela aide \u00e0 pr\u00e9venir les effets secondaires li\u00e9s aux \u0153strog\u00e8nes tels que la r\u00e9tention d&rsquo;eau, la gyn\u00e9comastie et l&rsquo;augmentation de la graisse corporelle. Comment fonctionne l&rsquo;arimidex ? L&rsquo;arimidex &#8230; <a title=\"Arimidex prime 50x1mg\" class=\"read-more\" href=\"https:\/\/www.gainmode.to\/fr\/produit\/arimidex-prime-50x1mg\/\" aria-label=\"En savoir plus sur Arimidex prime 50x1mg\">Lire la suite<\/a><\/p>\n","protected":false},"featured_media":532,"comment_status":"open","ping_status":"closed","template":"","meta":[],"product_brand":[80],"product_cat":[4421,874],"product_tag":[4204,4423,4422,2093,4263,4193,4376,4374,4368,4370,3948,4372],"class_list":{"0":"post-2513","1":"product","2":"type-product","3":"status-publish","4":"has-post-thumbnail","6":"product_brand-prime-pharma","7":"product_cat-arimidex-fr","8":"product_cat-non-categorise","9":"product_tag-50-comprimes","10":"product_tag-anastrozole-fr","11":"product_tag-arimidex-fr","12":"product_tag-bloqueur-doestrogenes","13":"product_tag-complement-de-musculation","14":"product_tag-comprimes-de-1-mg","15":"product_tag-controle-des-oestrogenes","16":"product_tag-definition-musculaire","17":"product_tag-inhibiteur-de-laromatase","18":"product_tag-prevention-de-la-gynecomastie","19":"product_tag-prime-fr","20":"product_tag-therapie-post-cycle-fr","22":"first","23":"instock","24":"shipping-taxable","25":"purchasable","26":"product-type-simple"},"_links":{"self":[{"href":"https:\/\/www.gainmode.to\/fr\/wp-json\/wp\/v2\/product\/2513","targetHints":{"allow":["GET"]}}],"collection":[{"href":"https:\/\/www.gainmode.to\/fr\/wp-json\/wp\/v2\/product"}],"about":[{"href":"https:\/\/www.gainmode.to\/fr\/wp-json\/wp\/v2\/types\/product"}],"replies":[{"embeddable":true,"href":"https:\/\/www.gainmode.to\/fr\/wp-json\/wp\/v2\/comments?post=2513"}],"wp:featuredmedia":[{"embeddable":true,"href":"https:\/\/www.gainmode.to\/fr\/wp-json\/wp\/v2\/media\/532"}],"wp:attachment":[{"href":"https:\/\/www.gainmode.to\/fr\/wp-json\/wp\/v2\/media?parent=2513"}],"wp:term":[{"taxonomy":"product_brand","embeddable":true,"href":"https:\/\/www.gainmode.to\/fr\/wp-json\/wp\/v2\/product_brand?post=2513"},{"taxonomy":"product_cat","embeddable":true,"href":"https:\/\/www.gainmode.to\/fr\/wp-json\/wp\/v2\/product_cat?post=2513"},{"taxonomy":"product_tag","embeddable":true,"href":"https:\/\/www.gainmode.to\/fr\/wp-json\/wp\/v2\/product_tag?post=2513"}],"curies":[{"name":"wp","href":"https:\/\/api.w.org\/{rel}","templated":true}]}}