{"id":2531,"date":"2025-06-26T19:07:51","date_gmt":"2025-06-26T19:07:51","guid":{"rendered":"https:\/\/www.gainmode.to\/product\/anadrol-unique-100x25mg\/"},"modified":"2025-06-26T19:07:51","modified_gmt":"2025-06-26T19:07:51","slug":"anadrol-unique-100x25mg","status":"publish","type":"product","link":"https:\/\/www.gainmode.to\/fr\/produit\/anadrol-unique-100x25mg\/","title":{"rendered":"Anadrol Unique 100x25mg"},"content":{"rendered":"<h2><b>Comment fonctionne Anadrol Unique Pharma ?<\/b><\/h2>\n<p>Anadrol Unique Pharma est un st\u00e9ro\u00efde anabolisant puissant qui offre des r\u00e9sultats rapides et efficaces. Les utilisateurs peuvent gagner jusqu&rsquo;\u00e0 6 kilogrammes en deux semaines. Cela rend Anadrol id\u00e9al pour les athl\u00e8tes qui cherchent \u00e0 augmenter leur masse musculaire. <strong>Remarque :<\/strong> Anadrol est h\u00e9patotoxique et doit \u00eatre utilis\u00e9 avec prudence.  <\/p>\n<p>Anadrol augmente la production de globules rouges et stimule la synth\u00e8se des prot\u00e9ines dans le corps. Cela se traduit par une augmentation de la masse musculaire, une meilleure endurance et une prise de poids rapide. Gardez \u00e0 l&rsquo;esprit que cette prise de poids est en partie caus\u00e9e par la r\u00e9tention d&rsquo;eau et la graisse, car Anadrol se lie aux r\u00e9cepteurs d&rsquo;\u0153strog\u00e8nes.  <\/p>\n<h2><b>Effets secondaires d&rsquo;Anadrol Unique Pharma<\/b><\/h2>\n<p>Comme tous les st\u00e9ro\u00efdes anabolisants, Anadrol peut provoquer des effets secondaires, notamment&nbsp;:<\/p>\n<ul>\n<li>Acn\u00e9 et perte de cheveux.<\/li>\n<li>Hypertension art\u00e9rielle.<\/li>\n<li>Risque accru de probl\u00e8mes h\u00e9patiques.<\/li>\n<\/ul>\n<p>Limitez l&rsquo;utilisation d&rsquo;Anadrol \u00e0 un maximum de 6&nbsp;semaines et respectez la posologie recommand\u00e9e.<\/p>\n<h2><b>Posologie d&rsquo;Anadrol<\/b><\/h2>\n<p>La dose recommand\u00e9e pour Anadrol Unique Pharma varie entre 50 et 150 mg par jour, en fonction du poids corporel de l&rsquo;utilisateur. Anadrol est pris par voie orale sous forme de comprim\u00e9 et reste actif dans le corps pendant environ 16 heures. Combinez ce produit avec un cycle \u00e9quilibr\u00e9 pour des r\u00e9sultats optimaux.  <\/p>\n","protected":false},"excerpt":{"rendered":"<p>Comment fonctionne Anadrol Unique Pharma ? Anadrol Unique Pharma est un st\u00e9ro\u00efde anabolisant puissant qui offre des r\u00e9sultats rapides et efficaces. Les utilisateurs peuvent gagner jusqu&rsquo;\u00e0 6 kilogrammes en deux semaines. Cela rend Anadrol id\u00e9al pour les athl\u00e8tes qui cherchent \u00e0 augmenter leur masse musculaire. Remarque : Anadrol est h\u00e9patotoxique et doit \u00eatre utilis\u00e9 avec &#8230; <a title=\"Anadrol Unique 100x25mg\" class=\"read-more\" href=\"https:\/\/www.gainmode.to\/fr\/produit\/anadrol-unique-100x25mg\/\" aria-label=\"En savoir plus sur Anadrol Unique 100x25mg\">Lire la suite<\/a><\/p>\n","protected":false},"featured_media":522,"comment_status":"open","ping_status":"closed","template":"","meta":[],"product_brand":[79],"product_cat":[4490,874],"product_tag":[4255,1079,4194,4491,4494,4493,4262,2396,4492,2910,4495,1077],"class_list":{"0":"post-2531","1":"product","2":"type-product","3":"status-publish","4":"has-post-thumbnail","6":"product_brand-unique","7":"product_cat-anadrol-fr","8":"product_cat-non-categorise","9":"product_tag-100-unites","10":"product_tag-strength-enhancement-fr","11":"product_tag-anabolisant-oral","12":"product_tag-anadrol-fr","13":"product_tag-booster-de-performance","14":"product_tag-comprimes-de-25-mg","15":"product_tag-cycle-de-prise-de-masse","16":"product_tag-masse-musculaire","17":"product_tag-oxymetholone-fr","18":"product_tag-retention-deau","19":"product_tag-soutien-hepatique","20":"product_tag-unique-pharma-fr","22":"first","23":"instock","24":"shipping-taxable","25":"purchasable","26":"product-type-simple"},"_links":{"self":[{"href":"https:\/\/www.gainmode.to\/fr\/wp-json\/wp\/v2\/product\/2531","targetHints":{"allow":["GET"]}}],"collection":[{"href":"https:\/\/www.gainmode.to\/fr\/wp-json\/wp\/v2\/product"}],"about":[{"href":"https:\/\/www.gainmode.to\/fr\/wp-json\/wp\/v2\/types\/product"}],"replies":[{"embeddable":true,"href":"https:\/\/www.gainmode.to\/fr\/wp-json\/wp\/v2\/comments?post=2531"}],"wp:featuredmedia":[{"embeddable":true,"href":"https:\/\/www.gainmode.to\/fr\/wp-json\/wp\/v2\/media\/522"}],"wp:attachment":[{"href":"https:\/\/www.gainmode.to\/fr\/wp-json\/wp\/v2\/media?parent=2531"}],"wp:term":[{"taxonomy":"product_brand","embeddable":true,"href":"https:\/\/www.gainmode.to\/fr\/wp-json\/wp\/v2\/product_brand?post=2531"},{"taxonomy":"product_cat","embeddable":true,"href":"https:\/\/www.gainmode.to\/fr\/wp-json\/wp\/v2\/product_cat?post=2531"},{"taxonomy":"product_tag","embeddable":true,"href":"https:\/\/www.gainmode.to\/fr\/wp-json\/wp\/v2\/product_tag?post=2531"}],"curies":[{"name":"wp","href":"https:\/\/api.w.org\/{rel}","templated":true}]}}