{"id":2532,"date":"2025-06-26T18:58:43","date_gmt":"2025-06-26T18:58:43","guid":{"rendered":"https:\/\/www.gainmode.to\/product\/anadrol-prime-100x25mg\/"},"modified":"2025-06-26T18:58:43","modified_gmt":"2025-06-26T18:58:43","slug":"anadrol-prime-100x25mg","status":"publish","type":"product","link":"https:\/\/www.gainmode.to\/fr\/produit\/anadrol-prime-100x25mg\/","title":{"rendered":"Anadrol prime 100x25mg"},"content":{"rendered":"<h2><b>Comment fonctionne Anadrol Prime Pharma ?<\/b><\/h2>\n<p>Anadrol Prime Pharma est un st\u00e9ro\u00efde anabolisant puissant qui offre des r\u00e9sultats rapides et efficaces. Les utilisateurs peuvent gagner jusqu&rsquo;\u00e0 6 kilogrammes en deux semaines. Cela rend Anadrol id\u00e9al pour les athl\u00e8tes qui cherchent \u00e0 augmenter leur masse musculaire. <strong>Remarque&nbsp;:<\/strong> Anadrol est h\u00e9patotoxique et doit \u00eatre utilis\u00e9 avec prudence.  <\/p>\n<p>Anadrol augmente la production de globules rouges et stimule la synth\u00e8se des prot\u00e9ines dans le corps. Cela se traduit par une augmentation de la masse musculaire, une meilleure endurance et une prise de poids rapide. Gardez \u00e0 l&rsquo;esprit que cette prise de poids est en partie caus\u00e9e par la r\u00e9tention d&rsquo;eau et la graisse, car Anadrol se lie aux r\u00e9cepteurs d&rsquo;\u0153strog\u00e8nes.  <\/p>\n<h2><b>Effets secondaires d&rsquo;Anadrol Prime Pharma<\/b><\/h2>\n<p>Comme tous les st\u00e9ro\u00efdes anabolisants, Anadrol peut provoquer des effets secondaires, notamment&nbsp;:<\/p>\n<ul>\n<li>Acn\u00e9 et perte de cheveux.<\/li>\n<li>Hypertension art\u00e9rielle.<\/li>\n<li>Risque accru de probl\u00e8mes h\u00e9patiques.<\/li>\n<\/ul>\n<p>Limitez l&rsquo;utilisation d&rsquo;Anadrol \u00e0 un maximum de 6&nbsp;semaines et respectez la posologie recommand\u00e9e.<\/p>\n<h2><b>Posologie d&rsquo;Anadrol<\/b><\/h2>\n<p>La posologie recommand\u00e9e pour Anadrol Prime Pharma varie entre 50 et 150&nbsp;mg par jour, en fonction du poids corporel de l&rsquo;utilisateur. Anadrol est pris par voie orale sous forme de comprim\u00e9s et reste actif dans le corps pendant environ 16&nbsp;heures. Combinez ce produit avec un cycle \u00e9quilibr\u00e9 pour des r\u00e9sultats optimaux.  <\/p>\n","protected":false},"excerpt":{"rendered":"<h2>St\u00e9ro\u00efdes Anadrol<\/h2>\n<div class=\"row\">\n<div class=\"col-sm-10\">\n<section>\n<h1>Prime Pharma Anadrol \u2013 pour des r\u00e9sultats puissants<\/h1>\n<p>Vous cherchez \u00e0 <strong>acheter Anadrol<\/strong> de la plus haute qualit\u00e9&nbsp;? Chez Steroiden.io, nous proposons <strong>Prime Pharma Anadrol<\/strong>, le premier choix pour une croissance musculaire rapide, un gain de force et d&rsquo;impressionnants <strong>r\u00e9sultats Anadrol<\/strong>. Que vous soyez un utilisateur exp\u00e9riment\u00e9 ou que vous d\u00e9butiez, nos produits soutiennent vos objectifs, d&rsquo;un <strong>cycle Anadrol<\/strong> efficace \u00e0 un <strong>cycle anabolisant<\/strong> complet.  <\/p>\n<h2>Pourquoi choisir Anadrol de Prime Pharma&nbsp;?<\/h2>\n<ul>\n<li>Croissance musculaire rapide et gains de force impressionnants.<\/li>\n<li>Parfait pour un <strong>cycle Anadrol<\/strong> intensif ou dans le cadre d&rsquo;un <strong>cycle anabolisant<\/strong>.<\/li>\n<li><strong>Prime Pharma Anadrol<\/strong>&nbsp;: qualit\u00e9 et fiabilit\u00e9 garanties.<\/li>\n<li>Emballage discret et livraison rapide avec les commandes en ligne.<\/li>\n<\/ul>\n<\/section>\n<\/div>\n<\/div>\n","protected":false},"featured_media":519,"comment_status":"open","ping_status":"closed","template":"","meta":[],"product_brand":[80],"product_cat":[4490,874],"product_tag":[4255,1079,4194,4491,4494,4493,4262,2396,4492,3948,2910,4495],"class_list":{"0":"post-2532","1":"product","2":"type-product","3":"status-publish","4":"has-post-thumbnail","6":"product_brand-prime-pharma","7":"product_cat-anadrol-fr","8":"product_cat-non-categorise","9":"product_tag-100-unites","10":"product_tag-strength-enhancement-fr","11":"product_tag-anabolisant-oral","12":"product_tag-anadrol-fr","13":"product_tag-booster-de-performance","14":"product_tag-comprimes-de-25-mg","15":"product_tag-cycle-de-prise-de-masse","16":"product_tag-masse-musculaire","17":"product_tag-oxymetholone-fr","18":"product_tag-prime-fr","19":"product_tag-retention-deau","20":"product_tag-soutien-hepatique","22":"first","23":"instock","24":"shipping-taxable","25":"purchasable","26":"product-type-simple"},"_links":{"self":[{"href":"https:\/\/www.gainmode.to\/fr\/wp-json\/wp\/v2\/product\/2532","targetHints":{"allow":["GET"]}}],"collection":[{"href":"https:\/\/www.gainmode.to\/fr\/wp-json\/wp\/v2\/product"}],"about":[{"href":"https:\/\/www.gainmode.to\/fr\/wp-json\/wp\/v2\/types\/product"}],"replies":[{"embeddable":true,"href":"https:\/\/www.gainmode.to\/fr\/wp-json\/wp\/v2\/comments?post=2532"}],"wp:featuredmedia":[{"embeddable":true,"href":"https:\/\/www.gainmode.to\/fr\/wp-json\/wp\/v2\/media\/519"}],"wp:attachment":[{"href":"https:\/\/www.gainmode.to\/fr\/wp-json\/wp\/v2\/media?parent=2532"}],"wp:term":[{"taxonomy":"product_brand","embeddable":true,"href":"https:\/\/www.gainmode.to\/fr\/wp-json\/wp\/v2\/product_brand?post=2532"},{"taxonomy":"product_cat","embeddable":true,"href":"https:\/\/www.gainmode.to\/fr\/wp-json\/wp\/v2\/product_cat?post=2532"},{"taxonomy":"product_tag","embeddable":true,"href":"https:\/\/www.gainmode.to\/fr\/wp-json\/wp\/v2\/product_tag?post=2532"}],"curies":[{"name":"wp","href":"https:\/\/api.w.org\/{rel}","templated":true}]}}