{"id":2551,"date":"2025-06-26T18:21:47","date_gmt":"2025-06-26T18:21:47","guid":{"rendered":"https:\/\/www.gainmode.to\/product\/primobolan-unique-100mg-ml\/"},"modified":"2025-06-26T18:21:47","modified_gmt":"2025-06-26T18:21:47","slug":"primobolan-unique-100mg-ml","status":"publish","type":"product","link":"https:\/\/www.gainmode.to\/fr\/produit\/primobolan-unique-100mg-ml\/","title":{"rendered":"Primobolan Unique 100mg\/ml"},"content":{"rendered":"<h2><b>Qu&rsquo;est-ce que le primobolan ?<\/b><\/h2>\n<p>Le Primobolan, \u00e9galement connu sous le nom de Methenolone Enanthate, est un st\u00e9ro\u00efde injectable l\u00e9ger souvent utilis\u00e9 dans les cycles de s\u00e8che. Il est populaire pour ses faibles propri\u00e9t\u00e9s androg\u00e8nes et sa capacit\u00e9 \u00e0 pr\u00e9server la masse musculaire pendant un d\u00e9ficit calorique. Cela fait de l&rsquo;<strong>achat de Primobolan<\/strong> un choix id\u00e9al pour les athl\u00e8tes visant un physique mince et sculpt\u00e9.  <\/p>\n<h2><b>Comment fonctionne Primobolan Unique Pharma&nbsp;?<\/b><\/h2>\n<p>Les <strong>anabolisants Primobolan<\/strong> favorisent la r\u00e9tention d&rsquo;azote dans les muscles et am\u00e9liorent la synth\u00e8se des prot\u00e9ines. Cela aide \u00e0 maintenir la masse musculaire pendant un r\u00e9gime hypocalorique pendant que le corps br\u00fble les graisses. De plus, le Primobolan provoque une r\u00e9tention d&rsquo;eau minimale, ce qui donne une apparence s\u00e8che et tonique.  <\/p>\n<h2><b>Effets secondaires des anabolisants primobolan<\/b><\/h2>\n<p>Bien que l&rsquo;<strong>achat de Primobolan<\/strong> soit consid\u00e9r\u00e9 comme une option s\u00fbre, des effets secondaires peuvent survenir, tels que : <\/p>\n<ul>\n<li>Chute de cheveux chez les personnes g\u00e9n\u00e9tiquement pr\u00e9dispos\u00e9es.<\/li>\n<li>Suppression de la production naturelle de testost\u00e9rone.<\/li>\n<li>Acn\u00e9 l\u00e9g\u00e8re ou peau grasse.<\/li>\n<\/ul>\n<p>Un dosage appropri\u00e9 et l&rsquo;utilisation d&rsquo;une th\u00e9rapie post-cycle minimisent le risque d&rsquo;effets secondaires.<\/p>\n<h2><b>Dosage du primobolan<\/b><\/h2>\n<p>La dose recommand\u00e9e de <strong>Primobolan Unique Pharma<\/strong> se situe entre 400 et 600 mg par semaine, selon vos objectifs et votre exp\u00e9rience. Il est administr\u00e9 par voie intramusculaire et a une longue demi-vie, ne n\u00e9cessitant qu\u2019une seule injection par semaine. <\/p>\n","protected":false},"excerpt":{"rendered":"<p>Qu&rsquo;est-ce que le primobolan ? Le Primobolan, \u00e9galement connu sous le nom de Methenolone Enanthate, est un st\u00e9ro\u00efde injectable l\u00e9ger souvent utilis\u00e9 dans les cycles de s\u00e8che. Il est populaire pour ses faibles propri\u00e9t\u00e9s androg\u00e8nes et sa capacit\u00e9 \u00e0 pr\u00e9server la masse musculaire pendant un d\u00e9ficit calorique. Cela fait de l&rsquo;achat de Primobolan un choix &#8230; <a title=\"Primobolan Unique 100mg\/ml\" class=\"read-more\" href=\"https:\/\/www.gainmode.to\/fr\/produit\/primobolan-unique-100mg-ml\/\" aria-label=\"En savoir plus sur Primobolan Unique 100mg\/ml\">Lire la suite<\/a><\/p>\n","protected":false},"featured_media":1638,"comment_status":"closed","ping_status":"closed","template":"","meta":[],"product_brand":[],"product_cat":[1075,4605],"product_tag":[1079,4261,4610,1858,4606,4608,4612,4613,1082,1077],"class_list":{"0":"post-2551","1":"product","2":"type-product","3":"status-publish","4":"has-post-thumbnail","6":"product_cat-injections-fr","7":"product_cat-primobolan-fr","8":"product_tag-strength-enhancement-fr","9":"product_tag-cycle-de-seche","10":"product_tag-enanthate-de-methenolone","11":"product_tag-masse-musculaire-maigre","12":"product_tag-primobolan-fr","13":"product_tag-primobolan-100-mg-ml-fr","14":"product_tag-primobolan-injectable","15":"product_tag-primobolan-unique-pharma","16":"product_tag-bodybuilding-steroid-fr","17":"product_tag-unique-pharma-fr","19":"first","20":"outofstock","21":"shipping-taxable","22":"purchasable","23":"product-type-simple"},"_links":{"self":[{"href":"https:\/\/www.gainmode.to\/fr\/wp-json\/wp\/v2\/product\/2551","targetHints":{"allow":["GET"]}}],"collection":[{"href":"https:\/\/www.gainmode.to\/fr\/wp-json\/wp\/v2\/product"}],"about":[{"href":"https:\/\/www.gainmode.to\/fr\/wp-json\/wp\/v2\/types\/product"}],"replies":[{"embeddable":true,"href":"https:\/\/www.gainmode.to\/fr\/wp-json\/wp\/v2\/comments?post=2551"}],"wp:featuredmedia":[{"embeddable":true,"href":"https:\/\/www.gainmode.to\/fr\/wp-json\/wp\/v2\/media\/1638"}],"wp:attachment":[{"href":"https:\/\/www.gainmode.to\/fr\/wp-json\/wp\/v2\/media?parent=2551"}],"wp:term":[{"taxonomy":"product_brand","embeddable":true,"href":"https:\/\/www.gainmode.to\/fr\/wp-json\/wp\/v2\/product_brand?post=2551"},{"taxonomy":"product_cat","embeddable":true,"href":"https:\/\/www.gainmode.to\/fr\/wp-json\/wp\/v2\/product_cat?post=2551"},{"taxonomy":"product_tag","embeddable":true,"href":"https:\/\/www.gainmode.to\/fr\/wp-json\/wp\/v2\/product_tag?post=2551"}],"curies":[{"name":"wp","href":"https:\/\/api.w.org\/{rel}","templated":true}]}}