{"id":2611,"date":"2025-08-17T12:49:56","date_gmt":"2025-08-17T12:49:56","guid":{"rendered":"https:\/\/www.gainmode.to\/product\/cabergoline-30x05-mg\/"},"modified":"2025-12-07T22:48:01","modified_gmt":"2025-12-07T22:48:01","slug":"cabergoline-30x05-mg","status":"publish","type":"product","link":"https:\/\/www.gainmode.to\/fr\/produit\/cabergoline-30x05-mg\/","title":{"rendered":"Cabergoline 12&#215;0,5 mg"},"content":{"rendered":"<p>La cabergoline est un m\u00e9dicament avanc\u00e9 qui cible directement les niveaux \u00e9lev\u00e9s de prolactine. Cette hormone, produite par l&rsquo;hypophyse, n\u00e9cessite un contr\u00f4le attentif. Le m\u00e9dicament est con\u00e7u pour r\u00e9tablir l&rsquo;\u00e9quilibre hormonal.  <\/p>\n<p>En musculation, elle est souvent utilis\u00e9e avec des st\u00e9ro\u00efdes anabolisants comme le Deca ou le Tren. Cela aide \u00e0 augmenter la croissance musculaire tout en \u00e9vitant un gain de graisse ind\u00e9sirable. La cabergoline peut abaisser les niveaux de prolactine. Cela peut stimuler la testost\u00e9rone. Une testost\u00e9rone plus \u00e9lev\u00e9e aide \u00e0 d\u00e9velopper les muscles et    <\/p>\n<p>La cabergoline est efficace pour traiter les niveaux \u00e9lev\u00e9s de prolactine chez les hommes. Une \u00e9tude men\u00e9e aupr\u00e8s de <strong>12 hommes<\/strong> atteints de prolactinomes g\u00e9ants a r\u00e9v\u00e9l\u00e9 que 86 % d&rsquo;entre eux ont vu leurs niveaux de prolactine se normaliser. Apr\u00e8s six mois, la plupart des patients ont observ\u00e9 des changements. Ce calendrier correspondait \u00e0 l&rsquo;am\u00e9lioration des niveaux de testost\u00e9rone dans 67 % des cas. Il n&rsquo;y a pas eu d&rsquo;effets secondaires significatifs dans la plupart des cas.    <\/p>\n<p>La cabergoline peut aider les culturistes en abaissant la prolactine. En retour, cela peut aider vos muscles \u00e0 devenir plus gros et plus forts. Cependant, cela ne favorise pas directement la construction musculaire.  <\/p>\n<p><strong><a href=\"https:\/\/www.actizapharmaceutical.com\/product\/cb-lin-0-5-mg\/\">CB-Lin 0.5 Mg<\/a> (Cabergoline)<\/strong> pourrait aider en abaissant les niveaux de prolactine. Cela peut maintenir des niveaux de testost\u00e9rone plus sains. Ils sont essentiels pour la croissance musculaire, la r\u00e9cup\u00e9ration et la performance.  <\/p>\n<p>La cabergoline peut r\u00e9duire les effets secondaires li\u00e9s \u00e0 la prolactine, comme la gyn\u00e9comastie, lorsqu&rsquo;elle est utilis\u00e9e avec des st\u00e9ro\u00efdes comme le Tren ou le Deca. Cela peut am\u00e9liorer les r\u00e9sultats de l&rsquo;utilisation de st\u00e9ro\u00efdes. <\/p>\n<p>Suivez les instructions de dosage sur l&rsquo;\u00e9tiquette pour obtenir les meilleurs r\u00e9sultats. Une quantit\u00e9 qui fonctionne bien pour les culturistes est <g id=\"gid_0\"><g id=\"gid_1\">Cabanex 0.5 Mg<\/g><\/g> <g id=\"gid_2\">(Cabergoline)<\/g> deux fois par semaine. Augmentez votre apport en caber \u00e0 <strong><a href=\"https:\/\/www.actizapharmaceutical.com\/product\/cabgolin-0-25-mg\/\">Cabgolin 0.25 Mg<\/a> (Cabergoline)<\/strong> deux fois par semaine si la dose actuelle s&rsquo;av\u00e8re inefficace.  <\/p>\n<p>Cet ajustement peut donner de meilleurs r\u00e9sultats. Une dose hebdomadaire de <strong>1 mg de caber<\/strong>, prise deux fois, est inoffensive. Cependant, \u00e9vitez de la m\u00e9langer avec d&rsquo;autres m\u00e9dicaments.  <\/p>\n<p>La plupart des gens prennent de la cabergoline deux fois par semaine, avec deux jours d&rsquo;intervalle entre chaque dose. Il est important de s&rsquo;en tenir \u00e0 un horaire r\u00e9gulier, par exemple en la prenant le lundi et le jeudi, pour maintenir son efficacit\u00e9. <\/p>\n<p>Les culturistes commencent souvent par une dose de 0,25 mg, prise deux fois par semaine. La dose peut \u00eatre augment\u00e9e \u00e0 0,5 mg par semaine, voire \u00e0 1 mg, en fonction des besoins personnels et de la tol\u00e9rance. <\/p>\n<p>Les culturistes recherchent l&rsquo;\u00e9quilibre hormonal. Ils consid\u00e8rent <strong><a href=\"https:\/\/www.actizapharmaceutical.com\/product\/cabgolin-0-5-mg\/\">Cabgolin 0.5 Mg<\/a> (Cabergoline)<\/strong> comme l&rsquo;un des meilleurs m\u00e9dicaments pour cela. Il aide \u00e0 abaisser les niveaux \u00e9lev\u00e9s de prolactine, qui peuvent interf\u00e9rer avec la croissance musculaire. La cabergoline, qui abaisse la prolactine, pourrait stimuler la testost\u00e9rone. Cela pourrait aider \u00e0 d\u00e9velopper les muscles et la force.    <\/p>\n<p>Ce n&rsquo;est pas un suppl\u00e9ment de musculation, mais il pourrait am\u00e9liorer les performances. Cependant, il faut faire preuve de prudence car son utilisation principale diff\u00e8re. <\/p>\n<p>La cabergoline a des avantages, mais peut aussi provoquer des effets secondaires. Une surveillance attentive est essentielle. <\/p>\n<p><strong>Les effets secondaires courants que les gens peuvent ressentir sont les suivants :<\/strong><\/p>\n<div id=\"ilbIconList-3b5b79f4-c\" class=\"wp-block-ilb-icon-list align\">\n<div class=\"ilbIconList left\">\n<ul class=\"lists\">\n<li class=\"list\"><i class=\"icon fa-solid fa-angles-right\"><\/i>\n<p class=\"text\">Naus\u00e9es<\/p>\n<\/li>\n<li class=\"list\"><i class=\"icon fa-solid fa-angles-right\"><\/i>\n<p class=\"text\">\u00c9tourdissements<\/p>\n<\/li>\n<li class=\"list\"><i class=\"icon fa-solid fa-angles-right\"><\/i>\n<p class=\"text\">Bouff\u00e9es de chaleur<\/p>\n<\/li>\n<li class=\"list\"><i class=\"icon fa-solid fa-angles-right\"><\/i>\n<p class=\"text\">\u00c9vanouissement<\/p>\n<\/li>\n<li class=\"list\"><i class=\"icon fa-solid fa-angles-right\"><\/i>\n<p class=\"text\">S\u00e9cheresse de la bouche<\/p>\n<\/li>\n<li class=\"list\"><i class=\"icon fa-solid fa-angles-right\"><\/i>\n<p class=\"text\">Maux de t\u00eate<\/p>\n<\/li>\n<li class=\"list\"><i class=\"icon fa-solid fa-angles-right\"><\/i>\n<p class=\"text\">Indigestion<\/p>\n<\/li>\n<li class=\"list\"><i class=\"icon fa-solid fa-angles-right\"><\/i>\n<p class=\"text\">Perte de poids rapide<\/p>\n<\/li>\n<li class=\"list\"><i class=\"icon fa-solid fa-angles-right\"><\/i>\n<p class=\"text\">Vomissements<\/p>\n<\/li>\n<li class=\"list\"><i class=\"icon fa-solid fa-angles-right\"><\/i>\n<p class=\"text\">Forte toux<\/p>\n<\/li>\n<li class=\"list\"><i class=\"icon fa-solid fa-angles-right\"><\/i>\n<p class=\"text\">Essoufflement<\/p>\n<\/li>\n<li class=\"list\"><i class=\"icon fa-solid fa-angles-right\"><\/i>\n<p class=\"text\">Incapacit\u00e9 d&rsquo;uriner<\/p>\n<\/li>\n<li class=\"list\"><i class=\"icon fa-solid fa-angles-right\"><\/i>\n<p class=\"text\">\u0152d\u00e8me (gonflement) des chevilles et des pieds<\/p>\n<\/li>\n<\/ul>\n<\/div>\n<\/div>\n<p>Prenez toujours de la cabergoline sous la direction d&rsquo;un m\u00e9decin pour \u00e9viter les effets secondaires ind\u00e9sirables. Pour ces pr\u00e9occupations, consultez un m\u00e9decin sans d\u00e9lai. Les experts peuvent ajuster votre dosage pour le meilleur traitement.  <\/p>\n<p>Les culturistes utilisent souvent <strong><a href=\"https:\/\/www.actizapharmaceutical.com\/product\/caberlin-0-5-mg\/\">Caberlin 0.5 Mg<\/a> (Cabergoline)<\/strong> avec des st\u00e9ro\u00efdes pour r\u00e9duire les effets secondaires comme les niveaux \u00e9lev\u00e9s de prolactine. La cabergoline aide \u00e0 maintenir des niveaux de testost\u00e9rone sains en abaissant la prolactine. <\/p>\n<p>C&rsquo;est tr\u00e8s important pour devenir plus fort et d\u00e9velopper ses muscles. Ce m\u00e9lange peut aider vos muscles \u00e0 gu\u00e9rir plus rapidement. Il peut \u00e9galement r\u00e9duire les probl\u00e8mes comme la gyn\u00e9comastie, un effet secondaire courant de certains st\u00e9ro\u00efdes. Cependant, utilisez la cabergoline avec prudence. Veuillez consulter un m\u00e9decin avant de l&rsquo;ajouter \u00e0 votre cycle.    <\/p>\n<p>Lorsque vous prenez de la cabergoline, il est essentiel de surveiller la r\u00e9action de votre corps. Suivez les changements dans la croissance musculaire, la force et la vitesse de votre r\u00e9cup\u00e9ration. <\/p>\n<p>Surveillez \u00e9galement les effets secondaires comme les changements d&rsquo;humeur ou les probl\u00e8mes d&rsquo;estomac. Le fait de surveiller ces facteurs peut vous aider \u00e0 vous faire une id\u00e9e de l&rsquo;efficacit\u00e9 de la cabergoline pour vous et \u00e0 vous assurer que vous l&rsquo;utilisez correctement et en toute s\u00e9curit\u00e9. <\/p>\n<p>Apr\u00e8s un cycle de st\u00e9ro\u00efdes, la cabergoline peut faire partie de votre PCT. Elle aide \u00e0 g\u00e9rer l&rsquo;\u00e9quilibre hormonal. Elle abaisse les niveaux de prolactine, qui peuvent r\u00e9sulter de certains st\u00e9ro\u00efdes.  <\/p>\n<p>Cela am\u00e9liore la production de testost\u00e9rone et r\u00e9duit les effets secondaires comme la gyn\u00e9comastie. L&rsquo;utilisation de la cabergoline pendant la PCT peut aider. Elle peut favoriser la r\u00e9cup\u00e9ration musculaire, am\u00e9liorer le bien-\u00eatre et maintenir les gains du cycle.  <\/p>\n<p><strong><a href=\"https:\/\/www.actizapharmaceutical.com\/product\/caberlin-0-25-mg\/\">Caberlin 0.25 Mg<\/a> (Cabergoline)<\/strong>, avec une alimentation saine et de l&rsquo;exercice, peut stimuler la croissance musculaire. Elle peut \u00e9galement am\u00e9liorer la composition corporelle. Une alimentation riche en prot\u00e9ines et faible en calories et un entra\u00eenement de force peuvent rendre la cabergoline plus efficace. Cette approche am\u00e9liore les effets du m\u00e9dicament et votre sant\u00e9.   <\/p>\n<p>Cette combinaison aide \u00e0 maintenir l&rsquo;\u00e9nergie, \u00e0 r\u00e9cup\u00e9rer les muscles et \u00e0 r\u00e9duire la graisse corporelle. Elle est efficace pour obtenir un physique plus mince et plus muscl\u00e9. <\/p>\n<p>La cabergoline ne convient pas \u00e0 tout le monde, et certaines circonstances la rendent dangereuse. Soyez conscient des moments o\u00f9 il faut \u00e9viter de prendre de la cabergoline. <\/p>\n<ol>\n<li>Grossesse<\/li>\n<li>Allaitement<\/li>\n<li>Probl\u00e8mes cardiaques<\/li>\n<\/ol>\n","protected":false},"excerpt":{"rendered":"<p>La cabergoline est un m\u00e9dicament avanc\u00e9 qui cible directement les niveaux \u00e9lev\u00e9s de prolactine. Cette hormone, produite par l&rsquo;hypophyse, n\u00e9cessite un contr\u00f4le attentif. Le m\u00e9dicament est con\u00e7u pour r\u00e9tablir l&rsquo;\u00e9quilibre hormonal. En musculation, elle est souvent utilis\u00e9e avec des st\u00e9ro\u00efdes anabolisants comme le Deca ou le Tren. Cela aide \u00e0 augmenter la croissance musculaire tout &#8230; <a title=\"Cabergoline 12&#215;0,5 mg\" class=\"read-more\" href=\"https:\/\/www.gainmode.to\/fr\/produit\/cabergoline-30x05-mg\/\" aria-label=\"En savoir plus sur Cabergoline 12&#215;0,5 mg\">Lire la suite<\/a><\/p>\n","protected":false},"featured_media":2765,"comment_status":"open","ping_status":"closed","template":"","meta":[],"product_brand":[92],"product_cat":[4898,874,2148],"product_tag":[],"class_list":{"0":"post-2611","1":"product","2":"type-product","3":"status-publish","4":"has-post-thumbnail","6":"product_brand-careclub","7":"product_cat-cabergoline-fr","8":"product_cat-non-categorise","9":"product_cat-pharmacie","11":"first","12":"instock","13":"shipping-taxable","14":"purchasable","15":"product-type-simple"},"_links":{"self":[{"href":"https:\/\/www.gainmode.to\/fr\/wp-json\/wp\/v2\/product\/2611","targetHints":{"allow":["GET"]}}],"collection":[{"href":"https:\/\/www.gainmode.to\/fr\/wp-json\/wp\/v2\/product"}],"about":[{"href":"https:\/\/www.gainmode.to\/fr\/wp-json\/wp\/v2\/types\/product"}],"replies":[{"embeddable":true,"href":"https:\/\/www.gainmode.to\/fr\/wp-json\/wp\/v2\/comments?post=2611"}],"wp:featuredmedia":[{"embeddable":true,"href":"https:\/\/www.gainmode.to\/fr\/wp-json\/wp\/v2\/media\/2765"}],"wp:attachment":[{"href":"https:\/\/www.gainmode.to\/fr\/wp-json\/wp\/v2\/media?parent=2611"}],"wp:term":[{"taxonomy":"product_brand","embeddable":true,"href":"https:\/\/www.gainmode.to\/fr\/wp-json\/wp\/v2\/product_brand?post=2611"},{"taxonomy":"product_cat","embeddable":true,"href":"https:\/\/www.gainmode.to\/fr\/wp-json\/wp\/v2\/product_cat?post=2611"},{"taxonomy":"product_tag","embeddable":true,"href":"https:\/\/www.gainmode.to\/fr\/wp-json\/wp\/v2\/product_tag?post=2611"}],"curies":[{"name":"wp","href":"https:\/\/api.w.org\/{rel}","templated":true}]}}