{"id":3328,"date":"2025-10-01T23:37:09","date_gmt":"2025-10-01T23:37:09","guid":{"rendered":"https:\/\/www.gainmode.to\/product\/ghrp-2-novo-10mg\/"},"modified":"2025-10-01T23:37:09","modified_gmt":"2025-10-01T23:37:09","slug":"ghrp-2-novo-10mg","status":"publish","type":"product","link":"https:\/\/www.gainmode.to\/fr\/produit\/ghrp-2-novo-10mg\/","title":{"rendered":"GHRP-2 Novo 10mg"},"content":{"rendered":"<p><strong>Peptide lib\u00e9rant l&rsquo;hormone de croissance (GHRP-2)<\/strong><\/p>\n<p>Effets secondaires positifs :<\/p>\n<p>Une perte de graisse plus rapide<\/p>\n<p>Niveaux \u00e9lev\u00e9s d&rsquo;IGF<\/p>\n<p>Une meilleure synth\u00e8se des prot\u00e9ines<\/p>\n<p>Effets secondaires n\u00e9gatifs :<\/p>\n<p>D\u00e9mangeaison<\/p>\n<p>Tenir l&rsquo;humidit\u00e9<\/p>\n<p>Crampes dans les doigts<\/p>\n","protected":false},"excerpt":{"rendered":"<p>Peptide lib\u00e9rant l&rsquo;hormone de croissance (GHRP-2) Effets secondaires positifs : Une perte de graisse plus rapide Niveaux \u00e9lev\u00e9s d&rsquo;IGF Une meilleure synth\u00e8se des prot\u00e9ines Effets secondaires n\u00e9gatifs : D\u00e9mangeaison Tenir l&rsquo;humidit\u00e9 Crampes dans les doigts<\/p>\n","protected":false},"featured_media":2718,"comment_status":"open","ping_status":"closed","template":"","meta":[],"product_brand":[83],"product_cat":[3612,1251],"product_tag":[],"class_list":{"0":"post-3328","1":"product","2":"type-product","3":"status-publish","4":"has-post-thumbnail","6":"product_brand-novo","7":"product_cat-ghrp-2-fr","8":"product_cat-peptides-fr","10":"first","11":"instock","12":"shipping-taxable","13":"purchasable","14":"product-type-simple"},"_links":{"self":[{"href":"https:\/\/www.gainmode.to\/fr\/wp-json\/wp\/v2\/product\/3328","targetHints":{"allow":["GET"]}}],"collection":[{"href":"https:\/\/www.gainmode.to\/fr\/wp-json\/wp\/v2\/product"}],"about":[{"href":"https:\/\/www.gainmode.to\/fr\/wp-json\/wp\/v2\/types\/product"}],"replies":[{"embeddable":true,"href":"https:\/\/www.gainmode.to\/fr\/wp-json\/wp\/v2\/comments?post=3328"}],"wp:featuredmedia":[{"embeddable":true,"href":"https:\/\/www.gainmode.to\/fr\/wp-json\/wp\/v2\/media\/2718"}],"wp:attachment":[{"href":"https:\/\/www.gainmode.to\/fr\/wp-json\/wp\/v2\/media?parent=3328"}],"wp:term":[{"taxonomy":"product_brand","embeddable":true,"href":"https:\/\/www.gainmode.to\/fr\/wp-json\/wp\/v2\/product_brand?post=3328"},{"taxonomy":"product_cat","embeddable":true,"href":"https:\/\/www.gainmode.to\/fr\/wp-json\/wp\/v2\/product_cat?post=3328"},{"taxonomy":"product_tag","embeddable":true,"href":"https:\/\/www.gainmode.to\/fr\/wp-json\/wp\/v2\/product_tag?post=3328"}],"curies":[{"name":"wp","href":"https:\/\/api.w.org\/{rel}","templated":true}]}}