{"id":3332,"date":"2025-11-21T13:34:09","date_gmt":"2025-11-21T13:34:09","guid":{"rendered":"https:\/\/www.gainmode.to\/product\/lantus-solostar-300iu-3ml\/"},"modified":"2025-11-21T13:34:09","modified_gmt":"2025-11-21T13:34:09","slug":"lantus-solostar-300iu-3ml","status":"publish","type":"product","link":"https:\/\/www.gainmode.to\/fr\/produit\/lantus-solostar-300iu-3ml\/","title":{"rendered":"Lantus Solostar 300iu 3ml"},"content":{"rendered":"<p><strong>Lantus Solostar 300iu 3ml<\/strong><\/p>\n<p>L&rsquo;ingr\u00e9dient actif est l&rsquo;insuline glargine, une insuline de longue dur\u00e9e (basale)<\/p>\n<p>300iu unit\u00e9s totales d&rsquo;insuline dans le stylo : chaque stylo Solostar contient 3ml de solution, et comme la concentration est de 110 unit\u00e9s\/ml, cela donne 300 unit\u00e9s par stylo.<\/p>\n","protected":false},"excerpt":{"rendered":"<p>Lantus Solostar 300iu 3ml L&rsquo;ingr\u00e9dient actif est l&rsquo;insuline glargine, une insuline de longue dur\u00e9e (basale) 300iu unit\u00e9s totales d&rsquo;insuline dans le stylo : chaque stylo Solostar contient 3ml de solution, et comme la concentration est de 110 unit\u00e9s\/ml, cela donne 300 unit\u00e9s par stylo.<\/p>\n","protected":false},"featured_media":3220,"comment_status":"open","ping_status":"closed","template":"","meta":[],"product_brand":[4917],"product_cat":[4967,2148],"product_tag":[4971,4969,4968,4970],"class_list":{"0":"post-3332","1":"product","2":"type-product","3":"status-publish","4":"has-post-thumbnail","6":"product_brand-sanofi-aventis","7":"product_cat-insuline","8":"product_cat-pharmacie","9":"product_tag-300iu-lantus","10":"product_tag-insuline-lantus","11":"product_tag-lantus","12":"product_tag-lantus-solostar","14":"first","15":"instock","16":"shipping-taxable","17":"purchasable","18":"product-type-simple"},"_links":{"self":[{"href":"https:\/\/www.gainmode.to\/fr\/wp-json\/wp\/v2\/product\/3332","targetHints":{"allow":["GET"]}}],"collection":[{"href":"https:\/\/www.gainmode.to\/fr\/wp-json\/wp\/v2\/product"}],"about":[{"href":"https:\/\/www.gainmode.to\/fr\/wp-json\/wp\/v2\/types\/product"}],"replies":[{"embeddable":true,"href":"https:\/\/www.gainmode.to\/fr\/wp-json\/wp\/v2\/comments?post=3332"}],"wp:featuredmedia":[{"embeddable":true,"href":"https:\/\/www.gainmode.to\/fr\/wp-json\/wp\/v2\/media\/3220"}],"wp:attachment":[{"href":"https:\/\/www.gainmode.to\/fr\/wp-json\/wp\/v2\/media?parent=3332"}],"wp:term":[{"taxonomy":"product_brand","embeddable":true,"href":"https:\/\/www.gainmode.to\/fr\/wp-json\/wp\/v2\/product_brand?post=3332"},{"taxonomy":"product_cat","embeddable":true,"href":"https:\/\/www.gainmode.to\/fr\/wp-json\/wp\/v2\/product_cat?post=3332"},{"taxonomy":"product_tag","embeddable":true,"href":"https:\/\/www.gainmode.to\/fr\/wp-json\/wp\/v2\/product_tag?post=3332"}],"curies":[{"name":"wp","href":"https:\/\/api.w.org\/{rel}","templated":true}]}}