{"id":3339,"date":"2025-11-21T11:13:54","date_gmt":"2025-11-21T11:13:54","guid":{"rendered":"https:\/\/www.gainmode.to\/product\/slu-pp-332-100x10mg-blacklabs\/"},"modified":"2025-11-21T11:13:54","modified_gmt":"2025-11-21T11:13:54","slug":"slu-pp-332-100x10mg-blacklabs","status":"publish","type":"product","link":"https:\/\/www.gainmode.to\/fr\/produit\/slu-pp-332-100x10mg-blacklabs\/","title":{"rendered":"SLU-PP-332 100x10mg Blacklabs"},"content":{"rendered":"<p><strong>Qu&rsquo;est-ce que le SLU-PP-332 ?<\/strong><\/p>\n<p>Le SLU-PP-332 est une petite mol\u00e9cule synth\u00e9tique agoniste des r\u00e9cepteurs li\u00e9s aux \u0153strog\u00e8nes (ERR), une famille de r\u00e9cepteurs nucl\u00e9aires \u00e9troitement li\u00e9s aux r\u00e9cepteurs des \u0153strog\u00e8nes, mais qui ne lient pas les \u0153strog\u00e8nes eux-m\u00eames. Il s&rsquo;agit d&rsquo;un agoniste pan-ERR, ce qui signifie qu&rsquo;il active les trois isoformes : ERR\u03b1 (puissance la plus forte : EC\u2085\u2080 \u2248 98 nM) ERR\u03b2 (EC\u2085\u2080 \u2248 230 nM) ERR\u03b3 (EC\u2085\u2080 \u2248 430 nM) D\u00e9velopp\u00e9 par des chercheurs de l&rsquo;Universit\u00e9 de Washington \u00e0 St. Louis (SLU) et des collaborateurs, il est souvent d\u00e9crit comme un \u00ab\u00a0mim\u00e9tique de l&rsquo;exercice\u00a0\u00bb car il active les voies m\u00e9taboliques normalement d\u00e9clench\u00e9es par l&rsquo;exercice a\u00e9robie\/endurance, en particulier par la r\u00e9gulation \u00e0 la hausse de PGC-1\u03b1 (un r\u00e9gulateur principal de la biogen\u00e8se mitochondriale et du m\u00e9tabolisme \u00e9nerg\u00e9tique). Il ne s&rsquo;agit pas d&rsquo;un peptide (bien que certains vendeurs l&rsquo;\u00e9tiquettent \u00e0 tort comme tel) &#8211; c&rsquo;est une petite mol\u00e9cule orale (CAS 303760-60-3). Comment fonctionne-t-il ? Les ERR (en particulier ERR\u03b1) contr\u00f4lent les g\u00e8nes impliqu\u00e9s dans la fonction mitochondriale, l&rsquo;oxydation des acides gras, le m\u00e9tabolisme du glucose et l&rsquo;adaptation des fibres musculaires. Pendant l&rsquo;exercice, l&rsquo;activit\u00e9 des ERR augmente naturellement. Le SLU-PP-332 se lie aux ERR et les active, imitant ainsi cette r\u00e9ponse : Stimule la biogen\u00e8se et la respiration des mitochondries dans les muscles squelettiques. Fait \u00e9voluer les fibres musculaires vers une oxydation rapide (type IIa) &#8211; plus r\u00e9sistantes \u00e0 la fatigue et plus efficaces pour br\u00fbler les graisses. Augmente la d\u00e9pense \u00e9nerg\u00e9tique et l&rsquo;oxydation des graisses sans augmenter l&rsquo;activit\u00e9 physique ni supprimer l&rsquo;app\u00e9tit. Contrairement aux m\u00e9dicaments GLP-1 (par exemple, semaglutide\/Ozempic), il ne r\u00e9duit pas l&rsquo;apport alimentaire &#8211; la perte de poids provient uniquement de la reprogrammation m\u00e9tabolique.         <\/p>\n","protected":false},"excerpt":{"rendered":"<p>Qu&rsquo;est-ce que le SLU-PP-332 ? Le SLU-PP-332 est une petite mol\u00e9cule synth\u00e9tique agoniste des r\u00e9cepteurs li\u00e9s aux \u0153strog\u00e8nes (ERR), une famille de r\u00e9cepteurs nucl\u00e9aires \u00e9troitement li\u00e9s aux r\u00e9cepteurs des \u0153strog\u00e8nes, mais qui ne lient pas les \u0153strog\u00e8nes eux-m\u00eames. Il s&rsquo;agit d&rsquo;un agoniste pan-ERR, ce qui signifie qu&rsquo;il active les trois isoformes : ERR\u03b1 (puissance la &#8230; <a title=\"SLU-PP-332 100x10mg Blacklabs\" class=\"read-more\" href=\"https:\/\/www.gainmode.to\/fr\/produit\/slu-pp-332-100x10mg-blacklabs\/\" aria-label=\"En savoir plus sur SLU-PP-332 100x10mg Blacklabs\">Lire la suite<\/a><\/p>\n","protected":false},"featured_media":3198,"comment_status":"open","ping_status":"closed","template":"","meta":[],"product_brand":[97],"product_cat":[982],"product_tag":[],"class_list":{"0":"post-3339","1":"product","2":"type-product","3":"status-publish","4":"has-post-thumbnail","6":"product_brand-black-labs","7":"product_cat-perte-de-poids","9":"first","10":"instock","11":"shipping-taxable","12":"purchasable","13":"product-type-simple"},"_links":{"self":[{"href":"https:\/\/www.gainmode.to\/fr\/wp-json\/wp\/v2\/product\/3339","targetHints":{"allow":["GET"]}}],"collection":[{"href":"https:\/\/www.gainmode.to\/fr\/wp-json\/wp\/v2\/product"}],"about":[{"href":"https:\/\/www.gainmode.to\/fr\/wp-json\/wp\/v2\/types\/product"}],"replies":[{"embeddable":true,"href":"https:\/\/www.gainmode.to\/fr\/wp-json\/wp\/v2\/comments?post=3339"}],"wp:featuredmedia":[{"embeddable":true,"href":"https:\/\/www.gainmode.to\/fr\/wp-json\/wp\/v2\/media\/3198"}],"wp:attachment":[{"href":"https:\/\/www.gainmode.to\/fr\/wp-json\/wp\/v2\/media?parent=3339"}],"wp:term":[{"taxonomy":"product_brand","embeddable":true,"href":"https:\/\/www.gainmode.to\/fr\/wp-json\/wp\/v2\/product_brand?post=3339"},{"taxonomy":"product_cat","embeddable":true,"href":"https:\/\/www.gainmode.to\/fr\/wp-json\/wp\/v2\/product_cat?post=3339"},{"taxonomy":"product_tag","embeddable":true,"href":"https:\/\/www.gainmode.to\/fr\/wp-json\/wp\/v2\/product_tag?post=3339"}],"curies":[{"name":"wp","href":"https:\/\/api.w.org\/{rel}","templated":true}]}}