{"id":3342,"date":"2025-11-21T10:39:41","date_gmt":"2025-11-21T10:39:41","guid":{"rendered":"https:\/\/www.gainmode.to\/product\/enclomiphene-100x10mg-blacklabs\/"},"modified":"2025-11-21T10:39:41","modified_gmt":"2025-11-21T10:39:41","slug":"enclomiphene-100x10mg-blacklabs","status":"publish","type":"product","link":"https:\/\/www.gainmode.to\/fr\/produit\/enclomiphene-100x10mg-blacklabs\/","title":{"rendered":"Enclomiphene 100x10mg Blacklabs"},"content":{"rendered":"<p><strong>Qu&rsquo;est-ce que l&rsquo;Enclomiph\u00e8ne ?<\/strong><\/p>\n<p>L&rsquo;enclomiph\u00e8ne (\u00e9galement connu sous le nom de citrate d&rsquo;enclomiph\u00e8ne ou trans-clomiph\u00e8ne) est un modulateur s\u00e9lectif des r\u00e9cepteurs \u0153strog\u00e9niques (SERM) et l&rsquo;isom\u00e8re trans purifi\u00e9 du citrate de clomif\u00e8ne (commun\u00e9ment appel\u00e9 Clomid). Le citrate de clomif\u00e8ne est un m\u00e9lange de deux isom\u00e8res : environ 62 % d&rsquo;enclomiph\u00e8ne (le composant actif, antagoniste des \u0153strog\u00e8nes) et 38 % de zuclomiph\u00e8ne (le composant antagoniste des \u0153strog\u00e8nes ayant une demi-vie plus longue). <\/p>\n<p>L&rsquo;enclomiph\u00e8ne agit en bloquant les r\u00e9cepteurs d&rsquo;\u0153strog\u00e8nes dans l&rsquo;hypothalamus et l&rsquo;hypophyse. Cela r\u00e9duit la r\u00e9troaction n\u00e9gative que les \u0153strog\u00e8nes exercent normalement sur l&rsquo;axe hypothalamo-hypophyso-gonadique (HPG), entra\u00eenant une augmentation de la lib\u00e9ration de l&rsquo;hormone de lib\u00e9ration des gonadotrophines (GnRH), de l&rsquo;hormone lut\u00e9inisante (LH) et de l&rsquo;hormone folliculo-stimulante (FSH). Il en r\u00e9sulte une stimulation naturelle des testicules qui produisent davantage de testost\u00e9rone et maintiennent la production de spermatozo\u00efdes.  <\/p>\n","protected":false},"excerpt":{"rendered":"<p>Qu&rsquo;est-ce que l&rsquo;Enclomiph\u00e8ne ? L&rsquo;enclomiph\u00e8ne (\u00e9galement connu sous le nom de citrate d&rsquo;enclomiph\u00e8ne ou trans-clomiph\u00e8ne) est un modulateur s\u00e9lectif des r\u00e9cepteurs \u0153strog\u00e9niques (SERM) et l&rsquo;isom\u00e8re trans purifi\u00e9 du citrate de clomif\u00e8ne (commun\u00e9ment appel\u00e9 Clomid). Le citrate de clomif\u00e8ne est un m\u00e9lange de deux isom\u00e8res : environ 62 % d&rsquo;enclomiph\u00e8ne (le composant actif, antagoniste des \u0153strog\u00e8nes) &#8230; <a title=\"Enclomiphene 100x10mg Blacklabs\" class=\"read-more\" href=\"https:\/\/www.gainmode.to\/fr\/produit\/enclomiphene-100x10mg-blacklabs\/\" aria-label=\"En savoir plus sur Enclomiphene 100x10mg Blacklabs\">Lire la suite<\/a><\/p>\n","protected":false},"featured_media":3187,"comment_status":"open","ping_status":"closed","template":"","meta":[],"product_brand":[97],"product_cat":[874,4976],"product_tag":[],"class_list":{"0":"post-3342","1":"product","2":"type-product","3":"status-publish","4":"has-post-thumbnail","6":"product_brand-black-labs","7":"product_cat-non-categorise","8":"product_cat-enclomiphene","10":"first","11":"instock","12":"shipping-taxable","13":"purchasable","14":"product-type-simple"},"_links":{"self":[{"href":"https:\/\/www.gainmode.to\/fr\/wp-json\/wp\/v2\/product\/3342","targetHints":{"allow":["GET"]}}],"collection":[{"href":"https:\/\/www.gainmode.to\/fr\/wp-json\/wp\/v2\/product"}],"about":[{"href":"https:\/\/www.gainmode.to\/fr\/wp-json\/wp\/v2\/types\/product"}],"replies":[{"embeddable":true,"href":"https:\/\/www.gainmode.to\/fr\/wp-json\/wp\/v2\/comments?post=3342"}],"wp:featuredmedia":[{"embeddable":true,"href":"https:\/\/www.gainmode.to\/fr\/wp-json\/wp\/v2\/media\/3187"}],"wp:attachment":[{"href":"https:\/\/www.gainmode.to\/fr\/wp-json\/wp\/v2\/media?parent=3342"}],"wp:term":[{"taxonomy":"product_brand","embeddable":true,"href":"https:\/\/www.gainmode.to\/fr\/wp-json\/wp\/v2\/product_brand?post=3342"},{"taxonomy":"product_cat","embeddable":true,"href":"https:\/\/www.gainmode.to\/fr\/wp-json\/wp\/v2\/product_cat?post=3342"},{"taxonomy":"product_tag","embeddable":true,"href":"https:\/\/www.gainmode.to\/fr\/wp-json\/wp\/v2\/product_tag?post=3342"}],"curies":[{"name":"wp","href":"https:\/\/api.w.org\/{rel}","templated":true}]}}