{"id":3346,"date":"2025-11-21T10:25:33","date_gmt":"2025-11-21T10:25:33","guid":{"rendered":"https:\/\/www.gainmode.to\/product\/testosterone-cypionate-250mg-ml-blacklabs\/"},"modified":"2025-11-21T10:25:33","modified_gmt":"2025-11-21T10:25:33","slug":"testosterone-cypionate-250mg-ml-blacklabs","status":"publish","type":"product","link":"https:\/\/www.gainmode.to\/fr\/produit\/testosterone-cypionate-250mg-ml-blacklabs\/","title":{"rendered":"Cypionate de Testost\u00e9rone 250mg\/ml Blacklabs"},"content":{"rendered":"<h2><b>Qu&rsquo;est-ce que la testost\u00e9rone cypionate ?<\/b><\/h2>\n<p>La testost\u00e9rone cypionate est un ester de testost\u00e9rone \u00e0 action prolong\u00e9e souvent utilis\u00e9 dans les cycles de prise de masse. Elle assure une lib\u00e9ration stable de testost\u00e9rone, aidant \u00e0 augmenter la masse musculaire, la force et la r\u00e9cup\u00e9ration. Cela fait de <strong>l&rsquo;achat de testost\u00e9rone cypionate<\/strong> un choix populaire pour les d\u00e9butants comme pour les utilisateurs exp\u00e9riment\u00e9s.  <\/p>\n<h2><b>Comment fonctionne la testost\u00e9rone cypionate prime pharma ?<\/b><\/h2>\n<p>Les <strong>anabolisants de testost\u00e9rone cypionate<\/strong> augmentent les niveaux naturels de testost\u00e9rone, stimulant la synth\u00e8se des prot\u00e9ines et am\u00e9liorant la r\u00e9tention d&rsquo;azote dans les muscles. Cela favorise la croissance musculaire, augmente la force et acc\u00e9l\u00e8re la r\u00e9cup\u00e9ration apr\u00e8s des entra\u00eenements intenses. <\/p>\n<h2><b>Effets secondaires des anabolisants de testost\u00e9rone cypionate<\/b><\/h2>\n<p>Bien que <strong>l&rsquo;utilisation de testost\u00e9rone cypionate pendant un cycle<\/strong> soit efficace, des effets secondaires peuvent survenir en cas d&rsquo;utilisation incorrecte, tels que : <\/p>\n<ul>\n<li>Acn\u00e9 et peau grasse.<\/li>\n<li>R\u00e9tention d&rsquo;eau.<\/li>\n<li>Suppression de la production naturelle de testost\u00e9rone.<\/li>\n<\/ul>\n<p>Le respect de la posologie correcte et l&rsquo;utilisation d&rsquo;une th\u00e9rapie post-cycle minimisent ces risques.<\/p>\n<h2><b>Posologie de la testost\u00e9rone cypionate<\/b><\/h2>\n<p>La dose recommand\u00e9e de <strong>Testosterone Cypionate Prime Pharma<\/strong> est comprise entre 250 et 500 mg par semaine, en fonction de votre exp\u00e9rience et de vos objectifs. Les injections sont administr\u00e9es chaque semaine pour maintenir des niveaux stables. <\/p>\n","protected":false},"excerpt":{"rendered":"<p>Qu&rsquo;est-ce que la testost\u00e9rone cypionate ? La testost\u00e9rone cypionate est un ester de testost\u00e9rone \u00e0 action prolong\u00e9e souvent utilis\u00e9 dans les cycles de prise de masse. Elle assure une lib\u00e9ration stable de testost\u00e9rone, aidant \u00e0 augmenter la masse musculaire, la force et la r\u00e9cup\u00e9ration. Cela fait de l&rsquo;achat de testost\u00e9rone cypionate un choix populaire pour &#8230; <a title=\"Cypionate de Testost\u00e9rone 250mg\/ml Blacklabs\" class=\"read-more\" href=\"https:\/\/www.gainmode.to\/fr\/produit\/testosterone-cypionate-250mg-ml-blacklabs\/\" aria-label=\"En savoir plus sur Cypionate de Testost\u00e9rone 250mg\/ml Blacklabs\">Lire la suite<\/a><\/p>\n","protected":false},"featured_media":3180,"comment_status":"open","ping_status":"closed","template":"","meta":[],"product_brand":[97],"product_cat":[1075,1500],"product_tag":[],"class_list":{"0":"post-3346","1":"product","2":"type-product","3":"status-publish","4":"has-post-thumbnail","6":"product_brand-black-labs","7":"product_cat-injections-fr","8":"product_cat-testosterone-cypionate-fr","10":"first","11":"instock","12":"shipping-taxable","13":"purchasable","14":"product-type-simple"},"_links":{"self":[{"href":"https:\/\/www.gainmode.to\/fr\/wp-json\/wp\/v2\/product\/3346","targetHints":{"allow":["GET"]}}],"collection":[{"href":"https:\/\/www.gainmode.to\/fr\/wp-json\/wp\/v2\/product"}],"about":[{"href":"https:\/\/www.gainmode.to\/fr\/wp-json\/wp\/v2\/types\/product"}],"replies":[{"embeddable":true,"href":"https:\/\/www.gainmode.to\/fr\/wp-json\/wp\/v2\/comments?post=3346"}],"wp:featuredmedia":[{"embeddable":true,"href":"https:\/\/www.gainmode.to\/fr\/wp-json\/wp\/v2\/media\/3180"}],"wp:attachment":[{"href":"https:\/\/www.gainmode.to\/fr\/wp-json\/wp\/v2\/media?parent=3346"}],"wp:term":[{"taxonomy":"product_brand","embeddable":true,"href":"https:\/\/www.gainmode.to\/fr\/wp-json\/wp\/v2\/product_brand?post=3346"},{"taxonomy":"product_cat","embeddable":true,"href":"https:\/\/www.gainmode.to\/fr\/wp-json\/wp\/v2\/product_cat?post=3346"},{"taxonomy":"product_tag","embeddable":true,"href":"https:\/\/www.gainmode.to\/fr\/wp-json\/wp\/v2\/product_tag?post=3346"}],"curies":[{"name":"wp","href":"https:\/\/api.w.org\/{rel}","templated":true}]}}