{"id":3352,"date":"2025-11-17T09:20:13","date_gmt":"2025-11-17T09:20:13","guid":{"rendered":"https:\/\/www.gainmode.to\/product\/tb-500-novo-5mg\/"},"modified":"2025-11-17T09:20:13","modified_gmt":"2025-11-17T09:20:13","slug":"tb-500-novo-5mg","status":"publish","type":"product","link":"https:\/\/www.gainmode.to\/fr\/produit\/tb-500-novo-5mg\/","title":{"rendered":"TB-500 Novo 5mg"},"content":{"rendered":"<p><strong>TB-500<\/strong><\/p>\n<p>TB-500 est une substance propre au corps qui est utilis\u00e9e pour acc\u00e9l\u00e9rer la capacit\u00e9 de r\u00e9cup\u00e9ration.<\/p>\n<p>Elle favorise la production de nouvelles cellules sanguines et musculaires et est hautement anti-inflammatoire.<\/p>\n<p>Les effets curatifs de TB-500 sont principalement observ\u00e9s au niveau des tendons, des ligaments, des muscles, de la peau et du muscle cardiaque.<\/p>\n","protected":false},"excerpt":{"rendered":"<p>TB-500 TB-500 est une substance propre au corps qui est utilis\u00e9e pour acc\u00e9l\u00e9rer la capacit\u00e9 de r\u00e9cup\u00e9ration. Elle favorise la production de nouvelles cellules sanguines et musculaires et est hautement anti-inflammatoire. Les effets curatifs de TB-500 sont principalement observ\u00e9s au niveau des tendons, des ligaments, des muscles, de la peau et du muscle cardiaque.<\/p>\n","protected":false},"featured_media":3147,"comment_status":"open","ping_status":"closed","template":"","meta":[],"product_brand":[83],"product_cat":[1251,4980],"product_tag":[],"class_list":{"0":"post-3352","1":"product","2":"type-product","3":"status-publish","4":"has-post-thumbnail","6":"product_brand-novo","7":"product_cat-peptides-fr","8":"product_cat-tb-500","10":"first","11":"instock","12":"shipping-taxable","13":"purchasable","14":"product-type-simple"},"_links":{"self":[{"href":"https:\/\/www.gainmode.to\/fr\/wp-json\/wp\/v2\/product\/3352","targetHints":{"allow":["GET"]}}],"collection":[{"href":"https:\/\/www.gainmode.to\/fr\/wp-json\/wp\/v2\/product"}],"about":[{"href":"https:\/\/www.gainmode.to\/fr\/wp-json\/wp\/v2\/types\/product"}],"replies":[{"embeddable":true,"href":"https:\/\/www.gainmode.to\/fr\/wp-json\/wp\/v2\/comments?post=3352"}],"wp:featuredmedia":[{"embeddable":true,"href":"https:\/\/www.gainmode.to\/fr\/wp-json\/wp\/v2\/media\/3147"}],"wp:attachment":[{"href":"https:\/\/www.gainmode.to\/fr\/wp-json\/wp\/v2\/media?parent=3352"}],"wp:term":[{"taxonomy":"product_brand","embeddable":true,"href":"https:\/\/www.gainmode.to\/fr\/wp-json\/wp\/v2\/product_brand?post=3352"},{"taxonomy":"product_cat","embeddable":true,"href":"https:\/\/www.gainmode.to\/fr\/wp-json\/wp\/v2\/product_cat?post=3352"},{"taxonomy":"product_tag","embeddable":true,"href":"https:\/\/www.gainmode.to\/fr\/wp-json\/wp\/v2\/product_tag?post=3352"}],"curies":[{"name":"wp","href":"https:\/\/api.w.org\/{rel}","templated":true}]}}