{"id":2248,"date":"2025-06-26T17:32:24","date_gmt":"2025-06-26T17:32:24","guid":{"rendered":"https:\/\/www.gainmode.to\/product\/roaccutane-10x20mg\/"},"modified":"2025-06-26T17:32:24","modified_gmt":"2025-06-26T17:32:24","slug":"roaccutane-10x20mg","status":"publish","type":"product","link":"https:\/\/www.gainmode.to\/nl\/product\/roaccutane-10x20mg\/","title":{"rendered":"Roaccutane 10x20mg"},"content":{"rendered":"<p data-start=\"104\" data-end=\"205\"><strong data-start=\"104\" data-end=\"120\">Isotretino\u00efne<\/strong> helpt bij het verminderen van puistjes (acne) en bultjes. Het wordt gebruikt bij ernstige acne en ernstige rosacea. <\/p>\n<ul data-start=\"207\" data-end=\"542\">\n<li data-start=\"207\" data-end=\"286\">\n<p data-start=\"209\" data-end=\"286\"><strong data-start=\"209\" data-end=\"231\">Initi\u00eble verergering:<\/strong> Acne kan in de eerste weken verergeren; dit is normaal.<\/p>\n<\/li>\n<li data-start=\"287\" data-end=\"357\">\n<p data-start=\"289\" data-end=\"357\"><strong data-start=\"289\" data-end=\"307\">Effectiviteit:<\/strong> Na enkele weken merk je meestal of het werkt.<\/p>\n<\/li>\n<li data-start=\"358\" data-end=\"542\">\n<p data-start=\"360\" data-end=\"373\"><strong data-start=\"360\" data-end=\"373\">Duur:<\/strong><\/p>\n<ul data-start=\"376\" data-end=\"542\">\n<li data-start=\"376\" data-end=\"491\">\n<p data-start=\"378\" data-end=\"491\">De behandeling van acne duurt meestal 4 tot 6 maanden. Als een tweede behandeling nodig is, wacht dan 2 maanden voordat je opnieuw begint. <\/p>\n<\/li>\n<li data-start=\"494\" data-end=\"542\">\n<p data-start=\"496\" data-end=\"542\">De behandeling van rosacea duurt meestal 3 tot 4 maanden.<\/p>\n<\/li>\n<\/ul>\n<\/li>\n<\/ul>\n<p data-start=\"544\" data-end=\"563\"><strong data-start=\"544\" data-end=\"563\">Hoe in te nemen:<\/strong><\/p>\n<ul data-start=\"564\" data-end=\"634\">\n<li data-start=\"564\" data-end=\"634\">\n<p data-start=\"566\" data-end=\"634\">Neem isotretino\u00efne tijdens of direct na de maaltijd in voor een betere opname.<\/p>\n<\/li>\n<\/ul>\n<p data-start=\"636\" data-end=\"660\"><strong data-start=\"636\" data-end=\"660\">Veel voorkomende bijwerkingen:<\/strong><\/p>\n<ul data-start=\"661\" data-end=\"1183\">\n<li data-start=\"661\" data-end=\"687\">\n<p data-start=\"663\" data-end=\"687\">Droge lippen, ogen en neus<\/p>\n<\/li>\n<li data-start=\"688\" data-end=\"722\">\n<p data-start=\"690\" data-end=\"722\">Oogontsteking en keelpijn<\/p>\n<\/li>\n<li data-start=\"723\" data-end=\"805\">\n<p data-start=\"725\" data-end=\"805\">Verhoogde gevoeligheid voor zon (gebruik zonnebrandcr\u00e8me met hoge SPF of vermijd blootstelling aan de zon)<\/p>\n<\/li>\n<li data-start=\"806\" data-end=\"1081\">\n<p data-start=\"808\" data-end=\"1081\">Niet gebruiken tijdens zwangerschap &#8211; isotretino\u00efne is zeer schadelijk voor de baby. Er worden zwangerschapstesten gedaan voor en tijdens de behandeling, en je moet gelijktijdig twee vormen van anticonceptie gebruiken (bijvoorbeeld de pil en condooms) vanaf \u00e9\u00e9n maand voor tot \u00e9\u00e9n maand na de behandeling. <\/p>\n<\/li>\n<li data-start=\"1082\" data-end=\"1183\">\n<p data-start=\"1084\" data-end=\"1183\">Geef geen borstvoeding tijdens de behandeling omdat het medicijn in de moedermelk terecht kan komen en schadelijk kan zijn voor de baby.<\/p>\n<\/li>\n<\/ul>\n<hr data-start=\"1185\" data-end=\"1188\">\n<h3 data-start=\"1190\" data-end=\"1216\">Overzicht van bijwerkingen:<\/h3>\n<p data-start=\"1218\" data-end=\"1258\"><strong data-start=\"1218\" data-end=\"1258\">Zeer vaak (meer dan 30 op 100 mensen):<\/strong><\/p>\n<ul data-start=\"1259\" data-end=\"1394\">\n<li data-start=\"1259\" data-end=\"1322\">\n<p data-start=\"1261\" data-end=\"1322\">Miskraam of ernstige geboorteafwijkingen bij gebruik tijdens zwangerschap<\/p>\n<\/li>\n<li data-start=\"1323\" data-end=\"1376\">\n<p data-start=\"1325\" data-end=\"1376\">Droge slijmvliezen (huid met een dunne slijmlaag)<\/p>\n<\/li>\n<li data-start=\"1377\" data-end=\"1394\">\n<p data-start=\"1379\" data-end=\"1394\">Huidirritatie<\/p>\n<\/li>\n<\/ul>\n<p data-start=\"1396\" data-end=\"1429\"><strong data-start=\"1396\" data-end=\"1429\">Vaak (10-30 op 100 mensen):<\/strong><\/p>\n<ul data-start=\"1430\" data-end=\"1576\">\n<li data-start=\"1430\" data-end=\"1459\">\n<p data-start=\"1432\" data-end=\"1459\">Gewrichts-, spier- of rugpijn<\/p>\n<\/li>\n<li data-start=\"1460\" data-end=\"1505\">\n<p data-start=\"1462\" data-end=\"1505\">Verhoogd cholesterol of bloedsuikergehalte<\/p>\n<\/li>\n<li data-start=\"1506\" data-end=\"1576\">\n<p data-start=\"1508\" data-end=\"1576\">Laag aantal bloedcellen (tekenen: blauwe plekken, neusbloedingen, extreme vermoeidheid)<\/p>\n<\/li>\n<\/ul>\n<p data-start=\"1578\" data-end=\"1615\"><strong data-start=\"1578\" data-end=\"1615\">Minder vaak (1-10 op 100 mensen):<\/strong><\/p>\n<ul data-start=\"1616\" data-end=\"1688\">\n<li data-start=\"1616\" data-end=\"1627\">\n<p data-start=\"1618\" data-end=\"1627\">Haaruitval<\/p>\n<\/li>\n<li data-start=\"1628\" data-end=\"1688\">\n<p data-start=\"1630\" data-end=\"1688\">Verhoogde huidgevoeligheid voor UV-licht (zon, zonnebank)<\/p>\n<\/li>\n<\/ul>\n<p data-start=\"1690\" data-end=\"1727\"><strong data-start=\"1690\" data-end=\"1727\">Zelden (minder dan 1 op 100 mensen):<\/strong><\/p>\n<ul data-start=\"1728\" data-end=\"2522\">\n<li data-start=\"1728\" data-end=\"1759\">\n<p data-start=\"1730\" data-end=\"1759\">Peesproblemen en botverlies<\/p>\n<\/li>\n<li data-start=\"1760\" data-end=\"1852\">\n<p data-start=\"1762\" data-end=\"1852\">Overmatige haargroei bij vrouwen, overmatig zweten, nagelproblemen en nagelinfecties<\/p>\n<\/li>\n<li data-start=\"1853\" data-end=\"1949\">\n<p data-start=\"1855\" data-end=\"1949\">Psychische problemen (angst, psychose, stemmingswisselingen zoals depressie of vijandige gevoelens)<\/p>\n<\/li>\n<li data-start=\"1950\" data-end=\"2066\">\n<p data-start=\"1952\" data-end=\"2066\">Visuele problemen (wazig zien, slecht nachtzicht, kleurenblindheid, lichtgevoeligheid, staar, ge\u00efrriteerde ogen)<\/p>\n<\/li>\n<li data-start=\"2067\" data-end=\"2081\">\n<p data-start=\"2069\" data-end=\"2081\">Gehoorverlies<\/p>\n<\/li>\n<li data-start=\"2082\" data-end=\"2167\">\n<p data-start=\"2084\" data-end=\"2167\">Verhoogde druk in het hoofd (ernstige hoofdpijn, misselijkheid, braken, gezichtsproblemen)<\/p>\n<\/li>\n<li data-start=\"2168\" data-end=\"2212\">\n<p data-start=\"2170\" data-end=\"2212\">Maag-darmproblemen (misselijkheid, diarree)<\/p>\n<\/li>\n<li data-start=\"2213\" data-end=\"2247\">\n<p data-start=\"2215\" data-end=\"2247\">Hoofdpijn, slaperigheid, duizeligheid<\/p>\n<\/li>\n<li data-start=\"2248\" data-end=\"2298\">\n<p data-start=\"2250\" data-end=\"2298\">Verergering van acne, huiduitslag, donker worden van de huid<\/p>\n<\/li>\n<li data-start=\"2299\" data-end=\"2327\">\n<p data-start=\"2301\" data-end=\"2327\">Lever- of alvleesklierproblemen<\/p>\n<\/li>\n<li data-start=\"2328\" data-end=\"2345\">\n<p data-start=\"2330\" data-end=\"2345\">Nierproblemen<\/p>\n<\/li>\n<li data-start=\"2346\" data-end=\"2370\">\n<p data-start=\"2348\" data-end=\"2370\">Hartaanval of beroerte<\/p>\n<\/li>\n<li data-start=\"2371\" data-end=\"2463\">\n<p data-start=\"2373\" data-end=\"2463\">Bij mannen: erectieproblemen, verminderd of soms verhoogd libido, borstvergroting<\/p>\n<\/li>\n<li data-start=\"2464\" data-end=\"2493\">\n<p data-start=\"2466\" data-end=\"2493\">Ontsteking van de urinebuis<\/p>\n<\/li>\n<li data-start=\"2494\" data-end=\"2522\">\n<p data-start=\"2496\" data-end=\"2522\">Overgevoeligheidsreacties<\/p>\n<\/li>\n<\/ul>\n<hr data-start=\"2524\" data-end=\"2527\">\n<p data-start=\"2529\" data-end=\"2567\"><strong data-start=\"2529\" data-end=\"2567\">Gebruiksaanwijzing voor Roaccutane:<\/strong><\/p>\n<ul data-start=\"2569\" data-end=\"2867\">\n<li data-start=\"2569\" data-end=\"2636\">\n<p data-start=\"2571\" data-end=\"2636\">Neem capsules tijdens of direct na een maaltijd in voor betere opname.<\/p>\n<\/li>\n<li data-start=\"2637\" data-end=\"2867\">\n<p data-start=\"2639\" data-end=\"2661\">Behandelingsduur:<\/p>\n<ul data-start=\"2664\" data-end=\"2867\">\n<li data-start=\"2664\" data-end=\"2831\">\n<p data-start=\"2666\" data-end=\"2831\">Acne: meestal 4 tot 6 maanden; als een tweede kuur nodig is, wacht dan 2 maanden voordat je opnieuw begint. Acne kan tot 2 maanden na het stoppen van de behandeling blijven verbeteren. <\/p>\n<\/li>\n<li data-start=\"2834\" data-end=\"2867\">\n<p data-start=\"2836\" data-end=\"2867\">Rosacea: meestal 3 tot 4 maanden.<\/p>\n<\/li>\n<\/ul>\n<\/li>\n<\/ul>\n","protected":false},"excerpt":{"rendered":"<p>Isotretino\u00efne helpt bij het verminderen van puistjes (acne) en bultjes. Het wordt gebruikt bij ernstige acne en ernstige rosacea. Initi\u00eble verergering: Acne kan in de eerste weken verergeren; dit is normaal. Effectiviteit: Na enkele weken merk je meestal of het werkt. Duur: De behandeling van acne duurt meestal 4 tot 6 maanden. Als een tweede &#8230; <a title=\"Roaccutane 10x20mg\" class=\"read-more\" href=\"https:\/\/www.gainmode.to\/nl\/product\/roaccutane-10x20mg\/\" aria-label=\"Lees meer over Roaccutane 10x20mg\">Lees verder<\/a><\/p>\n","protected":false},"featured_media":479,"comment_status":"open","ping_status":"closed","template":"","meta":[],"product_brand":[],"product_cat":[1760],"product_tag":[2133,2134,2142,2140,2138,2131,2128,2129,2136],"class_list":{"0":"post-2248","1":"product","2":"type-product","3":"status-publish","4":"has-post-thumbnail","6":"product_cat-apotheek","7":"product_tag-acnebehandeling","8":"product_tag-acnemedicatie","9":"product_tag-acnemedicijn-op-recept","10":"product_tag-acneoplossing","11":"product_tag-huidverzorging","12":"product_tag-isotretinoine","13":"product_tag-roaccutane-nl","14":"product_tag-roaccutane-10x20mg-nl","15":"product_tag-roaccutane-capsules-nl","17":"first","18":"instock","19":"shipping-taxable","20":"purchasable","21":"product-type-simple"},"_links":{"self":[{"href":"https:\/\/www.gainmode.to\/nl\/wp-json\/wp\/v2\/product\/2248","targetHints":{"allow":["GET"]}}],"collection":[{"href":"https:\/\/www.gainmode.to\/nl\/wp-json\/wp\/v2\/product"}],"about":[{"href":"https:\/\/www.gainmode.to\/nl\/wp-json\/wp\/v2\/types\/product"}],"replies":[{"embeddable":true,"href":"https:\/\/www.gainmode.to\/nl\/wp-json\/wp\/v2\/comments?post=2248"}],"wp:featuredmedia":[{"embeddable":true,"href":"https:\/\/www.gainmode.to\/nl\/wp-json\/wp\/v2\/media\/479"}],"wp:attachment":[{"href":"https:\/\/www.gainmode.to\/nl\/wp-json\/wp\/v2\/media?parent=2248"}],"wp:term":[{"taxonomy":"product_brand","embeddable":true,"href":"https:\/\/www.gainmode.to\/nl\/wp-json\/wp\/v2\/product_brand?post=2248"},{"taxonomy":"product_cat","embeddable":true,"href":"https:\/\/www.gainmode.to\/nl\/wp-json\/wp\/v2\/product_cat?post=2248"},{"taxonomy":"product_tag","embeddable":true,"href":"https:\/\/www.gainmode.to\/nl\/wp-json\/wp\/v2\/product_tag?post=2248"}],"curies":[{"name":"wp","href":"https:\/\/api.w.org\/{rel}","templated":true}]}}