{"id":2540,"date":"2025-06-26T18:45:33","date_gmt":"2025-06-26T18:45:33","guid":{"rendered":"https:\/\/www.gainmode.to\/product\/ment-acetaat-prime-100mg-ml\/"},"modified":"2025-06-26T18:45:33","modified_gmt":"2025-06-26T18:45:33","slug":"ment-acetaat-prime-100mg-ml","status":"publish","type":"product","link":"https:\/\/www.gainmode.to\/nl\/product\/ment-acetaat-prime-100mg-ml\/","title":{"rendered":"Ment acetaat prime 100mg\/ml"},"content":{"rendered":"<p data-start=\"90\" data-end=\"439\"><strong data-start=\"90\" data-end=\"120\">MENT trestolone Ace bestellen?<\/strong><br data-start=\"120\" data-end=\"123\">Bent u op zoek naar de krachtigste anabole stero\u00efde die op de markt verkrijgbaar is? Deze stero\u00efde kan worden gezien als de superieure versie van Nandrolon (Deca), maar werkt nog sterker op het verhogen van kracht, spiergroei en libido. Deze anabole stero\u00efde is injecteerbaar en verkrijgbaar van het merk Prime Pharmaceuticals.  <\/p>\n<p data-start=\"441\" data-end=\"470\"><strong data-start=\"441\" data-end=\"470\">Trestolone Acetaat \u201cMENT\u201d<\/strong><\/p>\n<p data-start=\"472\" data-end=\"1012\">MENT, ook wel trestolone acetaat genoemd, wordt momenteel beschouwd als de sterkste \u201cbulk\u201d stero\u00efde onder anabole stero\u00efden. Ment behoort tot de 19-nor stero\u00efdenklasse, waartoe ook Deca en Trenbolone behoren. In tegenstelling tot Deca of Trenbolone krijg je bij Ment echter niet de zogenaamde \u201cdeca of tren dick\u201d bijwerkingen. Zelfs zonder testosteron zal deze stof je libido enorm verhogen, aangezien Ment de enige stero\u00efde is die niet afhankelijk is van testosteron. Zorg ervoor dat je een kwalitatief hoogwaardig product kiest bij het kopen van trestolone, aangezien het een dure grondstof is.    <\/p>\n<p data-start=\"1014\" data-end=\"1236\">Ment bindt nauwelijks aan het SHBG-hormoon en zet niet om in DHT. Dit betekent geen DHT-gerelateerde bijwerkingen zoals mogelijke prostaatvergroting of haaruitval. Dit is zeer positief voor mensen die genetisch vatbaar zijn voor haaruitval.  <\/p>\n<p data-start=\"1238\" data-end=\"1261\"><strong data-start=\"1238\" data-end=\"1261\">Wat is de dosering?<\/strong><\/p>\n<p data-start=\"1263\" data-end=\"1362\">We raden aan om om de dag 25 tot 50 mg te gebruiken, gecombineerd met maximaal 250-300 mg testosteron.<\/p>\n<p data-start=\"1364\" data-end=\"1428\"><strong data-start=\"1364\" data-end=\"1428\">Moet ik een aromataseremmers gebruiken bij Trestolone Acetaat?<\/strong><\/p>\n<p data-start=\"1430\" data-end=\"1589\">Ment aromatiseert meer dan testosteron en bijvoorbeeld Deca, dus het wordt sterk aanbevolen om aromatase onder controle te houden met een van de volgende opties:<\/p>\n<ul data-start=\"1591\" data-end=\"1630\">\n<li data-start=\"1591\" data-end=\"1603\">\n<p data-start=\"1593\" data-end=\"1603\">Aromasin<\/p>\n<\/li>\n<li data-start=\"1604\" data-end=\"1616\">\n<p data-start=\"1606\" data-end=\"1616\">Arimidex<\/p>\n<\/li>\n<li data-start=\"1617\" data-end=\"1630\">\n<p data-start=\"1619\" data-end=\"1630\">Letrozole<\/p>\n<\/li>\n<\/ul>\n<p data-start=\"1632\" data-end=\"2124\">Omdat deze stof extreem aromatiseert, zul je extreme massatoename ervaren. Dit is natuurlijk zeer positief, maar te veel oestrogeen kan ook bijwerkingen veroorzaken zoals overmatige vochtretentie, gynecomastie, verhoogde bloeddruk en verhoogde vetopslag. Dit zijn effecten die je zeker wilt vermijden, dus je moet je oestrogeenniveaus in balans houden. Wees echter voorzichtig om oestrogeen ook niet te veel te blokkeren, want dat veroorzaakt ook bijwerkingen. Oestrogeen moet precies goed in balans zijn.    <\/p>\n","protected":false},"excerpt":{"rendered":"<p>MENT trestolone Ace bestellen?Bent u op zoek naar de krachtigste anabole stero\u00efde die op de markt verkrijgbaar is? Deze stero\u00efde kan worden gezien als de superieure versie van Nandrolon (Deca), maar werkt nog sterker op het verhogen van kracht, spiergroei en libido. Deze anabole stero\u00efde is injecteerbaar en verkrijgbaar van het merk Prime Pharmaceuticals. Trestolone &#8230; <a title=\"Ment acetaat prime 100mg\/ml\" class=\"read-more\" href=\"https:\/\/www.gainmode.to\/nl\/product\/ment-acetaat-prime-100mg-ml\/\" aria-label=\"Lees meer over Ment acetaat prime 100mg\/ml\">Lees verder<\/a><\/p>\n","protected":false},"featured_media":513,"comment_status":"open","ping_status":"closed","template":"","meta":[],"product_brand":[80],"product_cat":[1111,4539],"product_tag":[1118,4549,4547,1115,4540,4543,1132,4551,2383,4545],"class_list":{"0":"post-2540","1":"product","2":"type-product","3":"status-publish","4":"has-post-thumbnail","6":"product_brand-prime-pharma","7":"product_cat-injecties","8":"product_cat-ment-acetaat","9":"product_tag-bodybuilding-steroide","10":"product_tag-droge-spierwinst-nl","11":"product_tag-injecteerbare-trestolone","12":"product_tag-krachtverbetering","13":"product_tag-ment-acetaat","14":"product_tag-ment-acetaat-100-mg-ml","15":"product_tag-prime-pharma-nl","16":"product_tag-prime-pharma-ment-nl","17":"product_tag-spiermassa-nl","18":"product_tag-trestolone-acetaat","20":"first","21":"instock","22":"shipping-taxable","23":"purchasable","24":"product-type-simple"},"_links":{"self":[{"href":"https:\/\/www.gainmode.to\/nl\/wp-json\/wp\/v2\/product\/2540","targetHints":{"allow":["GET"]}}],"collection":[{"href":"https:\/\/www.gainmode.to\/nl\/wp-json\/wp\/v2\/product"}],"about":[{"href":"https:\/\/www.gainmode.to\/nl\/wp-json\/wp\/v2\/types\/product"}],"replies":[{"embeddable":true,"href":"https:\/\/www.gainmode.to\/nl\/wp-json\/wp\/v2\/comments?post=2540"}],"wp:featuredmedia":[{"embeddable":true,"href":"https:\/\/www.gainmode.to\/nl\/wp-json\/wp\/v2\/media\/513"}],"wp:attachment":[{"href":"https:\/\/www.gainmode.to\/nl\/wp-json\/wp\/v2\/media?parent=2540"}],"wp:term":[{"taxonomy":"product_brand","embeddable":true,"href":"https:\/\/www.gainmode.to\/nl\/wp-json\/wp\/v2\/product_brand?post=2540"},{"taxonomy":"product_cat","embeddable":true,"href":"https:\/\/www.gainmode.to\/nl\/wp-json\/wp\/v2\/product_cat?post=2540"},{"taxonomy":"product_tag","embeddable":true,"href":"https:\/\/www.gainmode.to\/nl\/wp-json\/wp\/v2\/product_tag?post=2540"}],"curies":[{"name":"wp","href":"https:\/\/api.w.org\/{rel}","templated":true}]}}